{"id":26377,"date":"2022-01-23T22:46:17","date_gmt":"2022-01-23T21:46:17","guid":{"rendered":"https:\/\/www.hml-fetish.de\/shop\/collier-etrangleur\/"},"modified":"2022-01-23T22:46:17","modified_gmt":"2022-01-23T21:46:17","slug":"collier-etrangleur","status":"publish","type":"product","link":"https:\/\/www.hml-fetish.de\/shop\/fr\/collier-etrangleur\/","title":{"rendered":"Collier \u00e9trangleur"},"content":{"rendered":"<p><P>Normalement port\u00e9 par des chiens en manque de discipline. Enfin &#8211; cette version particuli\u00e8rement grande est parfaite pour tout cl\u00e9bard en besoin de dressage. R\u00e9glable. Les maillons de la cha\u00eene peuvent \u00eatre retir\u00e9s.<\/P><\/p>\n","protected":false},"excerpt":{"rendered":"<h4>Collier \u00e9trangleur<\/h4>\n<p><P>Normalement port\u00e9 par des chiens en manque de discipline. Enfin &#8211; cette version particuli\u00e8rement grande est parfaite pour tout cl\u00e9bard en besoin de dressage. R\u00e9glable. Les maillons de la cha\u00eene peuvent \u00eatre retir\u00e9s.<\/P><\/p>\n","protected":false},"featured_media":26365,"comment_status":"open","ping_status":"closed","template":"","meta":[],"product_brand":[],"product_cat":[708,712],"product_tag":[],"class_list":{"0":"post-26377","1":"product","2":"type-product","3":"status-publish","4":"has-post-thumbnail","6":"product_cat-colliers","7":"product_cat-pet-play-fr","8":"product_shipping_class-lettre","10":"first","11":"instock","12":"taxable","13":"shipping-taxable","14":"purchasable","15":"product-type-simple"},"_links":{"self":[{"href":"https:\/\/www.hml-fetish.de\/shop\/fr\/wp-json\/wp\/v2\/product\/26377","targetHints":{"allow":["GET"]}}],"collection":[{"href":"https:\/\/www.hml-fetish.de\/shop\/fr\/wp-json\/wp\/v2\/product"}],"about":[{"href":"https:\/\/www.hml-fetish.de\/shop\/fr\/wp-json\/wp\/v2\/types\/product"}],"replies":[{"embeddable":true,"href":"https:\/\/www.hml-fetish.de\/shop\/fr\/wp-json\/wp\/v2\/comments?post=26377"}],"version-history":[{"count":0,"href":"https:\/\/www.hml-fetish.de\/shop\/fr\/wp-json\/wp\/v2\/product\/26377\/revisions"}],"wp:featuredmedia":[{"embeddable":true,"href":"https:\/\/www.hml-fetish.de\/shop\/fr\/wp-json\/wp\/v2\/media\/26365"}],"wp:attachment":[{"href":"https:\/\/www.hml-fetish.de\/shop\/fr\/wp-json\/wp\/v2\/media?parent=26377"}],"wp:term":[{"taxonomy":"product_brand","embeddable":true,"href":"https:\/\/www.hml-fetish.de\/shop\/fr\/wp-json\/wp\/v2\/product_brand?post=26377"},{"taxonomy":"product_cat","embeddable":true,"href":"https:\/\/www.hml-fetish.de\/shop\/fr\/wp-json\/wp\/v2\/product_cat?post=26377"},{"taxonomy":"product_tag","embeddable":true,"href":"https:\/\/www.hml-fetish.de\/shop\/fr\/wp-json\/wp\/v2\/product_tag?post=26377"}],"curies":[{"name":"wp","href":"https:\/\/api.w.org\/{rel}","templated":true}]}}