{"id":26361,"date":"2022-01-23T22:46:17","date_gmt":"2022-01-23T21:46:17","guid":{"rendered":"https:\/\/www.hml-fetish.de\/shop\/laisse-en-cuir-240-cm\/"},"modified":"2022-01-23T22:46:17","modified_gmt":"2022-01-23T21:46:17","slug":"laisse-en-cuir-240-cm","status":"publish","type":"product","link":"https:\/\/www.hml-fetish.de\/shop\/fr\/laisse-en-cuir-240-cm\/","title":{"rendered":"Laisse en cuir 240 cm"},"content":{"rendered":"<p><P>Une laisse de chien solide et indestructible de 240 cm de long et 1,8 cm de large, en cuir de vache noir coup\u00e9. R\u00e9glable avec des boucles \u00e0 anneaux et un lourd mousqueton en acier nickel\u00e9 interchangeable \u00e0 l&#8217;extr\u00e9mit\u00e9. Vendu sans collier.<\/P><\/p>\n","protected":false},"excerpt":{"rendered":"<h4>Laisse en cuir 240 cm<\/h4>\n<p><P>Une laisse de chien solide et indestructible de 240 cm de long et 1,8 cm de large, en cuir de vache noir coup\u00e9. R\u00e9glable avec des boucles \u00e0 anneaux et un lourd mousqueton en acier nickel\u00e9 interchangeable \u00e0 l&#8217;extr\u00e9mit\u00e9. Vendu sans collier.<\/P><\/p>\n","protected":false},"featured_media":26340,"comment_status":"open","ping_status":"closed","template":"","meta":[],"product_brand":[],"product_cat":[690,712],"product_tag":[],"class_list":{"0":"post-26361","1":"product","2":"type-product","3":"status-publish","4":"has-post-thumbnail","6":"product_cat-bondage-fr","7":"product_cat-pet-play-fr","8":"product_shipping_class-lettre","10":"first","11":"instock","12":"taxable","13":"shipping-taxable","14":"purchasable","15":"product-type-simple"},"_links":{"self":[{"href":"https:\/\/www.hml-fetish.de\/shop\/fr\/wp-json\/wp\/v2\/product\/26361","targetHints":{"allow":["GET"]}}],"collection":[{"href":"https:\/\/www.hml-fetish.de\/shop\/fr\/wp-json\/wp\/v2\/product"}],"about":[{"href":"https:\/\/www.hml-fetish.de\/shop\/fr\/wp-json\/wp\/v2\/types\/product"}],"replies":[{"embeddable":true,"href":"https:\/\/www.hml-fetish.de\/shop\/fr\/wp-json\/wp\/v2\/comments?post=26361"}],"version-history":[{"count":0,"href":"https:\/\/www.hml-fetish.de\/shop\/fr\/wp-json\/wp\/v2\/product\/26361\/revisions"}],"wp:featuredmedia":[{"embeddable":true,"href":"https:\/\/www.hml-fetish.de\/shop\/fr\/wp-json\/wp\/v2\/media\/26340"}],"wp:attachment":[{"href":"https:\/\/www.hml-fetish.de\/shop\/fr\/wp-json\/wp\/v2\/media?parent=26361"}],"wp:term":[{"taxonomy":"product_brand","embeddable":true,"href":"https:\/\/www.hml-fetish.de\/shop\/fr\/wp-json\/wp\/v2\/product_brand?post=26361"},{"taxonomy":"product_cat","embeddable":true,"href":"https:\/\/www.hml-fetish.de\/shop\/fr\/wp-json\/wp\/v2\/product_cat?post=26361"},{"taxonomy":"product_tag","embeddable":true,"href":"https:\/\/www.hml-fetish.de\/shop\/fr\/wp-json\/wp\/v2\/product_tag?post=26361"}],"curies":[{"name":"wp","href":"https:\/\/api.w.org\/{rel}","templated":true}]}}