{"id":26308,"date":"2022-01-23T22:46:17","date_gmt":"2022-01-23T21:46:17","guid":{"rendered":"https:\/\/www.hml-fetish.de\/shop\/ceinture-de-bondage-large-en-cuir\/"},"modified":"2022-01-23T22:46:17","modified_gmt":"2022-01-23T21:46:17","slug":"ceinture-de-bondage-large-en-cuir","status":"publish","type":"product","link":"https:\/\/www.hml-fetish.de\/shop\/fr\/ceinture-de-bondage-large-en-cuir\/","title":{"rendered":"Ceinture de bondage large en cuir"},"content":{"rendered":"<p><P>Extra large et extra stable. Cette ceinture ventrale fait ce qu&#8217;elle promet. La ceinture en cuir cousue, durable et large, de 4 cm de largeur, incorpor\u00e9e et durable, ainsi que les lourds anneaux en D soud\u00e9s, peuvent r\u00e9sister \u00e0 beaucoup. La version de 17 cm de large avec deux ceintures peut facilement supporter tout votre poids, mais m\u00eame la version plus \u00e9troite de 11 cm de large avec une ceinture constitue un ancrage id\u00e9al pour le bondage de toutes sortes. Gr\u00e2ce \u00e0 sa doublure en cuir, elle est \u00e9galement le premier choix des personnes allergiques aux m\u00e9taux. Cette ceinture est cousue dans notre atelier \u00e0 Br\u00eame.<br \/>\n<BR><img decoding=\"async\" src=\"\/GIF\/sizefr_belt.gif\" alt=\"tableau des tailles\" title=\"tableau des tailles\" border=\"0\" height=\"196\" width=\"135\"><\/P><\/p>\n","protected":false},"excerpt":{"rendered":"<h4>Ceinture de bondage large en cuir<\/h4>\n<p><P>Extra large et extra stable. Cette ceinture ventrale fait ce qu&#8217;elle promet. La ceinture en cuir cousue, durable et large, de 4 cm de largeur, incorpor\u00e9e et durable, ainsi que les lourds anneaux en D soud\u00e9s, peuvent r\u00e9sister \u00e0 beaucoup. La version de 17 cm de large avec deux ceintures peut facilement supporter tout votre poids, mais m\u00eame la version plus \u00e9troite de 11 cm de large avec une ceinture constitue un ancrage id\u00e9al pour le bondage de toutes sortes.<\/P><\/p>\n","protected":false},"featured_media":26262,"comment_status":"open","ping_status":"closed","template":"","meta":[],"product_brand":[],"product_cat":[599,601,714],"product_tag":[4400],"class_list":{"0":"post-26308","1":"product","2":"type-product","3":"status-publish","4":"has-post-thumbnail","6":"product_cat-attaches-en-cuir","7":"product_cat-ceintures-straps-fr","8":"product_cat-dungeon-fr","9":"product_tag-hml-fetish-original-fr","10":"product_shipping_class-colis-fr","12":"first","13":"instock","14":"taxable","15":"shipping-taxable","16":"purchasable","17":"product-type-variable"},"_links":{"self":[{"href":"https:\/\/www.hml-fetish.de\/shop\/fr\/wp-json\/wp\/v2\/product\/26308","targetHints":{"allow":["GET"]}}],"collection":[{"href":"https:\/\/www.hml-fetish.de\/shop\/fr\/wp-json\/wp\/v2\/product"}],"about":[{"href":"https:\/\/www.hml-fetish.de\/shop\/fr\/wp-json\/wp\/v2\/types\/product"}],"replies":[{"embeddable":true,"href":"https:\/\/www.hml-fetish.de\/shop\/fr\/wp-json\/wp\/v2\/comments?post=26308"}],"version-history":[{"count":0,"href":"https:\/\/www.hml-fetish.de\/shop\/fr\/wp-json\/wp\/v2\/product\/26308\/revisions"}],"wp:featuredmedia":[{"embeddable":true,"href":"https:\/\/www.hml-fetish.de\/shop\/fr\/wp-json\/wp\/v2\/media\/26262"}],"wp:attachment":[{"href":"https:\/\/www.hml-fetish.de\/shop\/fr\/wp-json\/wp\/v2\/media?parent=26308"}],"wp:term":[{"taxonomy":"product_brand","embeddable":true,"href":"https:\/\/www.hml-fetish.de\/shop\/fr\/wp-json\/wp\/v2\/product_brand?post=26308"},{"taxonomy":"product_cat","embeddable":true,"href":"https:\/\/www.hml-fetish.de\/shop\/fr\/wp-json\/wp\/v2\/product_cat?post=26308"},{"taxonomy":"product_tag","embeddable":true,"href":"https:\/\/www.hml-fetish.de\/shop\/fr\/wp-json\/wp\/v2\/product_tag?post=26308"}],"curies":[{"name":"wp","href":"https:\/\/api.w.org\/{rel}","templated":true}]}}