{"id":26093,"date":"2022-01-23T22:46:29","date_gmt":"2022-01-23T21:46:29","guid":{"rendered":"https:\/\/www.hml-fetish.de\/shop\/carte-de-voeux-changing-room\/"},"modified":"2022-01-23T22:46:29","modified_gmt":"2022-01-23T21:46:29","slug":"carte-de-voeux-changing-room","status":"publish","type":"product","link":"https:\/\/www.hml-fetish.de\/shop\/fr\/carte-de-voeux-changing-room\/","title":{"rendered":"Carte de v\u0153ux Changing Room"},"content":{"rendered":"<p><P>Carte pliable avec enveloppe, dimensions 105 x 150 mm, dessin\u00e9e en couleur, \u00e9dition Bastille 1987. Cette carte-cadeau est un objet de collection que tu ne trouveras plus gu\u00e8re ailleurs.<\/P><\/p>\n","protected":false},"excerpt":{"rendered":"<h4>Carte de v\u0153ux Changing Room<\/h4>\n<p><P>Carte pliable avec enveloppe, dimensions 105 x 150 mm, dessin\u00e9e en couleur, \u00e9dition Bastille 1987. Cette carte-cadeau est un objet de collection que tu ne trouveras plus gu\u00e8re ailleurs.<\/P><\/p>\n","protected":false},"featured_media":26090,"comment_status":"open","ping_status":"closed","template":"","meta":[],"product_brand":[],"product_cat":[728,718],"product_tag":[],"class_list":{"0":"post-26093","1":"product","2":"type-product","3":"status-publish","4":"has-post-thumbnail","6":"product_cat-adultes","7":"product_cat-cartes","8":"product_shipping_class-majeur-fr","10":"first","11":"instock","12":"taxable","13":"shipping-taxable","14":"purchasable","15":"product-type-simple"},"_links":{"self":[{"href":"https:\/\/www.hml-fetish.de\/shop\/fr\/wp-json\/wp\/v2\/product\/26093","targetHints":{"allow":["GET"]}}],"collection":[{"href":"https:\/\/www.hml-fetish.de\/shop\/fr\/wp-json\/wp\/v2\/product"}],"about":[{"href":"https:\/\/www.hml-fetish.de\/shop\/fr\/wp-json\/wp\/v2\/types\/product"}],"replies":[{"embeddable":true,"href":"https:\/\/www.hml-fetish.de\/shop\/fr\/wp-json\/wp\/v2\/comments?post=26093"}],"version-history":[{"count":0,"href":"https:\/\/www.hml-fetish.de\/shop\/fr\/wp-json\/wp\/v2\/product\/26093\/revisions"}],"wp:featuredmedia":[{"embeddable":true,"href":"https:\/\/www.hml-fetish.de\/shop\/fr\/wp-json\/wp\/v2\/media\/26090"}],"wp:attachment":[{"href":"https:\/\/www.hml-fetish.de\/shop\/fr\/wp-json\/wp\/v2\/media?parent=26093"}],"wp:term":[{"taxonomy":"product_brand","embeddable":true,"href":"https:\/\/www.hml-fetish.de\/shop\/fr\/wp-json\/wp\/v2\/product_brand?post=26093"},{"taxonomy":"product_cat","embeddable":true,"href":"https:\/\/www.hml-fetish.de\/shop\/fr\/wp-json\/wp\/v2\/product_cat?post=26093"},{"taxonomy":"product_tag","embeddable":true,"href":"https:\/\/www.hml-fetish.de\/shop\/fr\/wp-json\/wp\/v2\/product_tag?post=26093"}],"curies":[{"name":"wp","href":"https:\/\/api.w.org\/{rel}","templated":true}]}}