{"id":25999,"date":"2022-01-23T22:46:33","date_gmt":"2022-01-23T21:46:33","guid":{"rendered":"https:\/\/www.hml-fetish.de\/shop\/insigne-police-chevrons\/"},"modified":"2022-01-23T22:46:33","modified_gmt":"2022-01-23T21:46:33","slug":"insigne-police-chevrons","status":"publish","type":"product","link":"https:\/\/www.hml-fetish.de\/shop\/fr\/insigne-police-chevrons\/","title":{"rendered":"Insigne Police: Chevrons"},"content":{"rendered":"<p><P>Insignes de rang pour les manches de ta chemise de police. Ecussons brod\u00e9s d&#8217;environ 9 cm de large. Import\u00e9s des Etats-Unis. Une paire de chaque. Avec deux angles pour le caporal (ou l&#8217;officier III pour le LAPD) ou trois angles pour le sergent (LAPD Sgt. I). Disponible en trois couleurs : Jaune dor\u00e9 (pour SFPD), bleu avec bordure jaune (pour CHP) et gris argent\u00e9 (LAPD).<br \/>\n<BR><B>Toutes les insignes sont des repliques. Pourtant, elles ne dovent pas \u00eatre port\u00e9es en public. Elles ne sont vendues qu&#8217;\u00e0 titre d&#8217;objets de collection!<\/B><\/P><\/p>\n","protected":false},"excerpt":{"rendered":"<h4>Insigne Police: Chevrons<\/h4>\n<p><P>Insignes de rang pour les manches de ta chemise de police. Ecussons brod\u00e9s d&#8217;environ 9 cm de large. Import\u00e9s des Etats-Unis. Une paire de chaque.<\/P><\/p>\n","protected":false},"featured_media":25951,"comment_status":"open","ping_status":"closed","template":"","meta":[],"product_brand":[],"product_cat":[648],"product_tag":[],"class_list":{"0":"post-25999","1":"product","2":"type-product","3":"status-publish","4":"has-post-thumbnail","6":"product_cat-emblemes","7":"product_shipping_class-lettre","9":"first","10":"instock","11":"taxable","12":"shipping-taxable","13":"purchasable","14":"product-type-variable"},"_links":{"self":[{"href":"https:\/\/www.hml-fetish.de\/shop\/fr\/wp-json\/wp\/v2\/product\/25999","targetHints":{"allow":["GET"]}}],"collection":[{"href":"https:\/\/www.hml-fetish.de\/shop\/fr\/wp-json\/wp\/v2\/product"}],"about":[{"href":"https:\/\/www.hml-fetish.de\/shop\/fr\/wp-json\/wp\/v2\/types\/product"}],"replies":[{"embeddable":true,"href":"https:\/\/www.hml-fetish.de\/shop\/fr\/wp-json\/wp\/v2\/comments?post=25999"}],"version-history":[{"count":0,"href":"https:\/\/www.hml-fetish.de\/shop\/fr\/wp-json\/wp\/v2\/product\/25999\/revisions"}],"wp:featuredmedia":[{"embeddable":true,"href":"https:\/\/www.hml-fetish.de\/shop\/fr\/wp-json\/wp\/v2\/media\/25951"}],"wp:attachment":[{"href":"https:\/\/www.hml-fetish.de\/shop\/fr\/wp-json\/wp\/v2\/media?parent=25999"}],"wp:term":[{"taxonomy":"product_brand","embeddable":true,"href":"https:\/\/www.hml-fetish.de\/shop\/fr\/wp-json\/wp\/v2\/product_brand?post=25999"},{"taxonomy":"product_cat","embeddable":true,"href":"https:\/\/www.hml-fetish.de\/shop\/fr\/wp-json\/wp\/v2\/product_cat?post=25999"},{"taxonomy":"product_tag","embeddable":true,"href":"https:\/\/www.hml-fetish.de\/shop\/fr\/wp-json\/wp\/v2\/product_tag?post=25999"}],"curies":[{"name":"wp","href":"https:\/\/api.w.org\/{rel}","templated":true}]}}