{"id":25870,"date":"2022-01-23T22:46:35","date_gmt":"2022-01-23T21:46:35","guid":{"rendered":"https:\/\/www.hml-fetish.de\/shop\/butt-plug-48-mm-fr\/"},"modified":"2022-01-23T22:46:35","modified_gmt":"2022-01-23T21:46:35","slug":"butt-plug-48-mm-fr","status":"publish","type":"product","link":"https:\/\/www.hml-fetish.de\/shop\/fr\/butt-plug-48-mm-fr\/","title":{"rendered":"Butt-Plug 48 mm"},"content":{"rendered":"<p><P>Un plug ovale en vinyle. Il faut toujours y aller doucement, car il a d\u00e9j\u00e0 un diam\u00e8tre de 48 mm ! Mais il est rarement &#8220;aval\u00e9&#8221;. La longueur totale de ce gros truc est d&#8217;environ 110 mm, donc assez court pour y rester un peu plus longtemps.<\/P><\/p>\n","protected":false},"excerpt":{"rendered":"<h4>Butt-Plug 48 mm<\/h4>\n<p><P>Un plug ovale en vinyle. Il faut toujours y aller doucement, car il a d\u00e9j\u00e0 un diam\u00e8tre de 48 mm ! Mais il est rarement &#8220;aval\u00e9&#8221;. La longueur totale de ce gros truc est d&#8217;environ 110 mm, donc assez court pour y rester un peu plus longtemps.<\/P><\/p>\n","protected":false},"featured_media":25854,"comment_status":"open","ping_status":"closed","template":"","meta":[],"product_brand":[],"product_cat":[686,139],"product_tag":[],"class_list":{"0":"post-25870","1":"product","2":"type-product","3":"status-publish","4":"has-post-thumbnail","6":"product_cat-plugs-fr","7":"product_cat-plugs","8":"product_shipping_class-colis-fr","9":"product_shipping_class-paket","11":"first","12":"instock","13":"taxable","14":"shipping-taxable","15":"purchasable","16":"product-type-simple"},"_links":{"self":[{"href":"https:\/\/www.hml-fetish.de\/shop\/fr\/wp-json\/wp\/v2\/product\/25870","targetHints":{"allow":["GET"]}}],"collection":[{"href":"https:\/\/www.hml-fetish.de\/shop\/fr\/wp-json\/wp\/v2\/product"}],"about":[{"href":"https:\/\/www.hml-fetish.de\/shop\/fr\/wp-json\/wp\/v2\/types\/product"}],"replies":[{"embeddable":true,"href":"https:\/\/www.hml-fetish.de\/shop\/fr\/wp-json\/wp\/v2\/comments?post=25870"}],"version-history":[{"count":0,"href":"https:\/\/www.hml-fetish.de\/shop\/fr\/wp-json\/wp\/v2\/product\/25870\/revisions"}],"wp:featuredmedia":[{"embeddable":true,"href":"https:\/\/www.hml-fetish.de\/shop\/fr\/wp-json\/wp\/v2\/media\/25854"}],"wp:attachment":[{"href":"https:\/\/www.hml-fetish.de\/shop\/fr\/wp-json\/wp\/v2\/media?parent=25870"}],"wp:term":[{"taxonomy":"product_brand","embeddable":true,"href":"https:\/\/www.hml-fetish.de\/shop\/fr\/wp-json\/wp\/v2\/product_brand?post=25870"},{"taxonomy":"product_cat","embeddable":true,"href":"https:\/\/www.hml-fetish.de\/shop\/fr\/wp-json\/wp\/v2\/product_cat?post=25870"},{"taxonomy":"product_tag","embeddable":true,"href":"https:\/\/www.hml-fetish.de\/shop\/fr\/wp-json\/wp\/v2\/product_tag?post=25870"}],"curies":[{"name":"wp","href":"https:\/\/api.w.org\/{rel}","templated":true}]}}