{"id":25838,"date":"2022-01-23T22:46:35","date_gmt":"2022-01-23T21:46:35","guid":{"rendered":"https:\/\/www.hml-fetish.de\/shop\/plug-a-trois-52-mm\/"},"modified":"2022-01-23T22:46:35","modified_gmt":"2022-01-23T21:46:35","slug":"plug-a-trois-52-mm","status":"publish","type":"product","link":"https:\/\/www.hml-fetish.de\/shop\/fr\/plug-a-trois-52-mm\/","title":{"rendered":"Plug \u00e0 trois 52 mm"},"content":{"rendered":"<p><P>Tu vas l&#8217;adorer : Ce plug de vinyle fait trois &#8220;plop&#8221;. Fabriqu\u00e9 dans un mat\u00e9riau r\u00e9sistant, il a un diam\u00e8tre croissant de 41 mm, 45 mm et 52 mm. Environ 170 mm de long au total. Avec une petite ventouse \u00e0 la base et sa forme de queue, ce plug est aussi esth\u00e9tique que gratifiant \u00e0 utiliser. C&#8217;est un best-seller.<\/P><\/p>\n","protected":false},"excerpt":{"rendered":"<h4>Plug \u00e0 trois 52 mm<\/h4>\n<p><P>Tu vas l&#8217;adorer : Ce plug en vinyle fait trois &#8220;plop&#8221;. Fabriqu\u00e9 dans un mat\u00e9riau r\u00e9sistant, il a un diam\u00e8tre croissant de 41 mm, 45 mm et 52 mm. Environ 170 mm de long au total. Avec une petite ventouse \u00e0 la base et sa forme de queue, ce plug est aussi esth\u00e9tique que gratifiant \u00e0 utiliser. C&#8217;est un best-seller.<\/P><\/p>\n","protected":false},"featured_media":25830,"comment_status":"open","ping_status":"closed","template":"","meta":[],"product_brand":[],"product_cat":[732,95,686,139],"product_tag":[],"class_list":{"0":"post-25838","1":"product","2":"type-product","3":"status-publish","4":"has-post-thumbnail","6":"product_cat-best-seller","7":"product_cat-bestseller","8":"product_cat-plugs-fr","9":"product_cat-plugs","10":"product_shipping_class-colis-fr","11":"product_shipping_class-paket","13":"first","14":"instock","15":"taxable","16":"shipping-taxable","17":"purchasable","18":"product-type-simple"},"_links":{"self":[{"href":"https:\/\/www.hml-fetish.de\/shop\/fr\/wp-json\/wp\/v2\/product\/25838","targetHints":{"allow":["GET"]}}],"collection":[{"href":"https:\/\/www.hml-fetish.de\/shop\/fr\/wp-json\/wp\/v2\/product"}],"about":[{"href":"https:\/\/www.hml-fetish.de\/shop\/fr\/wp-json\/wp\/v2\/types\/product"}],"replies":[{"embeddable":true,"href":"https:\/\/www.hml-fetish.de\/shop\/fr\/wp-json\/wp\/v2\/comments?post=25838"}],"version-history":[{"count":0,"href":"https:\/\/www.hml-fetish.de\/shop\/fr\/wp-json\/wp\/v2\/product\/25838\/revisions"}],"wp:featuredmedia":[{"embeddable":true,"href":"https:\/\/www.hml-fetish.de\/shop\/fr\/wp-json\/wp\/v2\/media\/25830"}],"wp:attachment":[{"href":"https:\/\/www.hml-fetish.de\/shop\/fr\/wp-json\/wp\/v2\/media?parent=25838"}],"wp:term":[{"taxonomy":"product_brand","embeddable":true,"href":"https:\/\/www.hml-fetish.de\/shop\/fr\/wp-json\/wp\/v2\/product_brand?post=25838"},{"taxonomy":"product_cat","embeddable":true,"href":"https:\/\/www.hml-fetish.de\/shop\/fr\/wp-json\/wp\/v2\/product_cat?post=25838"},{"taxonomy":"product_tag","embeddable":true,"href":"https:\/\/www.hml-fetish.de\/shop\/fr\/wp-json\/wp\/v2\/product_tag?post=25838"}],"curies":[{"name":"wp","href":"https:\/\/api.w.org\/{rel}","templated":true}]}}