{"id":25827,"date":"2022-01-23T22:46:35","date_gmt":"2022-01-23T21:46:35","guid":{"rendered":"https:\/\/www.hml-fetish.de\/shop\/butt-plug-triple-75-mm\/"},"modified":"2022-01-23T22:46:35","modified_gmt":"2022-01-23T21:46:35","slug":"butt-plug-triple-75-mm","status":"publish","type":"product","link":"https:\/\/www.hml-fetish.de\/shop\/fr\/butt-plug-triple-75-mm\/","title":{"rendered":"Butt-plug triple 75 mm"},"content":{"rendered":"<p><P>Notre grand plug \u00e0 trois \u00e9tages de 75 mm de diam\u00e8tre. Il mesure 230 mm de long, plaque de base comprise. Il est bien s\u00fbr noir &#8211; et en vinyle r\u00e9sistant. Play safe with your butt ! Tu devrais toujours mettre un pr\u00e9servatif sur les plugs et les godemich\u00e9s. Tu peux les nettoyer avec de l&#8217;eau chaude et un savon doux.<\/P><\/p>\n","protected":false},"excerpt":{"rendered":"<h4>Butt-plug triple 75 mm<\/h4>\n<p><P>Notre grand plug \u00e0 trois \u00e9tages de 75 mm de diam\u00e8tre. Il mesure 230 mm de long, plaque de base comprise. Il est bien s\u00fbr noir &#8211; et en vinyle r\u00e9sistant. Play safe with your butt !<\/P><\/p>\n","protected":false},"featured_media":25818,"comment_status":"open","ping_status":"closed","template":"","meta":[],"product_brand":[],"product_cat":[686,139],"product_tag":[],"class_list":{"0":"post-25827","1":"product","2":"type-product","3":"status-publish","4":"has-post-thumbnail","6":"product_cat-plugs-fr","7":"product_cat-plugs","8":"product_shipping_class-colis-fr","9":"product_shipping_class-paket","11":"first","12":"instock","13":"taxable","14":"shipping-taxable","15":"purchasable","16":"product-type-simple"},"_links":{"self":[{"href":"https:\/\/www.hml-fetish.de\/shop\/fr\/wp-json\/wp\/v2\/product\/25827","targetHints":{"allow":["GET"]}}],"collection":[{"href":"https:\/\/www.hml-fetish.de\/shop\/fr\/wp-json\/wp\/v2\/product"}],"about":[{"href":"https:\/\/www.hml-fetish.de\/shop\/fr\/wp-json\/wp\/v2\/types\/product"}],"replies":[{"embeddable":true,"href":"https:\/\/www.hml-fetish.de\/shop\/fr\/wp-json\/wp\/v2\/comments?post=25827"}],"version-history":[{"count":0,"href":"https:\/\/www.hml-fetish.de\/shop\/fr\/wp-json\/wp\/v2\/product\/25827\/revisions"}],"wp:featuredmedia":[{"embeddable":true,"href":"https:\/\/www.hml-fetish.de\/shop\/fr\/wp-json\/wp\/v2\/media\/25818"}],"wp:attachment":[{"href":"https:\/\/www.hml-fetish.de\/shop\/fr\/wp-json\/wp\/v2\/media?parent=25827"}],"wp:term":[{"taxonomy":"product_brand","embeddable":true,"href":"https:\/\/www.hml-fetish.de\/shop\/fr\/wp-json\/wp\/v2\/product_brand?post=25827"},{"taxonomy":"product_cat","embeddable":true,"href":"https:\/\/www.hml-fetish.de\/shop\/fr\/wp-json\/wp\/v2\/product_cat?post=25827"},{"taxonomy":"product_tag","embeddable":true,"href":"https:\/\/www.hml-fetish.de\/shop\/fr\/wp-json\/wp\/v2\/product_tag?post=25827"}],"curies":[{"name":"wp","href":"https:\/\/api.w.org\/{rel}","templated":true}]}}