{"id":25679,"date":"2022-01-23T22:46:56","date_gmt":"2022-01-23T21:46:56","guid":{"rendered":"https:\/\/www.hml-fetish.de\/shop\/pump-plug-conique-avec-noyau-dur\/"},"modified":"2023-02-03T16:52:33","modified_gmt":"2023-02-03T15:52:33","slug":"pump-plug-conique-avec-noyau-dur","status":"publish","type":"product","link":"https:\/\/www.hml-fetish.de\/shop\/fr\/pump-plug-conique-avec-noyau-dur\/","title":{"rendered":"Pump-Plug conique avec noyau dur"},"content":{"rendered":"<p><P>Un butt plug de forme conique \u00e0 gonfler avec un noyau dur. Tr\u00e8s flexible, il est moul\u00e9 en latex de caoutchouc naturel et particuli\u00e8rement facile \u00e0 ins\u00e9rer. Nous avons deux versions en stock pour toi : la plus petite est pompable jusqu&#8217;\u00e0 environ 80 mm (pour une longueur de 130 mm et un diam\u00e8tre minimal d&#8217;environ 40 mm). Le plug plus grand a un diam\u00e8tre minimal d&#8217;environ 60 mm et peut \u00eatre pomp\u00e9 jusqu&#8217;\u00e0 un diam\u00e8tre d&#8217;environ 100 mm. Avec ces plugs, tu peux t&#8217;entra\u00eener pour les prochaines olympiades de fist. Reste toujours d\u00e9contract\u00e9!<\/P><\/p>\n","protected":false},"excerpt":{"rendered":"<h4>Pump-Plug conique avec noyau dur<\/h4>\n<p><P>Un butt plug de forme conique \u00e0 gonfler avec un noyau dur. Tr\u00e8s flexible, il est moul\u00e9 en latex de caoutchouc naturel et particuli\u00e8rement facile \u00e0 ins\u00e9rer. Nous avons deux versions en stock pour toi : la plus petite est pompable jusqu&#8217;\u00e0 environ 80 mm (pour une longueur de 130 mm et un diam\u00e8tre minimal d&#8217;environ 40 mm). Le plug plus grand a un diam\u00e8tre minimal d&#8217;environ 60 mm et peut \u00eatre pomp\u00e9 jusqu&#8217;\u00e0 un diam\u00e8tre d&#8217;environ 100 mm. Avec ces plugs, tu peux t&#8217;entra\u00eener pour les prochaines olympiades de fist. Reste toujours d\u00e9contract\u00e9!<\/P><\/p>\n","protected":false},"featured_media":25658,"comment_status":"open","ping_status":"closed","template":"","meta":[],"product_brand":[],"product_cat":[686],"product_tag":[],"class_list":{"0":"post-25679","1":"product","2":"type-product","3":"status-publish","4":"has-post-thumbnail","6":"product_cat-plugs-fr","7":"product_shipping_class-colis-fr","9":"first","10":"instock","11":"taxable","12":"shipping-taxable","13":"purchasable","14":"product-type-variable"},"_links":{"self":[{"href":"https:\/\/www.hml-fetish.de\/shop\/fr\/wp-json\/wp\/v2\/product\/25679","targetHints":{"allow":["GET"]}}],"collection":[{"href":"https:\/\/www.hml-fetish.de\/shop\/fr\/wp-json\/wp\/v2\/product"}],"about":[{"href":"https:\/\/www.hml-fetish.de\/shop\/fr\/wp-json\/wp\/v2\/types\/product"}],"replies":[{"embeddable":true,"href":"https:\/\/www.hml-fetish.de\/shop\/fr\/wp-json\/wp\/v2\/comments?post=25679"}],"version-history":[{"count":0,"href":"https:\/\/www.hml-fetish.de\/shop\/fr\/wp-json\/wp\/v2\/product\/25679\/revisions"}],"wp:featuredmedia":[{"embeddable":true,"href":"https:\/\/www.hml-fetish.de\/shop\/fr\/wp-json\/wp\/v2\/media\/25658"}],"wp:attachment":[{"href":"https:\/\/www.hml-fetish.de\/shop\/fr\/wp-json\/wp\/v2\/media?parent=25679"}],"wp:term":[{"taxonomy":"product_brand","embeddable":true,"href":"https:\/\/www.hml-fetish.de\/shop\/fr\/wp-json\/wp\/v2\/product_brand?post=25679"},{"taxonomy":"product_cat","embeddable":true,"href":"https:\/\/www.hml-fetish.de\/shop\/fr\/wp-json\/wp\/v2\/product_cat?post=25679"},{"taxonomy":"product_tag","embeddable":true,"href":"https:\/\/www.hml-fetish.de\/shop\/fr\/wp-json\/wp\/v2\/product_tag?post=25679"}],"curies":[{"name":"wp","href":"https:\/\/api.w.org\/{rel}","templated":true}]}}