{"id":25637,"date":"2022-01-23T22:46:56","date_gmt":"2022-01-23T21:46:56","guid":{"rendered":"https:\/\/www.hml-fetish.de\/shop\/sonde-hegar\/"},"modified":"2022-01-23T22:46:56","modified_gmt":"2022-01-23T21:46:56","slug":"sonde-hegar","status":"publish","type":"product","link":"https:\/\/www.hml-fetish.de\/shop\/fr\/sonde-hegar\/","title":{"rendered":"Sonde Hegar"},"content":{"rendered":"<p><P>Outils m\u00e9dicaux sp\u00e9ciaux : dilatateurs \u00e0 pointe conique et arrondie. Maintenant en stock dans de nombreux diam\u00e8tres diff\u00e9rents. Massifs en acier inox, st\u00e9rilisables et tr\u00e8s utiles pour attirer ton attention sur le seul endroit qui compte parfois.<\/P><\/p>\n","protected":false},"excerpt":{"rendered":"<h4>Sonde Hegar<\/h4>\n<p><P>Outils m\u00e9dicaux sp\u00e9ciaux : dilatateurs \u00e0 pointe conique et arrondie. Maintenant en stock dans de nombreux diam\u00e8tres diff\u00e9rents. Massifs en acier inox, st\u00e9rilisables et tr\u00e8s utiles pour attirer ton attention sur le seul endroit qui compte parfois.<\/P><\/p>\n","protected":false},"featured_media":25618,"comment_status":"open","ping_status":"closed","template":"","meta":[],"product_brand":[],"product_cat":[697,694],"product_tag":[],"class_list":{"0":"post-25637","1":"product","2":"type-product","3":"status-publish","4":"has-post-thumbnail","6":"product_cat-cbt-fr","7":"product_cat-medical","8":"product_shipping_class-lettre","10":"first","11":"instock","12":"taxable","13":"shipping-taxable","14":"purchasable","15":"product-type-variable"},"_links":{"self":[{"href":"https:\/\/www.hml-fetish.de\/shop\/fr\/wp-json\/wp\/v2\/product\/25637","targetHints":{"allow":["GET"]}}],"collection":[{"href":"https:\/\/www.hml-fetish.de\/shop\/fr\/wp-json\/wp\/v2\/product"}],"about":[{"href":"https:\/\/www.hml-fetish.de\/shop\/fr\/wp-json\/wp\/v2\/types\/product"}],"replies":[{"embeddable":true,"href":"https:\/\/www.hml-fetish.de\/shop\/fr\/wp-json\/wp\/v2\/comments?post=25637"}],"version-history":[{"count":0,"href":"https:\/\/www.hml-fetish.de\/shop\/fr\/wp-json\/wp\/v2\/product\/25637\/revisions"}],"wp:featuredmedia":[{"embeddable":true,"href":"https:\/\/www.hml-fetish.de\/shop\/fr\/wp-json\/wp\/v2\/media\/25618"}],"wp:attachment":[{"href":"https:\/\/www.hml-fetish.de\/shop\/fr\/wp-json\/wp\/v2\/media?parent=25637"}],"wp:term":[{"taxonomy":"product_brand","embeddable":true,"href":"https:\/\/www.hml-fetish.de\/shop\/fr\/wp-json\/wp\/v2\/product_brand?post=25637"},{"taxonomy":"product_cat","embeddable":true,"href":"https:\/\/www.hml-fetish.de\/shop\/fr\/wp-json\/wp\/v2\/product_cat?post=25637"},{"taxonomy":"product_tag","embeddable":true,"href":"https:\/\/www.hml-fetish.de\/shop\/fr\/wp-json\/wp\/v2\/product_tag?post=25637"}],"curies":[{"name":"wp","href":"https:\/\/api.w.org\/{rel}","templated":true}]}}