{"id":25595,"date":"2022-01-23T22:46:57","date_gmt":"2022-01-23T21:46:57","guid":{"rendered":"https:\/\/www.hml-fetish.de\/shop\/sonde-8-mm-x-80-mm\/"},"modified":"2022-01-23T22:46:57","modified_gmt":"2022-01-23T21:46:57","slug":"sonde-8-mm-x-80-mm","status":"publish","type":"product","link":"https:\/\/www.hml-fetish.de\/shop\/fr\/sonde-8-mm-x-80-mm\/","title":{"rendered":"Sonde 8 mm x 80 mm"},"content":{"rendered":"<p><P>Un ur\u00e8tre qui sonne sans un trou int\u00e9rieur pour pisser. Aluminium.<br \/>\n<BR><I>HML Fetish n&#8217;est pas propri\u00e9taire de cette marchandise. Par cons\u00e9quent, nous n&#8217;acceptons aucune responsabilit\u00e9 pour des quelconques dommages et ne donnons aucune garantie. Le prix en est fix\u00e9 par le propri\u00e9taire dont nous vous communiquerons l&#8217;adresse en tout cas de contentieux qui lui devra \u00eatre adress\u00e9. S&#8217;agissant d&#8217;une vente de particulier \u00e0 particulier en commission, les prix sont nets HT.<\/I><\/P><\/p>\n","protected":false},"excerpt":{"rendered":"<h4>Sonde 8 mm x 80 mm<\/h4>\n<p><P>Un ur\u00e8tre qui sonne sans un trou int\u00e9rieur pour pisser. Aluminium.<\/P><\/p>\n","protected":false},"featured_media":25587,"comment_status":"open","ping_status":"closed","template":"","meta":[],"product_brand":[],"product_cat":[697,130,103,740],"product_tag":[],"class_list":{"0":"post-25595","1":"product","2":"type-product","3":"status-publish","4":"has-post-thumbnail","6":"product_cat-cbt-fr","7":"product_cat-cbt","8":"product_cat-online-flohmarkt","9":"product_cat-puces-en-ligne","10":"product_shipping_class-colis-fr","11":"product_shipping_class-paket","13":"first","14":"instock","15":"taxable","16":"shipping-taxable","17":"purchasable","18":"product-type-simple"},"_links":{"self":[{"href":"https:\/\/www.hml-fetish.de\/shop\/fr\/wp-json\/wp\/v2\/product\/25595","targetHints":{"allow":["GET"]}}],"collection":[{"href":"https:\/\/www.hml-fetish.de\/shop\/fr\/wp-json\/wp\/v2\/product"}],"about":[{"href":"https:\/\/www.hml-fetish.de\/shop\/fr\/wp-json\/wp\/v2\/types\/product"}],"replies":[{"embeddable":true,"href":"https:\/\/www.hml-fetish.de\/shop\/fr\/wp-json\/wp\/v2\/comments?post=25595"}],"version-history":[{"count":0,"href":"https:\/\/www.hml-fetish.de\/shop\/fr\/wp-json\/wp\/v2\/product\/25595\/revisions"}],"wp:featuredmedia":[{"embeddable":true,"href":"https:\/\/www.hml-fetish.de\/shop\/fr\/wp-json\/wp\/v2\/media\/25587"}],"wp:attachment":[{"href":"https:\/\/www.hml-fetish.de\/shop\/fr\/wp-json\/wp\/v2\/media?parent=25595"}],"wp:term":[{"taxonomy":"product_brand","embeddable":true,"href":"https:\/\/www.hml-fetish.de\/shop\/fr\/wp-json\/wp\/v2\/product_brand?post=25595"},{"taxonomy":"product_cat","embeddable":true,"href":"https:\/\/www.hml-fetish.de\/shop\/fr\/wp-json\/wp\/v2\/product_cat?post=25595"},{"taxonomy":"product_tag","embeddable":true,"href":"https:\/\/www.hml-fetish.de\/shop\/fr\/wp-json\/wp\/v2\/product_tag?post=25595"}],"curies":[{"name":"wp","href":"https:\/\/api.w.org\/{rel}","templated":true}]}}