{"id":25551,"date":"2022-01-23T22:46:59","date_gmt":"2022-01-23T21:46:59","guid":{"rendered":"https:\/\/www.hml-fetish.de\/shop\/westler\/"},"modified":"2022-01-23T22:46:59","modified_gmt":"2022-01-23T21:46:59","slug":"westler","status":"publish","type":"product","link":"https:\/\/www.hml-fetish.de\/shop\/fr\/westler\/","title":{"rendered":"Westler"},"content":{"rendered":"<p><P>Le film raconte l&#8217;histoire de Felix, un Berlinois de l&#8217;Ouest qui, lors d&#8217;une visite d&#8217;une journ\u00e9e avec une connaissance am\u00e9ricaine, tombe amoureux de Thomas, un Berlinois de l&#8217;Est. Chaque fois, Felix doit rentrer en RFA peu avant minuit et, au bout d&#8217;un certain temps, les gardes-fronti\u00e8res se m\u00e9fient des entr\u00e9es fr\u00e9quentes du jeune homme. Felix et Thomas planifient ensemble la fuite de Thomas de la RDA via Prague. L&#8217;alchimie de l&#8217;Est \u00e0 l&#8217;\u00e9tat pur.<br \/>\n<BR>Dur\u00e9e du film : 94 minutes. FSK16. Format PAL en 4:3 Screen.<\/P><\/p>\n","protected":false},"excerpt":{"rendered":"<h4>Westler<\/h4>\n<p><P>Le film raconte l&#8217;histoire de Felix, un Berlinois de l&#8217;Ouest qui, lors d&#8217;une visite d&#8217;une journ\u00e9e avec une connaissance am\u00e9ricaine, tombe amoureux de Thomas, un Berlinois de l&#8217;Est. Chaque fois, Felix doit rentrer en RFA peu avant minuit et, au bout d&#8217;un certain temps, les gardes-fronti\u00e8res se m\u00e9fient des entr\u00e9es fr\u00e9quentes du jeune homme. Felix et Thomas planifient ensemble la fuite de Thomas de la RDA via Prague. L&#8217;alchimie de l&#8217;Est \u00e0 l&#8217;\u00e9tat pur.<\/P><\/p>\n","protected":false},"featured_media":25547,"comment_status":"open","ping_status":"closed","template":"","meta":[],"product_brand":[],"product_cat":[724,128],"product_tag":[],"class_list":{"0":"post-25551","1":"product","2":"type-product","3":"status-publish","4":"has-post-thumbnail","6":"product_cat-movies-fr","7":"product_cat-spielfilme","8":"product_shipping_class-brief","9":"product_shipping_class-lettre","11":"first","12":"instock","13":"taxable","14":"shipping-taxable","15":"purchasable","16":"product-type-simple"},"_links":{"self":[{"href":"https:\/\/www.hml-fetish.de\/shop\/fr\/wp-json\/wp\/v2\/product\/25551","targetHints":{"allow":["GET"]}}],"collection":[{"href":"https:\/\/www.hml-fetish.de\/shop\/fr\/wp-json\/wp\/v2\/product"}],"about":[{"href":"https:\/\/www.hml-fetish.de\/shop\/fr\/wp-json\/wp\/v2\/types\/product"}],"replies":[{"embeddable":true,"href":"https:\/\/www.hml-fetish.de\/shop\/fr\/wp-json\/wp\/v2\/comments?post=25551"}],"version-history":[{"count":0,"href":"https:\/\/www.hml-fetish.de\/shop\/fr\/wp-json\/wp\/v2\/product\/25551\/revisions"}],"wp:featuredmedia":[{"embeddable":true,"href":"https:\/\/www.hml-fetish.de\/shop\/fr\/wp-json\/wp\/v2\/media\/25547"}],"wp:attachment":[{"href":"https:\/\/www.hml-fetish.de\/shop\/fr\/wp-json\/wp\/v2\/media?parent=25551"}],"wp:term":[{"taxonomy":"product_brand","embeddable":true,"href":"https:\/\/www.hml-fetish.de\/shop\/fr\/wp-json\/wp\/v2\/product_brand?post=25551"},{"taxonomy":"product_cat","embeddable":true,"href":"https:\/\/www.hml-fetish.de\/shop\/fr\/wp-json\/wp\/v2\/product_cat?post=25551"},{"taxonomy":"product_tag","embeddable":true,"href":"https:\/\/www.hml-fetish.de\/shop\/fr\/wp-json\/wp\/v2\/product_tag?post=25551"}],"curies":[{"name":"wp","href":"https:\/\/api.w.org\/{rel}","templated":true}]}}