{"id":25463,"date":"2022-01-23T22:47:00","date_gmt":"2022-01-23T21:47:00","guid":{"rendered":"https:\/\/www.hml-fetish.de\/shop\/collier-didentification\/"},"modified":"2022-01-23T22:47:00","modified_gmt":"2022-01-23T21:47:00","slug":"collier-didentification","status":"publish","type":"product","link":"https:\/\/www.hml-fetish.de\/shop\/fr\/collier-didentification\/","title":{"rendered":"Collier d&#8217;identification"},"content":{"rendered":"<p><P>Les badges d&#8217;identification des GI. Un set de deux tags en aluminium. Blanco (argent\u00e9 ou noir), avec une petite cha\u00eene et des caoutchoucs noirs sur les bords (Silencers). Maintenant aussi en deux versions originales : une plaque avec cha\u00eene, recouverte d&#8217;un c\u00f4t\u00e9 d&#8217;un drapeau Leatherpride et de l&#8217;impression &#8220;slave&#8221; ou &#8220;Sir&#8221;.<\/P><br \/>\n<P>Il est important de savoir pourquoi la deuxi\u00e8me plaque est accroch\u00e9e \u00e0 la premi\u00e8re par un court morceau de cha\u00eene. En effet, si le soldat est mort au champ d&#8217;honneur, ses proches r\u00e9cup\u00e8rent la grande cha\u00eene. Mais la marque sur la cha\u00eene courte vient entourer le gros orteil, afin que l&#8217;on puisse aussi identifier le corps \u00e0 la morgue.<\/P><br \/>\n<P>Tu penses que c&#8217;est de l&#8217;infodump ? Pas nous, car des marques ont d\u00e9j\u00e0 fait l&#8217;objet de r\u00e9clamations, au motif que la cha\u00eene courte ne peut m\u00eame pas \u00eatre utilis\u00e9e comme cockring.<\/P><\/p>\n","protected":false},"excerpt":{"rendered":"<h4>Collier d&#8217;identification<\/h4>\n<p><P>Les badges d&#8217;identification des GI. Un set de deux tags en aluminium. Blanco (argent\u00e9 ou noir), avec une petite cha\u00eene et des caoutchoucs noirs sur les bords (Silencers). Maintenant aussi en deux versions originales : une plaque avec cha\u00eene, recouverte d&#8217;un c\u00f4t\u00e9 d&#8217;un drapeau Leatherpride et de l&#8217;impression &#8220;slave&#8221; ou &#8220;Sir&#8221;.<\/P><\/p>\n","protected":false},"featured_media":25427,"comment_status":"open","ping_status":"closed","template":"","meta":[],"product_brand":[],"product_cat":[634,648],"product_tag":[],"class_list":{"0":"post-25463","1":"product","2":"type-product","3":"status-publish","4":"has-post-thumbnail","6":"product_cat-accessoires-army","7":"product_cat-emblemes","8":"product_shipping_class-lettre","10":"first","11":"instock","12":"taxable","13":"shipping-taxable","14":"purchasable","15":"product-type-variable"},"_links":{"self":[{"href":"https:\/\/www.hml-fetish.de\/shop\/fr\/wp-json\/wp\/v2\/product\/25463","targetHints":{"allow":["GET"]}}],"collection":[{"href":"https:\/\/www.hml-fetish.de\/shop\/fr\/wp-json\/wp\/v2\/product"}],"about":[{"href":"https:\/\/www.hml-fetish.de\/shop\/fr\/wp-json\/wp\/v2\/types\/product"}],"replies":[{"embeddable":true,"href":"https:\/\/www.hml-fetish.de\/shop\/fr\/wp-json\/wp\/v2\/comments?post=25463"}],"version-history":[{"count":0,"href":"https:\/\/www.hml-fetish.de\/shop\/fr\/wp-json\/wp\/v2\/product\/25463\/revisions"}],"wp:featuredmedia":[{"embeddable":true,"href":"https:\/\/www.hml-fetish.de\/shop\/fr\/wp-json\/wp\/v2\/media\/25427"}],"wp:attachment":[{"href":"https:\/\/www.hml-fetish.de\/shop\/fr\/wp-json\/wp\/v2\/media?parent=25463"}],"wp:term":[{"taxonomy":"product_brand","embeddable":true,"href":"https:\/\/www.hml-fetish.de\/shop\/fr\/wp-json\/wp\/v2\/product_brand?post=25463"},{"taxonomy":"product_cat","embeddable":true,"href":"https:\/\/www.hml-fetish.de\/shop\/fr\/wp-json\/wp\/v2\/product_cat?post=25463"},{"taxonomy":"product_tag","embeddable":true,"href":"https:\/\/www.hml-fetish.de\/shop\/fr\/wp-json\/wp\/v2\/product_tag?post=25463"}],"curies":[{"name":"wp","href":"https:\/\/api.w.org\/{rel}","templated":true}]}}