{"id":25423,"date":"2022-01-23T22:47:00","date_gmt":"2022-01-23T21:47:00","guid":{"rendered":"https:\/\/www.hml-fetish.de\/shop\/appareil-de-stimulation-mystim\/"},"modified":"2022-01-23T22:47:00","modified_gmt":"2022-01-23T21:47:00","slug":"appareil-de-stimulation-mystim","status":"publish","type":"product","link":"https:\/\/www.hml-fetish.de\/shop\/fr\/appareil-de-stimulation-mystim\/","title":{"rendered":"Appareil de stimulation Mystim"},"content":{"rendered":"<p><P>Les vibromasseurs, c&#8217;\u00e9tait hier! Le \u00bbMystim Tension Lover\u00ab \u00e9tablit de nouveaux crit\u00e8res dans la stimulation \u00e9lectronique moderne. Un doux fourmillement, des pulsations rhythmiques ou bien un sensuel va-et-vient, tu choisis toi-m\u00eame en jouant les r\u00e9gulateurs. Deux sorties te permettent d&#8217;y connecter deux jouets \u00e0 chacune. Un affichage extra grand te permet de comfortablement faire tous les r\u00e9glages &#8211; aux choix manuellement ou en choisissant entre 7 programmes \u00e9tablis. Adaptateur pour toutes prises courantes.<\/P><br \/>\n<P>Produit-Information :<br \/>\n<UL>LI>2 canaux r\u00e9glables individuellement, pour conecter 2 jouets<\/LI><br \/>\n<LI>7 programmes diff\u00e9rents pour la satisfaction des d\u00e9sirs individuels, de l&#8217;affectueux \u00e0 l&#8217;intensif jusqu&#8217;au dur<\/LI><br \/>\n<LI>Timer, 10-60 minutes<\/LI><br \/>\n<LI>Intensit\u00e9, largeur d&#8217;impulsion et fr\u00e9quence d&#8217;impulsion sont arbitraires<br \/>\npour l&#8217;utilisateur<\/LI><br \/>\n<LI>Protocole de temps requis et de lecture ult\u00e9rieure<\/LI><br \/>\n<LI>Les limites peuvent \u00eatre pr\u00e9\u00e9tablies par l&#8217;utilisateur<\/LI><br \/>\n<LI>Extra grand \u00e9cran<\/LI><br \/>\n<LI>Verrouillage par cl\u00e9<\/LI><br \/>\n<LI>Pince de ceinture souple<\/LI><br \/>\n<LI>Certifi\u00e9 pour les lois allemandes<\/LI><br \/>\n<LI>24 mois de garantie produit<\/LI><\/UL><br \/>\n<BR>Inclus dans cet ensemble :<br \/>\n<UL><LI>1 bo\u00eetier d&#8217;\u00e9lectrostimulation Mystim num\u00e9rique<\/LI><br \/>\n<LI>1 \u00e9tui rigide<\/LI><br \/>\n<LI>4 \u00e9lectrodes autocollantes<\/LI><br \/>\n<LI>2 Cordons de raccordement<\/LI><br \/>\n<LI>2 cordons de brassage avec fiches bananes pour les cockbands en cuir \u00e9lectro HML<\/LI><br \/>\n<LI>1 Cordon de raccordement avec fiches jack st\u00e9r\u00e9o de 2,5 mm et 3,5 mm pour les godes et les prises<\/LI><br \/>\n<LI>1 Pile, 9V<\/LI><br \/>\n<LI>1 Manuel en allemand, anglais, fran\u00e7ais, n\u00e9erlandais et espagnol<\/LI><\/UL><br \/>\n<BR>Informations techniques :<br \/>\n<UL><LI>impulsion rectangulaire biphas\u00e9e asym\u00e9trique<\/LI><br \/>\n<LI>Intensit\u00e9 : 0 &#8211; 80 mA<\/LI><br \/>\n<LI>Plage de fr\u00e9quences : 1 &#8211; 160 Hz<\/LI><br \/>\n<LI>Largeur d&#8217;impulsion : 50 &#8211; 260 \u00b5s<\/LI><br \/>\n<LI>Poids : 170 g, batterie comprise<\/LI><br \/>\n<LI>Dimensions : 128 x 70 x 26 mm<\/LI><\/UL><br \/>\n<BR>Le PDF suivant contient de plus amples informations: <a href=\"\/pdf\/tensionlover.pdf\" target=\"neu\" rel=\"noopener\"><img decoding=\"async\" src=\"\/pdf\/pdf.gif\" border=\"0\" alt=\"Le PDF suivant contient de plus amples informations:\"><\/a><\/P><\/p>\n","protected":false},"excerpt":{"rendered":"<h4>Appareil de stimulation Mystim<\/h4>\n<p><P>Les vibromasseurs, c&#8217;\u00e9tait hier! Le \u00bbMystim Tension Lover\u00ab \u00e9tablit de nouveaux crit\u00e8res dans la stimulation \u00e9lectronique moderne. Un doux fourmillement, des pulsations rhythmiques ou bien un sensuel va-et-vient, tu choisis toi-m\u00eame en jouant les r\u00e9gulateurs. Deux sorties te permettent d&#8217;y connecter deux jouets \u00e0 chacune. Un affichage extra grand te permet de comfortablement faire tous les r\u00e9glages &#8211; aux choix manuellement ou en choisissant entre 7 programmes \u00e9tablis. Adaptateur pour toutes prises courantes.<\/P><\/p>\n","protected":false},"featured_media":25408,"comment_status":"open","ping_status":"closed","template":"","meta":[],"product_brand":[],"product_cat":[732,95,704,133],"product_tag":[4223,4225],"class_list":{"0":"post-25423","1":"product","2":"type-product","3":"status-publish","4":"has-post-thumbnail","6":"product_cat-best-seller","7":"product_cat-bestseller","8":"product_cat-electro-fr","9":"product_cat-elektro","10":"product_tag-mystim","11":"product_tag-mystim-fr","12":"product_shipping_class-colis-fr","13":"product_shipping_class-paket","15":"first","16":"instock","17":"taxable","18":"shipping-taxable","19":"purchasable","20":"product-type-simple"},"_links":{"self":[{"href":"https:\/\/www.hml-fetish.de\/shop\/fr\/wp-json\/wp\/v2\/product\/25423","targetHints":{"allow":["GET"]}}],"collection":[{"href":"https:\/\/www.hml-fetish.de\/shop\/fr\/wp-json\/wp\/v2\/product"}],"about":[{"href":"https:\/\/www.hml-fetish.de\/shop\/fr\/wp-json\/wp\/v2\/types\/product"}],"replies":[{"embeddable":true,"href":"https:\/\/www.hml-fetish.de\/shop\/fr\/wp-json\/wp\/v2\/comments?post=25423"}],"version-history":[{"count":0,"href":"https:\/\/www.hml-fetish.de\/shop\/fr\/wp-json\/wp\/v2\/product\/25423\/revisions"}],"wp:featuredmedia":[{"embeddable":true,"href":"https:\/\/www.hml-fetish.de\/shop\/fr\/wp-json\/wp\/v2\/media\/25408"}],"wp:attachment":[{"href":"https:\/\/www.hml-fetish.de\/shop\/fr\/wp-json\/wp\/v2\/media?parent=25423"}],"wp:term":[{"taxonomy":"product_brand","embeddable":true,"href":"https:\/\/www.hml-fetish.de\/shop\/fr\/wp-json\/wp\/v2\/product_brand?post=25423"},{"taxonomy":"product_cat","embeddable":true,"href":"https:\/\/www.hml-fetish.de\/shop\/fr\/wp-json\/wp\/v2\/product_cat?post=25423"},{"taxonomy":"product_tag","embeddable":true,"href":"https:\/\/www.hml-fetish.de\/shop\/fr\/wp-json\/wp\/v2\/product_tag?post=25423"}],"curies":[{"name":"wp","href":"https:\/\/api.w.org\/{rel}","templated":true}]}}