{"id":25356,"date":"2022-01-23T22:47:01","date_gmt":"2022-01-23T21:47:01","guid":{"rendered":"https:\/\/www.hml-fetish.de\/shop\/mystim-curving-curt\/"},"modified":"2022-01-23T22:47:01","modified_gmt":"2022-01-23T21:47:01","slug":"mystim-curving-curt","status":"publish","type":"product","link":"https:\/\/www.hml-fetish.de\/shop\/fr\/mystim-curving-curt\/","title":{"rendered":"Mystim Curving Curt"},"content":{"rendered":"<p><P>Atteignez de nouveaux sommets de plaisir: Le jouet prostatique Mystim conviennent parfaitement pour une stimulation anale particuli\u00e8rement intensive. Le silicone m\u00e9dical au platine haut de gamme se r\u00e9tr\u00e9cit de telle mani\u00e8re que tous le jouet se laissent ins\u00e9rer en toute facilit\u00e9. Gr\u00e2ce \u00e0 la technologie innovante \u00bbFlex &#038; Stay\u00ab de Mystim, vous pouvez courber chacon de nos stimulateur exactement dans la forme qui a votre pr\u00e9f\u00e9rence, en toute individualit\u00e9. L&#8217;alimentation par le \u00bbMystim Tension Lover\u00ab se fait au moyen de fiches-Mystim de 2 mm. Longueur ca. 130 mm, diam\u00e8tre 17 mm &#8211; 33 mm. Livraison sans c\u00e2bles.<\/P><\/p>\n","protected":false},"excerpt":{"rendered":"<h4>Mystim Curving Curt<\/h4>\n<p><P>Atteignez de nouveaux sommets de plaisir: Le jouet prostatique Mystim conviennent parfaitement pour une stimulation anale particuli\u00e8rement intensive. Le silicone m\u00e9dical au platine haut de gamme se r\u00e9tr\u00e9cit de telle mani\u00e8re que tous le jouet se laissent ins\u00e9rer en toute facilit\u00e9. Gr\u00e2ce \u00e0 la technologie innovante \u00bbFlex &#038; Stay\u00ab de Mystim, vous pouvez courber chacon de nos stimulateur exactement dans la forme qui a votre pr\u00e9f\u00e9rence, en toute individualit\u00e9.<\/P><\/p>\n","protected":false},"featured_media":25337,"comment_status":"open","ping_status":"closed","template":"","meta":[],"product_brand":[],"product_cat":[130,697,704,133],"product_tag":[4223,4225],"class_list":{"0":"post-25356","1":"product","2":"type-product","3":"status-publish","4":"has-post-thumbnail","6":"product_cat-cbt","7":"product_cat-cbt-fr","8":"product_cat-electro-fr","9":"product_cat-elektro","10":"product_tag-mystim","11":"product_tag-mystim-fr","12":"product_shipping_class-colis-fr","13":"product_shipping_class-paket","15":"first","16":"instock","17":"taxable","18":"shipping-taxable","19":"purchasable","20":"product-type-simple"},"_links":{"self":[{"href":"https:\/\/www.hml-fetish.de\/shop\/fr\/wp-json\/wp\/v2\/product\/25356","targetHints":{"allow":["GET"]}}],"collection":[{"href":"https:\/\/www.hml-fetish.de\/shop\/fr\/wp-json\/wp\/v2\/product"}],"about":[{"href":"https:\/\/www.hml-fetish.de\/shop\/fr\/wp-json\/wp\/v2\/types\/product"}],"replies":[{"embeddable":true,"href":"https:\/\/www.hml-fetish.de\/shop\/fr\/wp-json\/wp\/v2\/comments?post=25356"}],"version-history":[{"count":0,"href":"https:\/\/www.hml-fetish.de\/shop\/fr\/wp-json\/wp\/v2\/product\/25356\/revisions"}],"wp:featuredmedia":[{"embeddable":true,"href":"https:\/\/www.hml-fetish.de\/shop\/fr\/wp-json\/wp\/v2\/media\/25337"}],"wp:attachment":[{"href":"https:\/\/www.hml-fetish.de\/shop\/fr\/wp-json\/wp\/v2\/media?parent=25356"}],"wp:term":[{"taxonomy":"product_brand","embeddable":true,"href":"https:\/\/www.hml-fetish.de\/shop\/fr\/wp-json\/wp\/v2\/product_brand?post=25356"},{"taxonomy":"product_cat","embeddable":true,"href":"https:\/\/www.hml-fetish.de\/shop\/fr\/wp-json\/wp\/v2\/product_cat?post=25356"},{"taxonomy":"product_tag","embeddable":true,"href":"https:\/\/www.hml-fetish.de\/shop\/fr\/wp-json\/wp\/v2\/product_tag?post=25356"}],"curies":[{"name":"wp","href":"https:\/\/api.w.org\/{rel}","templated":true}]}}