{"id":25333,"date":"2022-01-23T22:47:02","date_gmt":"2022-01-23T21:47:02","guid":{"rendered":"https:\/\/www.hml-fetish.de\/shop\/mystim-pubic-enemy-no-2-fr\/"},"modified":"2022-01-23T22:47:02","modified_gmt":"2022-01-23T21:47:02","slug":"mystim-pubic-enemy-no-2-fr","status":"publish","type":"product","link":"https:\/\/www.hml-fetish.de\/shop\/fr\/mystim-pubic-enemy-no-2-fr\/","title":{"rendered":"Mystim Pubic Enemy No 2"},"content":{"rendered":"<p><P>Le Mystim Pubic Enemy No 2 est une cage \u00e0 bite excitante qui est aussi \u00e9lectrisable : une fois que le &#8220;clic&#8221; s&#8217;est produit, ta bite est en s\u00e9curit\u00e9 jusqu&#8217;\u00e0 ce que la personne avec la cl\u00e9 te lib\u00e8re. Ne te fais pas trop de soucis, car il est impossible pour ta queue de se raidir. Surtout si le petit dilatateur ur\u00e9tral et les trois surfaces conductrices \u00e0 gauche et \u00e0 droite ainsi qu&#8217;en bas de la tige du p\u00e9nis sont en place \u00e0 l&#8217;avant. Tout cela peut \u00eatre vrai, mais pas forc\u00e9ment. Tout d\u00e9pend de l&#8217;imagination et du sadisme de ton ma\u00eetre.<\/P><br \/>\n<P>La taille du cockring et de la cage peut \u00eatre r\u00e9gl\u00e9e sur une large plage. C&#8217;est pourquoi cet appareil convient vraiment \u00e0 tout le monde. Il est livr\u00e9 avec ses accessoires dans un \u00e9tui rigide. La livraison ne comprend pas seulement la cage \u00e0 p\u00e9nis avec le dilatateur et les surfaces conductrices, mais aussi le c\u00e2ble d&#8217;\u00e9lectrode de 2 mm adapt\u00e9 pour le raccordement \u00e0 l&#8217;appareil de stimulation \u00e9lectrique Mystim et un mode d&#8217;emploi d\u00e9taill\u00e9 en sept langues.<br \/>\n<\/P><br \/>\n<P>Un cadenas m\u00e9tallique adapt\u00e9 et un jeu de cinq scell\u00e9s \u00e0 usage unique en plastique garantissent qu&#8217;une fois enferm\u00e9, tu ne puisses plus t&#8217;\u00e9chapper. Il y a aussi des panneaux avec l&#8217;inscription &#8220;Hands off ! This prisoner belongs to ___&#8221;, que ton ma\u00eetre peut ins\u00e9rer dans le support de la cage.<\/P><\/p>\n<p><P>Dimensions de la cage : diam\u00e8tre int\u00e9rieur : 34 mm \u00e0 l&#8217;entr\u00e9e, 47 mm \u00e0 l&#8217;endroit le plus large Longueur : 82 mm ; peut \u00eatre rallong\u00e9e avec les 3 entretoises livr\u00e9es avec la cage. Chaque entretoise allonge de 4 mm. Dimensions du collier : le diam\u00e8tre int\u00e9rieur est r\u00e9glable en 6 \u00e9tapes de 33 mm \u00e0 52 mm.<\/P><\/p>\n","protected":false},"excerpt":{"rendered":"<h4>Mystim Pubic Enemy No 2<\/h4>\n<p><P>Le Mystim Pubic Enemy No 2 est une cage \u00e0 bite excitante qui est aussi \u00e9lectrisable : une fois que le &#8220;clic&#8221; s&#8217;est produit, ta bite est en s\u00e9curit\u00e9 jusqu&#8217;\u00e0 ce que la personne avec la cl\u00e9 te lib\u00e8re. Ne te fais pas trop de soucis, car il est impossible pour ta queue de se raidir. Surtout si le petit dilatateur ur\u00e9tral et les trois surfaces conductrices \u00e0 gauche et \u00e0 droite ainsi qu&#8217;en bas de la tige du p\u00e9nis sont en place \u00e0 l&#8217;avant. Tout cela peut \u00eatre vrai, mais pas forc\u00e9ment. Tout d\u00e9pend de l&#8217;imagination et du sadisme de ton ma\u00eetre.<\/P><\/p>\n","protected":false},"featured_media":25317,"comment_status":"open","ping_status":"closed","template":"","meta":[],"product_brand":[],"product_cat":[130,697,710,704,133,142],"product_tag":[4223,4225],"class_list":{"0":"post-25333","1":"product","2":"type-product","3":"status-publish","4":"has-post-thumbnail","6":"product_cat-cbt","7":"product_cat-cbt-fr","8":"product_cat-chastete","9":"product_cat-electro-fr","10":"product_cat-elektro","11":"product_cat-keuschheit","12":"product_tag-mystim","13":"product_tag-mystim-fr","14":"product_shipping_class-colis-fr","15":"product_shipping_class-paket","17":"first","18":"instock","19":"taxable","20":"shipping-taxable","21":"purchasable","22":"product-type-simple"},"_links":{"self":[{"href":"https:\/\/www.hml-fetish.de\/shop\/fr\/wp-json\/wp\/v2\/product\/25333","targetHints":{"allow":["GET"]}}],"collection":[{"href":"https:\/\/www.hml-fetish.de\/shop\/fr\/wp-json\/wp\/v2\/product"}],"about":[{"href":"https:\/\/www.hml-fetish.de\/shop\/fr\/wp-json\/wp\/v2\/types\/product"}],"replies":[{"embeddable":true,"href":"https:\/\/www.hml-fetish.de\/shop\/fr\/wp-json\/wp\/v2\/comments?post=25333"}],"version-history":[{"count":0,"href":"https:\/\/www.hml-fetish.de\/shop\/fr\/wp-json\/wp\/v2\/product\/25333\/revisions"}],"wp:featuredmedia":[{"embeddable":true,"href":"https:\/\/www.hml-fetish.de\/shop\/fr\/wp-json\/wp\/v2\/media\/25317"}],"wp:attachment":[{"href":"https:\/\/www.hml-fetish.de\/shop\/fr\/wp-json\/wp\/v2\/media?parent=25333"}],"wp:term":[{"taxonomy":"product_brand","embeddable":true,"href":"https:\/\/www.hml-fetish.de\/shop\/fr\/wp-json\/wp\/v2\/product_brand?post=25333"},{"taxonomy":"product_cat","embeddable":true,"href":"https:\/\/www.hml-fetish.de\/shop\/fr\/wp-json\/wp\/v2\/product_cat?post=25333"},{"taxonomy":"product_tag","embeddable":true,"href":"https:\/\/www.hml-fetish.de\/shop\/fr\/wp-json\/wp\/v2\/product_tag?post=25333"}],"curies":[{"name":"wp","href":"https:\/\/api.w.org\/{rel}","templated":true}]}}