{"id":25313,"date":"2022-01-23T22:47:02","date_gmt":"2022-01-23T21:47:02","guid":{"rendered":"https:\/\/www.hml-fetish.de\/shop\/sceau-en-plastic-mystim\/"},"modified":"2022-01-23T22:47:02","modified_gmt":"2022-01-23T21:47:02","slug":"sceau-en-plastic-mystim","status":"publish","type":"product","link":"https:\/\/www.hml-fetish.de\/shop\/fr\/sceau-en-plastic-mystim\/","title":{"rendered":"Sceau en plastic Mystim"},"content":{"rendered":"<p><P>10 sceaux jetables, con\u00e7us \u00e0 l&#8217;origine pour la cage de chastet\u00e9 MyStim Pubic Enemy. Mais ils conviennent \u00e9galement \u00e0 toute autre cage de chastet\u00e9 du chapitre &#8216;Chastet\u00e9&#8217;. Alors : commandez-les d\u00e8s maintenant!<\/P><\/p>\n","protected":false},"excerpt":{"rendered":"<h4>Sceau en plastic Mystim<\/h4>\n<p><P>10 sceaux jetables, con\u00e7us \u00e0 l&#8217;origine pour la cage de chastet\u00e9 MyStim Pubic Enemy. Mais ils conviennent \u00e9galement \u00e0 toute autre cage de chastet\u00e9 du chapitre &#8216;Chastet\u00e9&#8217;. Alors : commandez-les d\u00e8s maintenant!<\/P><\/p>\n","protected":false},"featured_media":25309,"comment_status":"open","ping_status":"closed","template":"","meta":[],"product_brand":[],"product_cat":[130,697,710,704,133,142],"product_tag":[4223,4225],"class_list":{"0":"post-25313","1":"product","2":"type-product","3":"status-publish","4":"has-post-thumbnail","6":"product_cat-cbt","7":"product_cat-cbt-fr","8":"product_cat-chastete","9":"product_cat-electro-fr","10":"product_cat-elektro","11":"product_cat-keuschheit","12":"product_tag-mystim","13":"product_tag-mystim-fr","14":"product_shipping_class-brief","15":"product_shipping_class-lettre","17":"first","18":"instock","19":"taxable","20":"shipping-taxable","21":"purchasable","22":"product-type-simple"},"_links":{"self":[{"href":"https:\/\/www.hml-fetish.de\/shop\/fr\/wp-json\/wp\/v2\/product\/25313","targetHints":{"allow":["GET"]}}],"collection":[{"href":"https:\/\/www.hml-fetish.de\/shop\/fr\/wp-json\/wp\/v2\/product"}],"about":[{"href":"https:\/\/www.hml-fetish.de\/shop\/fr\/wp-json\/wp\/v2\/types\/product"}],"replies":[{"embeddable":true,"href":"https:\/\/www.hml-fetish.de\/shop\/fr\/wp-json\/wp\/v2\/comments?post=25313"}],"version-history":[{"count":0,"href":"https:\/\/www.hml-fetish.de\/shop\/fr\/wp-json\/wp\/v2\/product\/25313\/revisions"}],"wp:featuredmedia":[{"embeddable":true,"href":"https:\/\/www.hml-fetish.de\/shop\/fr\/wp-json\/wp\/v2\/media\/25309"}],"wp:attachment":[{"href":"https:\/\/www.hml-fetish.de\/shop\/fr\/wp-json\/wp\/v2\/media?parent=25313"}],"wp:term":[{"taxonomy":"product_brand","embeddable":true,"href":"https:\/\/www.hml-fetish.de\/shop\/fr\/wp-json\/wp\/v2\/product_brand?post=25313"},{"taxonomy":"product_cat","embeddable":true,"href":"https:\/\/www.hml-fetish.de\/shop\/fr\/wp-json\/wp\/v2\/product_cat?post=25313"},{"taxonomy":"product_tag","embeddable":true,"href":"https:\/\/www.hml-fetish.de\/shop\/fr\/wp-json\/wp\/v2\/product_tag?post=25313"}],"curies":[{"name":"wp","href":"https:\/\/api.w.org\/{rel}","templated":true}]}}