{"id":25295,"date":"2022-01-23T22:47:23","date_gmt":"2022-01-23T21:47:23","guid":{"rendered":"https:\/\/www.hml-fetish.de\/shop\/attache-pieds-pour-suspension\/"},"modified":"2023-03-10T18:53:40","modified_gmt":"2023-03-10T17:53:40","slug":"attache-pieds-pour-suspension","status":"publish","type":"product","link":"https:\/\/www.hml-fetish.de\/shop\/fr\/attache-pieds-pour-suspension\/","title":{"rendered":"Attache-pieds pour suspension"},"content":{"rendered":"<p><P>Une fabrication sp\u00e9ciale \u00e0 suspendre par les pieds. Tr\u00e8s solide et fonctionnel, fabriqu\u00e9 en cuir de b\u0153uf de 3 mm d&#8217;\u00e9paisseur et soigneusement rivet\u00e9. Deux mousquetons de liaison inclus. La mise en place est assez astucieuse et n\u00e9cessite une r\u00e9flexion en trois dimensions. Notez que la sangle de la boucle doit \u00eatre pass\u00e9e autour de la cheville en partant de l&#8217;avant et que les anneaux en D doivent se toucher au-dessus de la plante du pied apr\u00e8s la mise en place.<\/P><\/p>\n","protected":false},"excerpt":{"rendered":"<h4>Attache-pieds pour suspension<\/h4>\n<p><P>Une fabrication sp\u00e9ciale \u00e0 suspendre par les pieds. Tr\u00e8s solide et fonctionnel, fabriqu\u00e9 en cuir de b\u0153uf de 3 mm d&#8217;\u00e9paisseur et soigneusement rivet\u00e9. Deux mousquetons de liaison inclus. La mise en place est assez astucieuse et n\u00e9cessite une r\u00e9flexion en trois dimensions.<\/P><\/p>\n","protected":false},"featured_media":25279,"comment_status":"open","ping_status":"closed","template":"","meta":[],"product_brand":[],"product_cat":[599,690,714],"product_tag":[4400],"class_list":{"0":"post-25295","1":"product","2":"type-product","3":"status-publish","4":"has-post-thumbnail","6":"product_cat-attaches-en-cuir","7":"product_cat-bondage-fr","8":"product_cat-dungeon-fr","9":"product_tag-hml-fetish-original-fr","10":"product_shipping_class-colis-fr","12":"first","13":"instock","14":"taxable","15":"shipping-taxable","16":"purchasable","17":"product-type-simple"},"_links":{"self":[{"href":"https:\/\/www.hml-fetish.de\/shop\/fr\/wp-json\/wp\/v2\/product\/25295","targetHints":{"allow":["GET"]}}],"collection":[{"href":"https:\/\/www.hml-fetish.de\/shop\/fr\/wp-json\/wp\/v2\/product"}],"about":[{"href":"https:\/\/www.hml-fetish.de\/shop\/fr\/wp-json\/wp\/v2\/types\/product"}],"replies":[{"embeddable":true,"href":"https:\/\/www.hml-fetish.de\/shop\/fr\/wp-json\/wp\/v2\/comments?post=25295"}],"version-history":[{"count":0,"href":"https:\/\/www.hml-fetish.de\/shop\/fr\/wp-json\/wp\/v2\/product\/25295\/revisions"}],"wp:featuredmedia":[{"embeddable":true,"href":"https:\/\/www.hml-fetish.de\/shop\/fr\/wp-json\/wp\/v2\/media\/25279"}],"wp:attachment":[{"href":"https:\/\/www.hml-fetish.de\/shop\/fr\/wp-json\/wp\/v2\/media?parent=25295"}],"wp:term":[{"taxonomy":"product_brand","embeddable":true,"href":"https:\/\/www.hml-fetish.de\/shop\/fr\/wp-json\/wp\/v2\/product_brand?post=25295"},{"taxonomy":"product_cat","embeddable":true,"href":"https:\/\/www.hml-fetish.de\/shop\/fr\/wp-json\/wp\/v2\/product_cat?post=25295"},{"taxonomy":"product_tag","embeddable":true,"href":"https:\/\/www.hml-fetish.de\/shop\/fr\/wp-json\/wp\/v2\/product_tag?post=25295"}],"curies":[{"name":"wp","href":"https:\/\/api.w.org\/{rel}","templated":true}]}}