{"id":25271,"date":"2022-01-23T22:47:24","date_gmt":"2022-01-23T21:47:24","guid":{"rendered":"https:\/\/www.hml-fetish.de\/shop\/bracelet-en-cuir-marron-avec-boucle\/"},"modified":"2025-07-04T12:08:24","modified_gmt":"2025-07-04T10:08:24","slug":"bracelet-en-cuir-avec-boucle-3","status":"publish","type":"product","link":"https:\/\/www.hml-fetish.de\/shop\/fr\/bracelet-en-cuir-avec-boucle-3\/","title":{"rendered":"Bracelet en cuir avec boucle"},"content":{"rendered":"<p><P>Fra\u00eechement sorti de l&#8217;atelier de la manufacture de cuir FH : un gros bracelet sup\u00e9rieur \u00e0 trois couches de 40 mm de large avec une boucle en cuir mat et marron ou noir. Que tu l&#8217;utilises pour aller en bo\u00eete, au CSD ou pour faire du rod\u00e9o : Les mecs vont \u00eatre excit\u00e9s!<\/P><br \/>\n<P>Tu peux acheter cette bande musculaire de qualit\u00e9 dans les tailles suivantes : Taille M (26 cm \u00e0 35 cm de circonf\u00e9rence du bras), taille L (29 cm \u00e0 38 cm de circonf\u00e9rence du bras), taille X (32cm \u00e0 41 cm de circonf\u00e9rence du bras) et taille XXL (35 cm \u00e0 44 cm de circonf\u00e9rence du bras).<\/P><br \/>\n<P>Le cuir est un mat\u00e9riau naturel. Apr\u00e8s l&#8217;avoir port\u00e9 pendant un certain temps, tu remarqueras que le surface s&#8217;assombrit l\u00e9g\u00e8rement. C&#8217;est normal pour un cuir clair. Il travaille et s&#8217;adapte \u00e0 toi. Au fil des ans, tu obtiendras ainsi une pi\u00e8ce unique et personnelle, ta seconde peau en quelque sorte!<\/P><br \/>\n<P><B>S\u00e9curit\u00e9 du produit:<\/B><BR><br \/>\nIndication d&#8217;allergie : Mat\u00e9riau cuir de vachette, les parties m\u00e9talliques en contact avec la peau sont exemptes de rouille et de nickel.<BR><br \/>\nPersonne responsable<BR><br \/>\nHML, propri\u00e9taire Dr. Detlef Moller<BR><br \/>\nNeukirchstra\u00dfe 18<BR><br \/>\n28215 Br\u00eame<BR><br \/>\nAllemagne<BR><br \/>\ninfo@hml-fetish.de<\/P><\/p>\n","protected":false},"excerpt":{"rendered":"<h4>Bracelet en cuir avec boucle<\/h4>\n<p><P>Fra\u00eechement sorti de l&#8217;atelier de la manufacture de cuir FH : un gros bracelet sup\u00e9rieur \u00e0 trois couches de 40 mm de large avec une boucle en cuir mat et marron ou noir. Que tu l&#8217;utilises pour aller en bo\u00eete, au CSD ou pour faire du rod\u00e9o : Les mecs vont \u00eatre excit\u00e9s!<\/P><\/p>\n","protected":false},"featured_media":25247,"comment_status":"open","ping_status":"closed","template":"","meta":[],"product_brand":[],"product_cat":[604,690,736],"product_tag":[3819,4400],"class_list":{"0":"post-25271","1":"product","2":"type-product","3":"status-publish","4":"has-post-thumbnail","6":"product_cat-bracelets","7":"product_cat-bondage-fr","8":"product_cat-nouveau-hml","9":"product_tag-fh-ledermanufaktur-fr","10":"product_tag-hml-fetish-original-fr","11":"product_shipping_class-lettre","13":"first","14":"instock","15":"taxable","16":"shipping-taxable","17":"purchasable","18":"product-type-variable"},"_links":{"self":[{"href":"https:\/\/www.hml-fetish.de\/shop\/fr\/wp-json\/wp\/v2\/product\/25271","targetHints":{"allow":["GET"]}}],"collection":[{"href":"https:\/\/www.hml-fetish.de\/shop\/fr\/wp-json\/wp\/v2\/product"}],"about":[{"href":"https:\/\/www.hml-fetish.de\/shop\/fr\/wp-json\/wp\/v2\/types\/product"}],"replies":[{"embeddable":true,"href":"https:\/\/www.hml-fetish.de\/shop\/fr\/wp-json\/wp\/v2\/comments?post=25271"}],"version-history":[{"count":0,"href":"https:\/\/www.hml-fetish.de\/shop\/fr\/wp-json\/wp\/v2\/product\/25271\/revisions"}],"wp:featuredmedia":[{"embeddable":true,"href":"https:\/\/www.hml-fetish.de\/shop\/fr\/wp-json\/wp\/v2\/media\/25247"}],"wp:attachment":[{"href":"https:\/\/www.hml-fetish.de\/shop\/fr\/wp-json\/wp\/v2\/media?parent=25271"}],"wp:term":[{"taxonomy":"product_brand","embeddable":true,"href":"https:\/\/www.hml-fetish.de\/shop\/fr\/wp-json\/wp\/v2\/product_brand?post=25271"},{"taxonomy":"product_cat","embeddable":true,"href":"https:\/\/www.hml-fetish.de\/shop\/fr\/wp-json\/wp\/v2\/product_cat?post=25271"},{"taxonomy":"product_tag","embeddable":true,"href":"https:\/\/www.hml-fetish.de\/shop\/fr\/wp-json\/wp\/v2\/product_tag?post=25271"}],"curies":[{"name":"wp","href":"https:\/\/api.w.org\/{rel}","templated":true}]}}