{"id":25239,"date":"2022-01-23T22:47:25","date_gmt":"2022-01-23T21:47:25","guid":{"rendered":"https:\/\/www.hml-fetish.de\/shop\/bracelet-65-mm-en-cuir-marron\/"},"modified":"2025-07-03T18:29:41","modified_gmt":"2025-07-03T16:29:41","slug":"bracelet-65-mm-en-cuir-trois-couches","status":"publish","type":"product","link":"https:\/\/www.hml-fetish.de\/shop\/fr\/bracelet-65-mm-en-cuir-trois-couches\/","title":{"rendered":"Bracelet 65 mm en cuir trois couches"},"content":{"rendered":"<p><P>De la ligne de design de la FH Ledermanufaktur : un collier de bondage gras, \u00e0 plusieurs couches, large de 65 mm, en cuir mat et marron ou noir. Il est doubl\u00e9 de cuir. Ta peau n&#8217;est donc pas en contact avec le m\u00e9tal. La sangle appliqu\u00e9e de 30 mm de large a une \u00e9paisseur d&#8217;environ 3 mm, est tr\u00e8s r\u00e9sistante et se ferme avec une boucle. Les bords repli\u00e9s sont arrondis, doux et ne coupent pas, quelle que soit la dur\u00e9e de port du collier.<\/P><br \/>\n<P>Tu peux acheter ce collier de qualit\u00e9 dans les tailles suivantes : Taille S (29 cm \u00e0 38 cm de tour de cou), taille M (32 cm \u00e0 41 cm de tour de cou), taille L (35 cm \u00e0 44 cm de tour de cou) et taille XL (38 cm \u00e0 47 cm de tour de cou).<\/P><br \/>\n<P>Le cuir est un mat\u00e9riau naturel. Apr\u00e8s l&#8217;avoir port\u00e9 pendant un certain temps, tu remarqueras que le surface s&#8217;assombrit l\u00e9g\u00e8rement. C&#8217;est normal pour un cuir clair. Il travaille et s&#8217;adapte \u00e0 toi. Au fil des ans, tu obtiendras ainsi ta pi\u00e8ce unique, ta seconde peau en quelque sorte!<\/P><br \/>\n<P><B>S\u00e9curit\u00e9 du produit:<\/B><BR><br \/>\nIndication d&#8217;allergie : Mat\u00e9riau cuir de vachette, les parties m\u00e9talliques en contact avec la peau sont exemptes de rouille et de nickel.<BR><br \/>\nPersonne responsable<BR><br \/>\nHML, propri\u00e9taire Dr. Detlef Moller<BR><br \/>\nNeukirchstra\u00dfe 18<BR><br \/>\n28215 Br\u00eame<BR><br \/>\nAllemagne<BR><br \/>\ninfo@hml-fetish.de<\/P><\/p>\n","protected":false},"excerpt":{"rendered":"<h4>Bracelet 65 mm en cuir trois couches<\/h4>\n<p><P>Un collier de bondage gras, \u00e0 plusieurs couches, large de 65 mm, en cuir mat et marron ou noir. Il est doubl\u00e9 de cuir. Ta peau n&#8217;est donc pas en contact avec le m\u00e9tal. La sangle appliqu\u00e9e de 30 mm de large a une \u00e9paisseur d&#8217;environ 3 mm, est tr\u00e8s r\u00e9sistante et se ferme avec une boucle. Les bords repli\u00e9s sont arrondis, doux et ne coupent pas, quelle que soit la dur\u00e9e de port du collier.<\/P><\/p>\n","protected":false},"featured_media":25218,"comment_status":"open","ping_status":"closed","template":"","meta":[],"product_brand":[],"product_cat":[708],"product_tag":[3819,4400],"class_list":{"0":"post-25239","1":"product","2":"type-product","3":"status-publish","4":"has-post-thumbnail","6":"product_cat-colliers","7":"product_tag-fh-ledermanufaktur-fr","8":"product_tag-hml-fetish-original-fr","9":"product_shipping_class-colis-fr","11":"first","12":"instock","13":"taxable","14":"shipping-taxable","15":"purchasable","16":"product-type-variable"},"_links":{"self":[{"href":"https:\/\/www.hml-fetish.de\/shop\/fr\/wp-json\/wp\/v2\/product\/25239","targetHints":{"allow":["GET"]}}],"collection":[{"href":"https:\/\/www.hml-fetish.de\/shop\/fr\/wp-json\/wp\/v2\/product"}],"about":[{"href":"https:\/\/www.hml-fetish.de\/shop\/fr\/wp-json\/wp\/v2\/types\/product"}],"replies":[{"embeddable":true,"href":"https:\/\/www.hml-fetish.de\/shop\/fr\/wp-json\/wp\/v2\/comments?post=25239"}],"version-history":[{"count":0,"href":"https:\/\/www.hml-fetish.de\/shop\/fr\/wp-json\/wp\/v2\/product\/25239\/revisions"}],"wp:featuredmedia":[{"embeddable":true,"href":"https:\/\/www.hml-fetish.de\/shop\/fr\/wp-json\/wp\/v2\/media\/25218"}],"wp:attachment":[{"href":"https:\/\/www.hml-fetish.de\/shop\/fr\/wp-json\/wp\/v2\/media?parent=25239"}],"wp:term":[{"taxonomy":"product_brand","embeddable":true,"href":"https:\/\/www.hml-fetish.de\/shop\/fr\/wp-json\/wp\/v2\/product_brand?post=25239"},{"taxonomy":"product_cat","embeddable":true,"href":"https:\/\/www.hml-fetish.de\/shop\/fr\/wp-json\/wp\/v2\/product_cat?post=25239"},{"taxonomy":"product_tag","embeddable":true,"href":"https:\/\/www.hml-fetish.de\/shop\/fr\/wp-json\/wp\/v2\/product_tag?post=25239"}],"curies":[{"name":"wp","href":"https:\/\/api.w.org\/{rel}","templated":true}]}}