{"id":25211,"date":"2022-01-23T22:47:25","date_gmt":"2022-01-23T21:47:25","guid":{"rendered":"https:\/\/www.hml-fetish.de\/shop\/ceinture-cousoue-en-cuir-marron\/"},"modified":"2025-01-30T16:13:01","modified_gmt":"2025-01-30T15:13:01","slug":"ceinture-cousoue-en-cuir-marron","status":"publish","type":"product","link":"https:\/\/www.hml-fetish.de\/shop\/fr\/ceinture-cousoue-en-cuir-marron\/","title":{"rendered":"Ceinture cousoue en cuir marron"},"content":{"rendered":"<p><P>De la nouvelle ligne de design de la FH Ledermanufaktur : une ceinture \u00e0 trois couches en cuir marron mat. Les bords pli\u00e9s sont arrondis et doux. Il est ferm\u00e9 par une double boucle d&#8217;\u00e9pine.<\/P><br \/>\n<P>Le cuir est un mat\u00e9riau naturel. Apr\u00e8s l&#8217;avoir port\u00e9 pendant un certain temps, vous remarquerez que le mat\u00e9riau s&#8217;assombrit un peu. C&#8217;est normal avec un cuir de couleur claire. Il travaille et s&#8217;adapte \u00e0 vous. Ainsi, au fil des ans, vous obtenez votre propre unicum personnel, pour ainsi dire votre seconde peau !<br \/>\n<BR><img decoding=\"async\" src=\"\/GIF\/sizefr_unisex_down.gif\" alt=\"tableau des tailles\" title=\"tableau des tailles\" border=\"0\" height=\"194\" width=\"114\"><\/P><br \/>\n<P><B>S\u00e9curit\u00e9 du produit:<\/B><BR><br \/>\nIndication d&#8217;allergie : Mat\u00e9riau cuir de vachette, les parties m\u00e9talliques en contact avec la peau sont exemptes de rouille et de nickel.<BR><br \/>\nPersonne responsable<BR><br \/>\nHML, propri\u00e9taire Dr. Detlef Moller<BR><br \/>\nNeukirchstra\u00dfe 18<BR><br \/>\n28215 Br\u00eame<BR><br \/>\nAllemagne<BR><br \/>\ninfo@hml-fetish.de<\/P><\/p>\n","protected":false},"excerpt":{"rendered":"<h4>Ceinture cousoue en cuir marron<\/h4>\n<p><P>De la nouvelle ligne de design de la FH Ledermanufaktur : une ceinture \u00e0 trois couches en cuir marron mat. Les bords pli\u00e9s sont arrondis et doux. Il est ferm\u00e9 par une double boucle d&#8217;\u00e9pine.<\/P><\/p>\n","protected":false},"featured_media":25190,"comment_status":"open","ping_status":"closed","template":"","meta":[],"product_brand":[],"product_cat":[601,752],"product_tag":[3819,4400],"class_list":{"0":"post-25211","1":"product","2":"type-product","3":"status-publish","4":"has-post-thumbnail","6":"product_cat-ceintures-straps-fr","7":"product_cat-fin-de-serie","8":"product_tag-fh-ledermanufaktur-fr","9":"product_tag-hml-fetish-original-fr","10":"product_shipping_class-colis-fr","12":"first","13":"instock","14":"sale","15":"taxable","16":"shipping-taxable","17":"purchasable","18":"product-type-variable"},"_links":{"self":[{"href":"https:\/\/www.hml-fetish.de\/shop\/fr\/wp-json\/wp\/v2\/product\/25211","targetHints":{"allow":["GET"]}}],"collection":[{"href":"https:\/\/www.hml-fetish.de\/shop\/fr\/wp-json\/wp\/v2\/product"}],"about":[{"href":"https:\/\/www.hml-fetish.de\/shop\/fr\/wp-json\/wp\/v2\/types\/product"}],"replies":[{"embeddable":true,"href":"https:\/\/www.hml-fetish.de\/shop\/fr\/wp-json\/wp\/v2\/comments?post=25211"}],"version-history":[{"count":0,"href":"https:\/\/www.hml-fetish.de\/shop\/fr\/wp-json\/wp\/v2\/product\/25211\/revisions"}],"wp:featuredmedia":[{"embeddable":true,"href":"https:\/\/www.hml-fetish.de\/shop\/fr\/wp-json\/wp\/v2\/media\/25190"}],"wp:attachment":[{"href":"https:\/\/www.hml-fetish.de\/shop\/fr\/wp-json\/wp\/v2\/media?parent=25211"}],"wp:term":[{"taxonomy":"product_brand","embeddable":true,"href":"https:\/\/www.hml-fetish.de\/shop\/fr\/wp-json\/wp\/v2\/product_brand?post=25211"},{"taxonomy":"product_cat","embeddable":true,"href":"https:\/\/www.hml-fetish.de\/shop\/fr\/wp-json\/wp\/v2\/product_cat?post=25211"},{"taxonomy":"product_tag","embeddable":true,"href":"https:\/\/www.hml-fetish.de\/shop\/fr\/wp-json\/wp\/v2\/product_tag?post=25211"}],"curies":[{"name":"wp","href":"https:\/\/api.w.org\/{rel}","templated":true}]}}