{"id":25183,"date":"2022-01-23T22:47:25","date_gmt":"2022-01-23T21:47:25","guid":{"rendered":"https:\/\/www.hml-fetish.de\/shop\/harnais-de-bouledog-en-cuir-marron\/"},"modified":"2025-07-04T12:35:45","modified_gmt":"2025-07-04T10:35:45","slug":"harnais-de-bouledog-en-trois-couches","status":"publish","type":"product","link":"https:\/\/www.hml-fetish.de\/shop\/fr\/harnais-de-bouledog-en-trois-couches\/","title":{"rendered":"Harnais de bouledog en trois couches"},"content":{"rendered":"<h4>Harnais de bouledog en trois couches<\/h4>\n<p><P>Le harnais pour le haut du corps le plus vendu actuellement est notre harnais pour bouledogues &#8211; ici dans la version pour bouledogues \u00e0 deux pattes. Avec ses boucles m\u00e9talliques distinctives sur le poitrail et le dos, il rappelle fortement les harnais que l&#8217;on met aux bouledogues et autres chiens de grande taille pour mieux les tenir en main lors des promenades.<\/P><br \/>\n<P>Tu trouveras sur cette page la version la plus noble d&#8217;un tel harnais : un mod\u00e8le de la nouvelle ligne de design de la manufacture de cuir FH : il se compose de sangles en cuir souple marron ou noir mat de 40 mm de large, repli\u00e9es sur trois couches et surpiqu\u00e9es. Chacune d&#8217;entre elles est cousue et rivet\u00e9e \u00e0 la main et peut \u00eatre ferm\u00e9e et r\u00e9gl\u00e9e \u00e0 l&#8217;aide de grosses boucles \u00e0 rouleaux. Tu peux aussi utiliser l&#8217;anneau en D sur le devant de la poitrine comme anneau de guidage avec un mousqueton et une cha\u00eene &#8211; comme pour un vrai bouledogue. Porte-le \u00e0 la prochaine f\u00eate de rue et profite des regards lubriques des autres hommes.<\/P><br \/>\n<P>Vous devrez sans doute discuter de la question de savoir si votre partenaire vous suivra mieux lorsque vous cliquerez une laisse de chien dans son harnais. Quoi qu&#8217;il en soit, vous attirerez ainsi l&#8217;attention et susciterez quelques regards envieux.<\/P><br \/>\n<P>Le cuir est un mat\u00e9riau naturel. Apr\u00e8s l&#8217;avoir port\u00e9 pendant un certain temps, tu remarqueras que le surface s&#8217;assombrit l\u00e9g\u00e8rement. C&#8217;est normal pour un cuir clair. Il travaille et s&#8217;adapte \u00e0 toi. Au fil des ans, tu obtiendras ainsi une pi\u00e8ce unique et personnelle, pour ainsi dire ta deuxi\u00e8me peau !<br \/>\n<BR><img decoding=\"async\" src=\"\/GIF\/sizefr_unisex_up.gif\" alt=\"tableau des tailles\" title=\"tableau des tailles\" border=\"0\" height=\"194\" width=\"114\"><\/P><br \/>\n<P><B>S\u00e9curit\u00e9 du produit:<\/B><BR><br \/>\nIndication d&#8217;allergie : Mat\u00e9riau cuir de vachette, les parties m\u00e9talliques en contact avec la peau sont exemptes de rouille et de nickel.<BR><br \/>\nPersonne responsable<BR><br \/>\nHML, propri\u00e9taire Dr. Detlef Moller<BR><br \/>\nNeukirchstra\u00dfe 18<BR><br \/>\n28215 Br\u00eame<BR><br \/>\nAllemagne<BR><br \/>\ninfo@hml-fetish.de<\/P><\/p>\n","protected":false},"excerpt":{"rendered":"<h4>Harnais de bouledog en trois couches<\/h4>\n<p><P>Le harnais pour le haut du corps le plus vendu actuellement est notre harnais pour bouledogues &#8211; ici dans la version pour bouledogues \u00e0 deux pattes. Avec ses boucles m\u00e9talliques distinctives sur le poitrail et le dos, il rappelle fortement les harnais que l&#8217;on met aux bouledogues et autres chiens de grande taille pour mieux les tenir en main lors des promenades.<\/P><br \/>\n<P>Tu trouveras sur cette page la version la plus noble d&#8217;un tel harnais : un mod\u00e8le de la nouvelle ligne de design de la manufacture de cuir FH : il se compose de sangles en cuir souple marron oi noir mat de 40 mm de large, repli\u00e9es sur trois couches et surpiqu\u00e9es. Chacune d&#8217;entre elles est cousue et rivet\u00e9e \u00e0 la main et peut \u00eatre ferm\u00e9e et r\u00e9gl\u00e9e \u00e0 l&#8217;aide de grosses boucles \u00e0 rouleaux. Tu peux aussi utiliser l&#8217;anneau en D sur le devant de la poitrine comme anneau de guidage avec un mousqueton et une cha\u00eene &#8211; comme pour un vrai bouledogue. Porte-le \u00e0 la prochaine f\u00eate de rue et profite des regards lubriques des autres hommes.<\/P><\/p>\n","protected":false},"featured_media":25171,"comment_status":"open","ping_status":"closed","template":"","meta":[],"product_brand":[],"product_cat":[597,732,712],"product_tag":[3819,4400],"class_list":{"0":"post-25183","1":"product","2":"type-product","3":"status-publish","4":"has-post-thumbnail","6":"product_cat-harnais","7":"product_cat-best-seller","8":"product_cat-pet-play-fr","9":"product_tag-fh-ledermanufaktur-fr","10":"product_tag-hml-fetish-original-fr","11":"product_shipping_class-colis-fr","13":"first","14":"instock","15":"taxable","16":"shipping-taxable","17":"purchasable","18":"product-type-variable"},"_links":{"self":[{"href":"https:\/\/www.hml-fetish.de\/shop\/fr\/wp-json\/wp\/v2\/product\/25183","targetHints":{"allow":["GET"]}}],"collection":[{"href":"https:\/\/www.hml-fetish.de\/shop\/fr\/wp-json\/wp\/v2\/product"}],"about":[{"href":"https:\/\/www.hml-fetish.de\/shop\/fr\/wp-json\/wp\/v2\/types\/product"}],"replies":[{"embeddable":true,"href":"https:\/\/www.hml-fetish.de\/shop\/fr\/wp-json\/wp\/v2\/comments?post=25183"}],"version-history":[{"count":0,"href":"https:\/\/www.hml-fetish.de\/shop\/fr\/wp-json\/wp\/v2\/product\/25183\/revisions"}],"wp:featuredmedia":[{"embeddable":true,"href":"https:\/\/www.hml-fetish.de\/shop\/fr\/wp-json\/wp\/v2\/media\/25171"}],"wp:attachment":[{"href":"https:\/\/www.hml-fetish.de\/shop\/fr\/wp-json\/wp\/v2\/media?parent=25183"}],"wp:term":[{"taxonomy":"product_brand","embeddable":true,"href":"https:\/\/www.hml-fetish.de\/shop\/fr\/wp-json\/wp\/v2\/product_brand?post=25183"},{"taxonomy":"product_cat","embeddable":true,"href":"https:\/\/www.hml-fetish.de\/shop\/fr\/wp-json\/wp\/v2\/product_cat?post=25183"},{"taxonomy":"product_tag","embeddable":true,"href":"https:\/\/www.hml-fetish.de\/shop\/fr\/wp-json\/wp\/v2\/product_tag?post=25183"}],"curies":[{"name":"wp","href":"https:\/\/api.w.org\/{rel}","templated":true}]}}