{"id":25076,"date":"2022-01-23T22:47:27","date_gmt":"2022-01-23T21:47:27","guid":{"rendered":"https:\/\/www.hml-fetish.de\/shop\/ceinture-coupe-en-cuir-nu-noir-avec-surpriure\/"},"modified":"2025-01-29T18:27:06","modified_gmt":"2025-01-29T17:27:06","slug":"ceinture-coupe-en-cuir-nu-noir-avec-surpriure","status":"publish","type":"product","link":"https:\/\/www.hml-fetish.de\/shop\/fr\/ceinture-coupe-en-cuir-nu-noir-avec-surpriure\/","title":{"rendered":"Ceinture coup\u00e9 en cuir nu noir avec surpri\u00fbre"},"content":{"rendered":"<p><P>De la nouvelle ligne de design de la manufacture de cuir FH : une ceinture d&#8217;environ 3,5 mm d&#8217;\u00e9paisseur coup\u00e9e \u00e0 la main dans un cuir noir brillant avec une boucle \u00e0 rouleau massive. Nous avons cousu le pourtour de la ceinture et d\u00e9cor\u00e9 la surface avec des coutures d\u00e9coratives. Nous te la proposons en 40 mm ou 50 mm de largeur et en diff\u00e9rentes tailles. Cette ceinture de haute qualit\u00e9 te donnera satisfaction pendant de nombreuses ann\u00e9es.<br \/>\n<BR><img decoding=\"async\" src=\"\/GIF\/sizefr_unisex_down.gif\" alt=\"tableau des tailles\" title=\"tableau des tailles\" border=\"0\" height=\"194\" width=\"114\"><\/P><br \/>\n<P><B>S\u00e9curit\u00e9 du produit:<\/B><BR><br \/>\nIndication d&#8217;allergie : Mat\u00e9riau cuir de vachette, les parties m\u00e9talliques en contact avec la peau sont exemptes de rouille et de nickel.<BR><br \/>\nPersonne responsable<BR><br \/>\nHML, propri\u00e9taire Dr. Detlef Moller<BR><br \/>\nNeukirchstra\u00dfe 18<BR><br \/>\n28215 Br\u00eame<BR><br \/>\nAllemagne<BR><br \/>\ninfo@hml-fetish.de<\/P><\/p>\n","protected":false},"excerpt":{"rendered":"<h4>Ceinture coup\u00e9 en cuir nu noir avec surpri\u00fbre<\/h4>\n<p><P>De la nouvelle ligne de design de la manufacture de cuir FH : une ceinture d&#8217;environ 3,5 mm d&#8217;\u00e9paisseur coup\u00e9e \u00e0 la main dans un cuir noir brillant avec une boucle \u00e0 rouleau massive. Nous avons cousu le pourtour de la ceinture et d\u00e9cor\u00e9 la surface avec des coutures d\u00e9coratives. Nous te la proposons en 40 mm ou 50 mm de largeur et en diff\u00e9rentes tailles.<\/P><\/p>\n","protected":false},"featured_media":25039,"comment_status":"open","ping_status":"closed","template":"","meta":[],"product_brand":[],"product_cat":[601,646],"product_tag":[3819,4400],"class_list":{"0":"post-25076","1":"product","2":"type-product","3":"status-publish","4":"has-post-thumbnail","6":"product_cat-ceintures-straps-fr","7":"product_cat-ceintures-straps","8":"product_tag-fh-ledermanufaktur-fr","9":"product_tag-hml-fetish-original-fr","10":"product_shipping_class-colis-fr","12":"first","13":"instock","14":"taxable","15":"shipping-taxable","16":"purchasable","17":"product-type-variable"},"_links":{"self":[{"href":"https:\/\/www.hml-fetish.de\/shop\/fr\/wp-json\/wp\/v2\/product\/25076","targetHints":{"allow":["GET"]}}],"collection":[{"href":"https:\/\/www.hml-fetish.de\/shop\/fr\/wp-json\/wp\/v2\/product"}],"about":[{"href":"https:\/\/www.hml-fetish.de\/shop\/fr\/wp-json\/wp\/v2\/types\/product"}],"replies":[{"embeddable":true,"href":"https:\/\/www.hml-fetish.de\/shop\/fr\/wp-json\/wp\/v2\/comments?post=25076"}],"version-history":[{"count":0,"href":"https:\/\/www.hml-fetish.de\/shop\/fr\/wp-json\/wp\/v2\/product\/25076\/revisions"}],"wp:featuredmedia":[{"embeddable":true,"href":"https:\/\/www.hml-fetish.de\/shop\/fr\/wp-json\/wp\/v2\/media\/25039"}],"wp:attachment":[{"href":"https:\/\/www.hml-fetish.de\/shop\/fr\/wp-json\/wp\/v2\/media?parent=25076"}],"wp:term":[{"taxonomy":"product_brand","embeddable":true,"href":"https:\/\/www.hml-fetish.de\/shop\/fr\/wp-json\/wp\/v2\/product_brand?post=25076"},{"taxonomy":"product_cat","embeddable":true,"href":"https:\/\/www.hml-fetish.de\/shop\/fr\/wp-json\/wp\/v2\/product_cat?post=25076"},{"taxonomy":"product_tag","embeddable":true,"href":"https:\/\/www.hml-fetish.de\/shop\/fr\/wp-json\/wp\/v2\/product_tag?post=25076"}],"curies":[{"name":"wp","href":"https:\/\/api.w.org\/{rel}","templated":true}]}}