{"id":25023,"date":"2022-01-23T22:47:27","date_gmt":"2022-01-23T21:47:27","guid":{"rendered":"https:\/\/www.hml-fetish.de\/shop\/ceinture-coupe-en-cuir-noir-mat-avec-boucle\/"},"modified":"2025-01-29T18:18:02","modified_gmt":"2025-01-29T17:18:02","slug":"ceinture-coupe-en-cuir-noir-mat-avec-boucle","status":"publish","type":"product","link":"https:\/\/www.hml-fetish.de\/shop\/fr\/ceinture-coupe-en-cuir-noir-mat-avec-boucle\/","title":{"rendered":"Ceinture coup\u00e9 en cuir noir mat avec boucle"},"content":{"rendered":"<p><P>De la nouvelle ligne de design de la manufacture de cuir FH : une ceinture d&#8217;environ 3,5 mm d&#8217;\u00e9paisseur, coup\u00e9e \u00e0 la main dans un cuir noir mat, avec une boucle \u00e0 rouleau massive. Elle est robuste, r\u00e9sistante et tr\u00e8s durable. Nous l&#8217;avons test\u00e9e personnellement ! Nous te la proposons en 40 mm ou 50 mm de largeur et en diff\u00e9rentes tailles.<br \/>\n<BR><img decoding=\"async\" src=\"\/GIF\/sizefr_unisex_down.gif\" alt=\"tableau des tailles\" title=\"tableau des tailles\" border=\"0\" height=\"194\" width=\"114\"><\/P><br \/>\n<P><B>S\u00e9curit\u00e9 du produit:<\/B><BR><br \/>\nIndication d&#8217;allergie : Mat\u00e9riau cuir de vachette, les parties m\u00e9talliques en contact avec la peau sont exemptes de rouille et de nickel<BR><br \/>\nPersonne responsable<BR><br \/>\nHML, propri\u00e9taire Dr. Detlef Moller<BR><br \/>\nNeukirchstra\u00dfe 18<BR><br \/>\n28215 Br\u00eame<BR><br \/>\nAllemagne<BR><br \/>\ninfo@hml-fetish.de<\/P><\/p>\n","protected":false},"excerpt":{"rendered":"<h4>Ceinture coup\u00e9 en cuir noir mat avec boucle<\/h4>\n<p><P>De la nouvelle ligne de design de la manufacture de cuir FH : une ceinture d&#8217;environ 3,5 mm d&#8217;\u00e9paisseur, coup\u00e9e \u00e0 la main dans un cuir noir mat, avec une boucle \u00e0 rouleau massive. Elle est robuste, r\u00e9sistante et tr\u00e8s durable. Nous l&#8217;avons test\u00e9e personnellement ! Nous te la proposons en 40 mm ou 50 mm de largeur et en diff\u00e9rentes tailles.<br \/>\n<BR><img decoding=\"async\" src=\"\/GIF\/sizefr_unisex_down.gif\" alt=\"tableau des tailles\" title=\"tableau des tailles\" border=\"0\" height=\"194\" width=\"114\"><\/P><\/p>\n","protected":false},"featured_media":24989,"comment_status":"open","ping_status":"closed","template":"","meta":[],"product_brand":[],"product_cat":[601],"product_tag":[3819,4400],"class_list":{"0":"post-25023","1":"product","2":"type-product","3":"status-publish","4":"has-post-thumbnail","6":"product_cat-ceintures-straps-fr","7":"product_tag-fh-ledermanufaktur-fr","8":"product_tag-hml-fetish-original-fr","9":"product_shipping_class-colis-fr","11":"first","12":"instock","13":"taxable","14":"shipping-taxable","15":"purchasable","16":"product-type-variable"},"_links":{"self":[{"href":"https:\/\/www.hml-fetish.de\/shop\/fr\/wp-json\/wp\/v2\/product\/25023","targetHints":{"allow":["GET"]}}],"collection":[{"href":"https:\/\/www.hml-fetish.de\/shop\/fr\/wp-json\/wp\/v2\/product"}],"about":[{"href":"https:\/\/www.hml-fetish.de\/shop\/fr\/wp-json\/wp\/v2\/types\/product"}],"replies":[{"embeddable":true,"href":"https:\/\/www.hml-fetish.de\/shop\/fr\/wp-json\/wp\/v2\/comments?post=25023"}],"version-history":[{"count":0,"href":"https:\/\/www.hml-fetish.de\/shop\/fr\/wp-json\/wp\/v2\/product\/25023\/revisions"}],"wp:featuredmedia":[{"embeddable":true,"href":"https:\/\/www.hml-fetish.de\/shop\/fr\/wp-json\/wp\/v2\/media\/24989"}],"wp:attachment":[{"href":"https:\/\/www.hml-fetish.de\/shop\/fr\/wp-json\/wp\/v2\/media?parent=25023"}],"wp:term":[{"taxonomy":"product_brand","embeddable":true,"href":"https:\/\/www.hml-fetish.de\/shop\/fr\/wp-json\/wp\/v2\/product_brand?post=25023"},{"taxonomy":"product_cat","embeddable":true,"href":"https:\/\/www.hml-fetish.de\/shop\/fr\/wp-json\/wp\/v2\/product_cat?post=25023"},{"taxonomy":"product_tag","embeddable":true,"href":"https:\/\/www.hml-fetish.de\/shop\/fr\/wp-json\/wp\/v2\/product_tag?post=25023"}],"curies":[{"name":"wp","href":"https:\/\/api.w.org\/{rel}","templated":true}]}}