{"id":24937,"date":"2022-01-23T22:47:27","date_gmt":"2022-01-23T21:47:27","guid":{"rendered":"https:\/\/www.hml-fetish.de\/shop\/sangle-depaule-cousue-en-cuir-marron\/"},"modified":"2025-01-29T18:03:52","modified_gmt":"2025-01-29T17:03:52","slug":"sangle-depaule-cousue-en-cuir-marron","status":"publish","type":"product","link":"https:\/\/www.hml-fetish.de\/shop\/fr\/sangle-depaule-cousue-en-cuir-marron\/","title":{"rendered":"sangle d&#8217;\u00e9paule cousue en cuir marron"},"content":{"rendered":"<p><P>Une ceinture-\u00e9paules exclusive en cuir de 30 mm de large pour les ceintures jusqu&#8217;\u00e0 50 mm de large faite \u00e0 la main et surpiqu\u00e9e tout autour. Fait \u00e0 la main en cuir nappa de vachette marron en trois couches et cousu tout autour. Bien entendu, il comprend deux des passants de ceinture brevet\u00e9s, qui peuvent \u00eatre boutonn\u00e9s directement dans la ceinture \u00e0 l&#8217;aide de boutons-pression, sans devoir retirer la ceinture du pantalon au pr\u00e9alable.<\/P><br \/>\n<P>La ceinture d&#8217;\u00e9paule est disponible dans les tailles S, M, L et XL. La taille S, mesur\u00e9e \u00e0 partir du bord inf\u00e9rieur de la ceinture, mesure environ 102 cm \u00e0 114 cm, la taille M est ajustable de 108 cm \u00e0 120 cm, la taille L d&#8217;environ 114 cm \u00e0 126 cm et la taille XL d&#8217;environ 120 cm \u00e0 132 cm.<\/P><br \/>\n<P>Le cuir est un mat\u00e9riau naturel. Apr\u00e8s l&#8217;avoir port\u00e9 pendant un certain temps, vous remarquerez que le mat\u00e9riau s&#8217;assombrit un peu. C&#8217;est normal avec un cuir de couleur claire. Il travaille et s&#8217;adapte \u00e0 vous. Ainsi, au fil des ans, vous obtenez votre propre unicum personnel, pour ainsi dire votre seconde peau !<\/P><br \/>\n<P><B>S\u00e9curit\u00e9 du produit:<\/B><BR><br \/>\nIndication d&#8217;allergie : Mat\u00e9riau cuir de vachette, les parties m\u00e9talliques en contact avec la peau sont exemptes de rouille et de nickel<BR><br \/>\nPersonne responsable<BR><br \/>\nHML, propri\u00e9taire Dr. Detlef Moller<BR><br \/>\nNeukirchstra\u00dfe 18<BR><br \/>\n28215 Br\u00eame<BR><br \/>\nAllemagne<BR><br \/>\ninfo@hml-fetish.de<\/P><\/p>\n","protected":false},"excerpt":{"rendered":"<h4>Sangle d&#8217;\u00e9paule cousue en cuir marron<\/h4>\n<p><P>Une ceinture-\u00e9paules exclusive en cuir de 30 mm de large pour les ceintures jusqu&#8217;\u00e0 50 mm de large. Fait \u00e0 la main en cuir nappa de vachette marron en trois couches et cousu tout autour. Bien entendu, il comprend deux des passants de ceinture brevet\u00e9s, qui peuvent \u00eatre boutonn\u00e9s directement dans la ceinture \u00e0 l&#8217;aide de boutons-pression, sans devoir retirer la ceinture du pantalon au pr\u00e9alable.<\/P><br \/>\n<P>La ceinture d&#8217;\u00e9paule est disponible dans les tailles S, M, L et XL. La taille S, mesur\u00e9e \u00e0 partir du bord inf\u00e9rieur de la ceinture, mesure environ 102 cm \u00e0 114 cm, la taille M est ajustable de 108 cm \u00e0 120 cm, la taille L d&#8217;environ 114 cm \u00e0 126 cm et la taille XL d&#8217;environ 120 cm \u00e0 132 cm.<\/P><br \/>\n<P>Le cuir est un mat\u00e9riau naturel. Apr\u00e8s l&#8217;avoir port\u00e9 pendant un certain temps, vous remarquerez que le mat\u00e9riau s&#8217;assombrit un peu. C&#8217;est normal avec un cuir de couleur claire. Il travaille et s&#8217;adapte \u00e0 vous. Ainsi, au fil des ans, vous obtenez votre propre unicum personnel, pour ainsi dire votre seconde peau !<\/P><\/p>\n","protected":false},"featured_media":24920,"comment_status":"open","ping_status":"closed","template":"","meta":[],"product_brand":[],"product_cat":[646,601],"product_tag":[3819,4400],"class_list":{"0":"post-24937","1":"product","2":"type-product","3":"status-publish","4":"has-post-thumbnail","6":"product_cat-ceintures-straps","7":"product_cat-ceintures-straps-fr","8":"product_tag-fh-ledermanufaktur-fr","9":"product_tag-hml-fetish-original-fr","10":"product_shipping_class-colis-fr","12":"first","13":"instock","14":"taxable","15":"shipping-taxable","16":"purchasable","17":"product-type-variable"},"_links":{"self":[{"href":"https:\/\/www.hml-fetish.de\/shop\/fr\/wp-json\/wp\/v2\/product\/24937","targetHints":{"allow":["GET"]}}],"collection":[{"href":"https:\/\/www.hml-fetish.de\/shop\/fr\/wp-json\/wp\/v2\/product"}],"about":[{"href":"https:\/\/www.hml-fetish.de\/shop\/fr\/wp-json\/wp\/v2\/types\/product"}],"replies":[{"embeddable":true,"href":"https:\/\/www.hml-fetish.de\/shop\/fr\/wp-json\/wp\/v2\/comments?post=24937"}],"version-history":[{"count":0,"href":"https:\/\/www.hml-fetish.de\/shop\/fr\/wp-json\/wp\/v2\/product\/24937\/revisions"}],"wp:featuredmedia":[{"embeddable":true,"href":"https:\/\/www.hml-fetish.de\/shop\/fr\/wp-json\/wp\/v2\/media\/24920"}],"wp:attachment":[{"href":"https:\/\/www.hml-fetish.de\/shop\/fr\/wp-json\/wp\/v2\/media?parent=24937"}],"wp:term":[{"taxonomy":"product_brand","embeddable":true,"href":"https:\/\/www.hml-fetish.de\/shop\/fr\/wp-json\/wp\/v2\/product_brand?post=24937"},{"taxonomy":"product_cat","embeddable":true,"href":"https:\/\/www.hml-fetish.de\/shop\/fr\/wp-json\/wp\/v2\/product_cat?post=24937"},{"taxonomy":"product_tag","embeddable":true,"href":"https:\/\/www.hml-fetish.de\/shop\/fr\/wp-json\/wp\/v2\/product_tag?post=24937"}],"curies":[{"name":"wp","href":"https:\/\/api.w.org\/{rel}","templated":true}]}}