{"id":24916,"date":"2022-01-23T22:47:28","date_gmt":"2022-01-23T21:47:28","guid":{"rendered":"https:\/\/www.hml-fetish.de\/shop\/sangle-de-connexion-cuir-marron\/"},"modified":"2025-07-03T15:20:23","modified_gmt":"2025-07-03T13:20:23","slug":"sangle-de-connexion-en-cuir","status":"publish","type":"product","link":"https:\/\/www.hml-fetish.de\/shop\/fr\/sangle-de-connexion-en-cuir\/","title":{"rendered":"Sangle de connexion en cuir"},"content":{"rendered":"<p><P>Relie ton harnais marron ou noir vers le bas avec un cockring. Une lani\u00e8re de cuir de 3 cm de large, en cuir de vachette cousu \u00e0 trois \u00e9paisseurs, avec des boutons-pression. Un cockring de 50 mm en acier inoxydable est inclus.<br \/>\n<BR>Le cuir est un mat\u00e9riau naturel. Apr\u00e8s l&#8217;avoir port\u00e9 pendant un certain temps, vous remarquerez que le mat\u00e9riau s&#8217;assombrit un peu. C&#8217;est normal avec un cuir de couleur claire. Il travaille et s&#8217;adapte \u00e0 vous. Ainsi, au fil des ans, vous obtenez votre propre unicum personnel, pour ainsi dire votre seconde peau !<\/P><br \/>\n<P><B>S\u00e9curit\u00e9 du produit:<\/B><BR><br \/>\nIndication d&#8217;allergie : Mat\u00e9riau cuir de vachette, les parties m\u00e9talliques en contact avec la peau sont exemptes de rouille et de nickel<BR><br \/>\nPersonne responsable<BR><br \/>\nHML, propri\u00e9taire Dr. Detlef Moller<BR><br \/>\nNeukirchstra\u00dfe 18<BR><br \/>\n28215 Br\u00eame<BR><br \/>\nAllemagne<BR><br \/>\ninfo@hml-fetish.de<\/P><\/p>\n","protected":false},"excerpt":{"rendered":"<h4>Sangle de connexion, cuir marron<\/h4>\n<p><P>Relie ton harnais marron ou noir vers le bas avec un cockring. Une lani\u00e8re de cuir de 3 cm de large, en cuir de vachette cousu \u00e0 trois \u00e9paisseurs, avec des boutons-pression. Un cockring de 50 mm en acier inoxydable est inclus.<\/P><\/p>\n","protected":false},"featured_media":24908,"comment_status":"open","ping_status":"closed","template":"","meta":[],"product_brand":[],"product_cat":[597,736],"product_tag":[3819,4400],"class_list":{"0":"post-24916","1":"product","2":"type-product","3":"status-publish","4":"has-post-thumbnail","6":"product_cat-harnais","7":"product_cat-nouveau-hml","8":"product_tag-fh-ledermanufaktur-fr","9":"product_tag-hml-fetish-original-fr","10":"product_shipping_class-colis-fr","12":"first","13":"instock","14":"taxable","15":"shipping-taxable","16":"purchasable","17":"product-type-variable"},"_links":{"self":[{"href":"https:\/\/www.hml-fetish.de\/shop\/fr\/wp-json\/wp\/v2\/product\/24916","targetHints":{"allow":["GET"]}}],"collection":[{"href":"https:\/\/www.hml-fetish.de\/shop\/fr\/wp-json\/wp\/v2\/product"}],"about":[{"href":"https:\/\/www.hml-fetish.de\/shop\/fr\/wp-json\/wp\/v2\/types\/product"}],"replies":[{"embeddable":true,"href":"https:\/\/www.hml-fetish.de\/shop\/fr\/wp-json\/wp\/v2\/comments?post=24916"}],"version-history":[{"count":0,"href":"https:\/\/www.hml-fetish.de\/shop\/fr\/wp-json\/wp\/v2\/product\/24916\/revisions"}],"wp:featuredmedia":[{"embeddable":true,"href":"https:\/\/www.hml-fetish.de\/shop\/fr\/wp-json\/wp\/v2\/media\/24908"}],"wp:attachment":[{"href":"https:\/\/www.hml-fetish.de\/shop\/fr\/wp-json\/wp\/v2\/media?parent=24916"}],"wp:term":[{"taxonomy":"product_brand","embeddable":true,"href":"https:\/\/www.hml-fetish.de\/shop\/fr\/wp-json\/wp\/v2\/product_brand?post=24916"},{"taxonomy":"product_cat","embeddable":true,"href":"https:\/\/www.hml-fetish.de\/shop\/fr\/wp-json\/wp\/v2\/product_cat?post=24916"},{"taxonomy":"product_tag","embeddable":true,"href":"https:\/\/www.hml-fetish.de\/shop\/fr\/wp-json\/wp\/v2\/product_tag?post=24916"}],"curies":[{"name":"wp","href":"https:\/\/api.w.org\/{rel}","templated":true}]}}