{"id":24844,"date":"2022-01-23T22:47:28","date_gmt":"2022-01-23T21:47:28","guid":{"rendered":"https:\/\/www.hml-fetish.de\/shop\/ceinture-en-cuir-marron\/"},"modified":"2025-03-10T11:14:24","modified_gmt":"2025-03-10T10:14:24","slug":"ceinture-en-cuir-marron","status":"publish","type":"product","link":"https:\/\/www.hml-fetish.de\/shop\/fr\/ceinture-en-cuir-marron\/","title":{"rendered":"Ceinture en cuir marron"},"content":{"rendered":"<p>De la nouvelle ligne de design de la manufacture de cuir FH : une ceinture d&#8217;environ 3,5 mm d&#8217;\u00e9paisseur coup\u00e9e \u00e0 la main dans un cuir marron brillant avec une boucle \u00e0 rouleau massive. Nous te proposons deux largeurs diff\u00e9rentes, 40 mm et 50 mm. En outre, tu peux choisir entre une ceinture simple avec une surface lisse et une version avec des coutures d\u00e9coratives.<\/p>\n<p>Le cuir est un mat\u00e9riau naturel. Apr\u00e8s l&#8217;avoir port\u00e9 pendant un certain temps, tu remarqueras que le mat\u00e9riau s&#8217;assombrit l\u00e9g\u00e8rement. C&#8217;est normal pour un cuir clair. Il travaille et s&#8217;adapte \u00e0 toi. Au fil des ans, tu obtiendras ainsi une pi\u00e8ce unique et personnelle, pour ainsi dire ta deuxi\u00e8me peau !<\/p>\n<p><img decoding=\"async\" title=\"Tableau des tailles\" src=\"\/GIF\/sizefr_unisex_down.gif\" alt=\"Tableau des tailles\" width=\"114\" height=\"194\" border=\"0\" \/><\/p>\n<p><b>S\u00e9curit\u00e9 du produit:<\/b><br \/>\nIndication d&#8217;allergie : Mat\u00e9riau cuir de vachette, les parties m\u00e9talliques en contact avec la peau sont exemptes de rouille et de nickel<br \/>\nPersonne responsable<br \/>\nHML, propri\u00e9taire Dr. Detlef Moller<br \/>\nNeukirchstra\u00dfe 18<br \/>\n28215 Br\u00eame<br \/>\nAllemagne<br \/>\ninfo@hml-fetish.de<\/p>\n","protected":false},"excerpt":{"rendered":"<h4>Ceinture en cuir marron<\/h4>\n<p>De la nouvelle ligne de design de la manufacture de cuir FH : une ceinture d&#8217;environ 3,5 mm d&#8217;\u00e9paisseur coup\u00e9e \u00e0 la main dans un cuir marron brillant avec une boucle \u00e0 rouleau massive. Nous te proposons deux largeurs diff\u00e9rentes, 40 mm et 50 mm. En outre, tu peux choisir entre une ceinture simple avec une surface lisse et une version avec des coutures d\u00e9coratives.<\/p>\n","protected":false},"featured_media":24764,"comment_status":"open","ping_status":"closed","template":"","meta":[],"product_brand":[],"product_cat":[601],"product_tag":[3819,4400],"class_list":{"0":"post-24844","1":"product","2":"type-product","3":"status-publish","4":"has-post-thumbnail","6":"product_cat-ceintures-straps-fr","7":"product_tag-fh-ledermanufaktur-fr","8":"product_tag-hml-fetish-original-fr","9":"product_shipping_class-colis-fr","11":"first","12":"instock","13":"taxable","14":"shipping-taxable","15":"purchasable","16":"product-type-variable"},"_links":{"self":[{"href":"https:\/\/www.hml-fetish.de\/shop\/fr\/wp-json\/wp\/v2\/product\/24844","targetHints":{"allow":["GET"]}}],"collection":[{"href":"https:\/\/www.hml-fetish.de\/shop\/fr\/wp-json\/wp\/v2\/product"}],"about":[{"href":"https:\/\/www.hml-fetish.de\/shop\/fr\/wp-json\/wp\/v2\/types\/product"}],"replies":[{"embeddable":true,"href":"https:\/\/www.hml-fetish.de\/shop\/fr\/wp-json\/wp\/v2\/comments?post=24844"}],"version-history":[{"count":0,"href":"https:\/\/www.hml-fetish.de\/shop\/fr\/wp-json\/wp\/v2\/product\/24844\/revisions"}],"wp:featuredmedia":[{"embeddable":true,"href":"https:\/\/www.hml-fetish.de\/shop\/fr\/wp-json\/wp\/v2\/media\/24764"}],"wp:attachment":[{"href":"https:\/\/www.hml-fetish.de\/shop\/fr\/wp-json\/wp\/v2\/media?parent=24844"}],"wp:term":[{"taxonomy":"product_brand","embeddable":true,"href":"https:\/\/www.hml-fetish.de\/shop\/fr\/wp-json\/wp\/v2\/product_brand?post=24844"},{"taxonomy":"product_cat","embeddable":true,"href":"https:\/\/www.hml-fetish.de\/shop\/fr\/wp-json\/wp\/v2\/product_cat?post=24844"},{"taxonomy":"product_tag","embeddable":true,"href":"https:\/\/www.hml-fetish.de\/shop\/fr\/wp-json\/wp\/v2\/product_tag?post=24844"}],"curies":[{"name":"wp","href":"https:\/\/api.w.org\/{rel}","templated":true}]}}