{"id":24748,"date":"2022-01-23T22:47:28","date_gmt":"2022-01-23T21:47:28","guid":{"rendered":"https:\/\/www.hml-fetish.de\/shop\/5-cm-bracelet-en-cuir-marron\/"},"modified":"2025-01-29T17:55:24","modified_gmt":"2025-01-29T16:55:24","slug":"5-cm-bracelet-en-cuir-marron","status":"publish","type":"product","link":"https:\/\/www.hml-fetish.de\/shop\/fr\/5-cm-bracelet-en-cuir-marron\/","title":{"rendered":"5 cm Bracelet en cuir marron"},"content":{"rendered":"<p><P>Ce bracelet en cuir est fabriqu\u00e9 \u00e0 partir de trois couches de cuir de b\u0153uf marron, que nous surpiquons tout autour. La couche sup\u00e9rieure est en cuir de ceinture. Cela lui donne un aspect particuli\u00e8rement rustique. Les couches inf\u00e9rieures sont souples et agr\u00e9ables au toucher. Le bracelet a une \u00e9paisseur de 5,8 mm, une largeur de 5,5 cm et des boutons-pression inoxydables et sans nickel.<\/P><br \/>\n<P>Nous te proposons ce bracelet exclusif dans les tailles XS \u00e0 XXL et dans une surface simple et lisse ainsi que dans une version travaill\u00e9e avec des coutures d\u00e9coratives<br \/>\n<BR>Tip : les tailles plus petites s&#8217;adaptent aussi \u00e0 d&#8217;autres parties du corps<br \/>\n<BR><img decoding=\"async\" src=\"\/GIF\/sizefr_UA.gif\" alt=\"tableau des tailles\" title=\"tableau des tailles\" border=\"0\" height=\"189\" width=\"122\"><\/P><br \/>\n<P><B>S\u00e9curit\u00e9 du produit:<\/B><BR><br \/>\nIndication d&#8217;allergie : Mat\u00e9riau cuir de vachette, les parties m\u00e9talliques en contact avec la peau sont exemptes de rouille et de nickel<BR><br \/>\nPersonne responsable<BR><br \/>\nHML, propri\u00e9taire Dr. Detlef Moller<BR><br \/>\nNeukirchstra\u00dfe 18<BR><br \/>\n28215 Br\u00eame<BR><br \/>\nAllemagne<BR><br \/>\ninfo@hml-fetish.de<\/P><\/p>\n","protected":false},"excerpt":{"rendered":"<h4>5 cm Bracelet en cuir marron<\/h4>\n<p><P>Ce bracelet en cuir est fabriqu\u00e9 \u00e0 partir de trois couches de cuir de b\u0153uf marron, que nous surpiquons tout autour. La couche sup\u00e9rieure est en cuir de ceinture. Cela lui donne un aspect particuli\u00e8rement rustique. Les couches inf\u00e9rieures sont souples et agr\u00e9ables au toucher. Le bracelet a une \u00e9paisseur de 5,8 mm, une largeur de 5,5 cm et des boutons-pression inoxydables et sans nickel.<\/P><\/p>\n","protected":false},"featured_media":24704,"comment_status":"open","ping_status":"closed","template":"","meta":[],"product_brand":[],"product_cat":[732,604],"product_tag":[3819,4400],"class_list":{"0":"post-24748","1":"product","2":"type-product","3":"status-publish","4":"has-post-thumbnail","6":"product_cat-best-seller","7":"product_cat-bracelets","8":"product_tag-fh-ledermanufaktur-fr","9":"product_tag-hml-fetish-original-fr","10":"product_shipping_class-lettre","12":"first","13":"instock","14":"taxable","15":"shipping-taxable","16":"purchasable","17":"product-type-variable"},"_links":{"self":[{"href":"https:\/\/www.hml-fetish.de\/shop\/fr\/wp-json\/wp\/v2\/product\/24748","targetHints":{"allow":["GET"]}}],"collection":[{"href":"https:\/\/www.hml-fetish.de\/shop\/fr\/wp-json\/wp\/v2\/product"}],"about":[{"href":"https:\/\/www.hml-fetish.de\/shop\/fr\/wp-json\/wp\/v2\/types\/product"}],"replies":[{"embeddable":true,"href":"https:\/\/www.hml-fetish.de\/shop\/fr\/wp-json\/wp\/v2\/comments?post=24748"}],"version-history":[{"count":0,"href":"https:\/\/www.hml-fetish.de\/shop\/fr\/wp-json\/wp\/v2\/product\/24748\/revisions"}],"wp:featuredmedia":[{"embeddable":true,"href":"https:\/\/www.hml-fetish.de\/shop\/fr\/wp-json\/wp\/v2\/media\/24704"}],"wp:attachment":[{"href":"https:\/\/www.hml-fetish.de\/shop\/fr\/wp-json\/wp\/v2\/media?parent=24748"}],"wp:term":[{"taxonomy":"product_brand","embeddable":true,"href":"https:\/\/www.hml-fetish.de\/shop\/fr\/wp-json\/wp\/v2\/product_brand?post=24748"},{"taxonomy":"product_cat","embeddable":true,"href":"https:\/\/www.hml-fetish.de\/shop\/fr\/wp-json\/wp\/v2\/product_cat?post=24748"},{"taxonomy":"product_tag","embeddable":true,"href":"https:\/\/www.hml-fetish.de\/shop\/fr\/wp-json\/wp\/v2\/product_tag?post=24748"}],"curies":[{"name":"wp","href":"https:\/\/api.w.org\/{rel}","templated":true}]}}