{"id":24510,"date":"2022-01-23T22:48:18","date_gmt":"2022-01-23T21:48:18","guid":{"rendered":"https:\/\/www.hml-fetish.de\/shop\/poids-annulaire-en-acier-inox-en-deux-parties\/"},"modified":"2022-01-23T22:48:18","modified_gmt":"2022-01-23T21:48:18","slug":"poids-annulaire-en-acier-inox-en-deux-parties","status":"publish","type":"product","link":"https:\/\/www.hml-fetish.de\/shop\/fr\/poids-annulaire-en-acier-inox-en-deux-parties\/","title":{"rendered":"poids annulaire en acier inox en deux parties"},"content":{"rendered":"<p><P>Deux demi-anneaux en acier inoxydable m\u00e9dical massif, embo\u00eet\u00e9s, viss\u00e9s et polis mat, forment ce ballweight particulier. Disponible en quatre hauteurs et cinq diam\u00e8tres int\u00e9rieurs :<\/P><br \/>\n<TABLE><br \/>\n<TR><TH>Hauteur<\/TH><TH>Diam\u00e8tre int\u00e9rieur<\/TH><TH>Poids<\/TH><\/TR><br \/>\n<TR><TD>15 mm<\/TD><TD>30 mm<\/TD><TD>200 g<\/TD><\/TR><br \/>\n<TR><TD>15 mm<\/TD><TD>32,5 mm<\/TD><TD>200 g<\/TD><\/TR><br \/>\n<TR><TD>15 mm<\/TD><TD>35 mm<\/TD><TD>240 g<\/TD><\/TR><br \/>\n<TR><TD>15 mm<\/TD><TD>37,5 mm<\/TD><TD>240 g<\/TD><\/TR><br \/>\n<TR><TD>15 mm<\/TD><TD>40 mm<\/TD><TD>280 g<\/TD><\/TR><br \/>\n<TR><TD>30 mm<\/TD><TD>30 mm<\/TD><TD>480 g<\/TD><\/TR><br \/>\n<TR><TD>30 mm<\/TD><TD>32,5 mm<\/TD><TD>440 g<\/TD><\/TR><br \/>\n<TR><TD>30 mm<\/TD><TD>35 mm<\/TD><TD>440 g<\/TD><\/TR><br \/>\n<TR><TD>30 mm<\/TD><TD>37,5 mm<\/TD><TD>410 g<\/TD><\/TR><br \/>\n<TR><TD>30 mm<\/TD><TD>40 mm<\/TD><TD>380 g<\/TD><\/TR><br \/>\n<TR><TD>45 mm<\/TD><TD>30 mm<\/TD><TD>750 g<\/TD><\/TR><br \/>\n<TR><TD>45 mm<\/TD><TD>32,5 mm<\/TD><TD>750 g<\/TD><\/TR><br \/>\n<TR><TD>45 mm<\/TD><TD>35 mm<\/TD><TD>700 g<\/TD><\/TR><br \/>\n<TR><TD>45 mm<\/TD><TD>37,5 mm<\/TD><TD>550 g<\/TD><\/TR><br \/>\n<TR><TD>45 mm<\/TD><TD>40 mm<\/TD><TD>800 g<\/TD><\/TR><br \/>\n<TR><TD>60 mm<\/TD><TD>30 mm<\/TD><TD>1.150 g<\/TD><\/TR><br \/>\n<TR><TD>60 mm<\/TD><TD>34 mm<\/TD><TD>1.100 g<\/TD><\/TR><br \/>\n<TR><TD>60 mm<\/TD><TD>37 mm<\/TD><TD>1.000 g<\/TD><\/TR><br \/>\n<TR><TD>60 mm<\/TD><TD>40 mm<\/TD><TD>950 g<\/TD><\/TR><\/TABLE><br \/>\n<P>Ne t&#8217;\u00e9tonne pas de l&#8217;incoh\u00e9rence des poids. Ils d\u00e9pendent de plusieurs facteurs et nous avons \u00e9galement des stocks de diff\u00e9rents fournisseurs afin de pouvoir te fournir des ballweights de tailles interm\u00e9diaires comme 32,5 mm et 37,5 mm de diam\u00e8tre int\u00e9rieur, que tu ne peux pas obtenir ailleurs.<\/P><\/p>\n","protected":false},"excerpt":{"rendered":"<h4>poids annulaire en acier inox en deux parties<\/h4>\n<p><P>Deux demi-anneaux en acier inoxydable m\u00e9dical massif, embo\u00eet\u00e9s, viss\u00e9s et polis mat, forment ce ballweight particulier. Disponible en quatre hauteurs et cinq diam\u00e8tres int\u00e9rieurs :<\/P><\/p>\n","protected":false},"featured_media":24417,"comment_status":"open","ping_status":"closed","template":"","meta":[],"product_brand":[],"product_cat":[732,697,674],"product_tag":[],"class_list":{"0":"post-24510","1":"product","2":"type-product","3":"status-publish","4":"has-post-thumbnail","6":"product_cat-best-seller","7":"product_cat-cbt-fr","8":"product_cat-cock-rings-fr","9":"product_shipping_class-colis-fr","11":"first","12":"instock","13":"taxable","14":"shipping-taxable","15":"purchasable","16":"product-type-variable"},"_links":{"self":[{"href":"https:\/\/www.hml-fetish.de\/shop\/fr\/wp-json\/wp\/v2\/product\/24510","targetHints":{"allow":["GET"]}}],"collection":[{"href":"https:\/\/www.hml-fetish.de\/shop\/fr\/wp-json\/wp\/v2\/product"}],"about":[{"href":"https:\/\/www.hml-fetish.de\/shop\/fr\/wp-json\/wp\/v2\/types\/product"}],"replies":[{"embeddable":true,"href":"https:\/\/www.hml-fetish.de\/shop\/fr\/wp-json\/wp\/v2\/comments?post=24510"}],"version-history":[{"count":0,"href":"https:\/\/www.hml-fetish.de\/shop\/fr\/wp-json\/wp\/v2\/product\/24510\/revisions"}],"wp:featuredmedia":[{"embeddable":true,"href":"https:\/\/www.hml-fetish.de\/shop\/fr\/wp-json\/wp\/v2\/media\/24417"}],"wp:attachment":[{"href":"https:\/\/www.hml-fetish.de\/shop\/fr\/wp-json\/wp\/v2\/media?parent=24510"}],"wp:term":[{"taxonomy":"product_brand","embeddable":true,"href":"https:\/\/www.hml-fetish.de\/shop\/fr\/wp-json\/wp\/v2\/product_brand?post=24510"},{"taxonomy":"product_cat","embeddable":true,"href":"https:\/\/www.hml-fetish.de\/shop\/fr\/wp-json\/wp\/v2\/product_cat?post=24510"},{"taxonomy":"product_tag","embeddable":true,"href":"https:\/\/www.hml-fetish.de\/shop\/fr\/wp-json\/wp\/v2\/product_tag?post=24510"}],"curies":[{"name":"wp","href":"https:\/\/api.w.org\/{rel}","templated":true}]}}