{"id":24388,"date":"2022-01-23T22:48:18","date_gmt":"2022-01-23T21:48:18","guid":{"rendered":"https:\/\/www.hml-fetish.de\/shop\/ball-stretcher-magnetique\/"},"modified":"2022-01-23T22:48:18","modified_gmt":"2022-01-23T21:48:18","slug":"ball-stretcher-magnetique","status":"publish","type":"product","link":"https:\/\/www.hml-fetish.de\/shop\/fr\/ball-stretcher-magnetique\/","title":{"rendered":"Ball-stretcher magnetique"},"content":{"rendered":"<p><P>Ne n\u00e9cessite que 30 secondes pour \u00eatre mis en place : le premier ballstretcher qui fonctionne avec des aimants. Fabriqu\u00e9 en Allemagne. Plus de cl\u00e9s perdues. Un seul clic et c&#8217;est fini ! Utilise de pr\u00e9f\u00e9rence de l&#8217;alcool pour nettoyer les petits aimants, si cela s&#8217;av\u00e8re n\u00e9cessaire. Les aimants ne sont pas inoxydables. Sinon, ce ne seraient pas des aimants.<br \/>\n<BR>Nous avons en stock ces attracteurs de balles en acier inoxydable dans les tailles suivantes:<br \/>\n<BR>\u00d8 35 mm hauteur, 40 mm poids env. 500 g<br \/>\n<BR>\u00d8 35 mm de hauteur, 50 mm Poids env. 600 g<br \/>\n<BR>\u00d8 39 mm hauteur, 50 mm poids env. 600 g<br \/>\n<BR><img decoding=\"async\" src=\"\/GIF\/sizefr_ID.gif\" alt=\"taille = diam\u00e8tre int\u00e9rieur\" title=\"taille = diam\u00e8tre int\u00e9rieur\" border=\"0\" height=\"67\" width=\"183\"><\/P><\/p>\n","protected":false},"excerpt":{"rendered":"<h4>Ball-stretcher magnetique<\/h4>\n<p><P>Ne n\u00e9cessite que 30 secondes pour \u00eatre mis en place : le premier ballstretcher qui fonctionne avec des aimants. Fabriqu\u00e9 en Allemagne. Plus de cl\u00e9s perdues. Un seul clic et c&#8217;est fini ! Utilise de pr\u00e9f\u00e9rence de l&#8217;alcool pour nettoyer les petits aimants, si cela s&#8217;av\u00e8re n\u00e9cessaire.<\/P><\/p>\n","protected":false},"featured_media":24372,"comment_status":"open","ping_status":"closed","template":"","meta":[],"product_brand":[],"product_cat":[697,752],"product_tag":[],"class_list":{"0":"post-24388","1":"product","2":"type-product","3":"status-publish","4":"has-post-thumbnail","6":"product_cat-cbt-fr","7":"product_cat-fin-de-serie","8":"product_shipping_class-colis-fr","10":"first","11":"instock","12":"sale","13":"taxable","14":"shipping-taxable","15":"purchasable","16":"product-type-variable"},"_links":{"self":[{"href":"https:\/\/www.hml-fetish.de\/shop\/fr\/wp-json\/wp\/v2\/product\/24388","targetHints":{"allow":["GET"]}}],"collection":[{"href":"https:\/\/www.hml-fetish.de\/shop\/fr\/wp-json\/wp\/v2\/product"}],"about":[{"href":"https:\/\/www.hml-fetish.de\/shop\/fr\/wp-json\/wp\/v2\/types\/product"}],"replies":[{"embeddable":true,"href":"https:\/\/www.hml-fetish.de\/shop\/fr\/wp-json\/wp\/v2\/comments?post=24388"}],"version-history":[{"count":0,"href":"https:\/\/www.hml-fetish.de\/shop\/fr\/wp-json\/wp\/v2\/product\/24388\/revisions"}],"wp:featuredmedia":[{"embeddable":true,"href":"https:\/\/www.hml-fetish.de\/shop\/fr\/wp-json\/wp\/v2\/media\/24372"}],"wp:attachment":[{"href":"https:\/\/www.hml-fetish.de\/shop\/fr\/wp-json\/wp\/v2\/media?parent=24388"}],"wp:term":[{"taxonomy":"product_brand","embeddable":true,"href":"https:\/\/www.hml-fetish.de\/shop\/fr\/wp-json\/wp\/v2\/product_brand?post=24388"},{"taxonomy":"product_cat","embeddable":true,"href":"https:\/\/www.hml-fetish.de\/shop\/fr\/wp-json\/wp\/v2\/product_cat?post=24388"},{"taxonomy":"product_tag","embeddable":true,"href":"https:\/\/www.hml-fetish.de\/shop\/fr\/wp-json\/wp\/v2\/product_tag?post=24388"}],"curies":[{"name":"wp","href":"https:\/\/api.w.org\/{rel}","templated":true}]}}