{"id":24328,"date":"2022-01-23T22:48:19","date_gmt":"2022-01-23T21:48:19","guid":{"rendered":"https:\/\/www.hml-fetish.de\/shop\/carte-a-volet-cops-and-robbers\/"},"modified":"2022-01-23T22:48:19","modified_gmt":"2022-01-23T21:48:19","slug":"carte-a-volet-cops-and-robbers","status":"publish","type":"product","link":"https:\/\/www.hml-fetish.de\/shop\/fr\/carte-a-volet-cops-and-robbers\/","title":{"rendered":"Carte \u00e0 volet Cops and Robbers"},"content":{"rendered":"<p><P>Rarissime carte cadeau avec une enveloppe et un motif \u00e9rotique. Une pi\u00e8ce de collection !<br \/>\n<BR>Carte pliante dans une enveloppe<br \/>\n<BR>Taille 125 x 165 mm<br \/>\n<BR>Dessin\u00e9e en couleur<br \/>\n<BR>Edition-Bastille 1987<\/P><\/p>\n","protected":false},"excerpt":{"rendered":"<h4>Carte \u00e0 volet Cops and Robbers<\/h4>\n<p><P>Rarissime carte cadeau avec une enveloppe et un motif \u00e9rotique. Une pi\u00e8ce de collection !<br \/>\n<BR>Carte pliante dans une enveloppe<br \/>\n<BR>Taille 125 x 165 mm<br \/>\n<BR>Dessin\u00e9e en couleur<br \/>\n<BR>Edition-Bastille 1987<\/P><\/p>\n","protected":false},"featured_media":24315,"comment_status":"open","ping_status":"closed","template":"","meta":[],"product_brand":[],"product_cat":[718],"product_tag":[],"class_list":{"0":"post-24328","1":"product","2":"type-product","3":"status-publish","4":"has-post-thumbnail","6":"product_cat-cartes","7":"product_shipping_class-lettre","9":"first","10":"instock","11":"taxable","12":"shipping-taxable","13":"purchasable","14":"product-type-simple"},"_links":{"self":[{"href":"https:\/\/www.hml-fetish.de\/shop\/fr\/wp-json\/wp\/v2\/product\/24328","targetHints":{"allow":["GET"]}}],"collection":[{"href":"https:\/\/www.hml-fetish.de\/shop\/fr\/wp-json\/wp\/v2\/product"}],"about":[{"href":"https:\/\/www.hml-fetish.de\/shop\/fr\/wp-json\/wp\/v2\/types\/product"}],"replies":[{"embeddable":true,"href":"https:\/\/www.hml-fetish.de\/shop\/fr\/wp-json\/wp\/v2\/comments?post=24328"}],"version-history":[{"count":0,"href":"https:\/\/www.hml-fetish.de\/shop\/fr\/wp-json\/wp\/v2\/product\/24328\/revisions"}],"wp:featuredmedia":[{"embeddable":true,"href":"https:\/\/www.hml-fetish.de\/shop\/fr\/wp-json\/wp\/v2\/media\/24315"}],"wp:attachment":[{"href":"https:\/\/www.hml-fetish.de\/shop\/fr\/wp-json\/wp\/v2\/media?parent=24328"}],"wp:term":[{"taxonomy":"product_brand","embeddable":true,"href":"https:\/\/www.hml-fetish.de\/shop\/fr\/wp-json\/wp\/v2\/product_brand?post=24328"},{"taxonomy":"product_cat","embeddable":true,"href":"https:\/\/www.hml-fetish.de\/shop\/fr\/wp-json\/wp\/v2\/product_cat?post=24328"},{"taxonomy":"product_tag","embeddable":true,"href":"https:\/\/www.hml-fetish.de\/shop\/fr\/wp-json\/wp\/v2\/product_tag?post=24328"}],"curies":[{"name":"wp","href":"https:\/\/api.w.org\/{rel}","templated":true}]}}