{"id":24256,"date":"2022-01-23T22:48:19","date_gmt":"2022-01-23T21:48:19","guid":{"rendered":"https:\/\/www.hml-fetish.de\/shop\/carte-a-volet-bear-hugs\/"},"modified":"2022-01-23T22:48:19","modified_gmt":"2022-01-23T21:48:19","slug":"carte-a-volet-bear-hugs","status":"publish","type":"product","link":"https:\/\/www.hml-fetish.de\/shop\/fr\/carte-a-volet-bear-hugs\/","title":{"rendered":"Carte \u00e0 volet Bear Hugs"},"content":{"rendered":"<p><P>Rarissime carte cadeau avec une enveloppe et un motif \u00e9rotique. Une pi\u00e8ce de collection !<br \/>\n<BR>Carte pliante dans une enveloppe<br \/>\n<BR>Taille 130 x 180 mm<br \/>\n<BR>Dessin\u00e9e en couleur<br \/>\n<BR>Texte int\u00e9rieur &#8220;An extra BIG HUG for you !&#8221;<br \/>\n<BR>Andi-Lambert<\/P><\/p>\n","protected":false},"excerpt":{"rendered":"<h4>Carte \u00e0 volet Bear Hugs<\/h4>\n<p><P>Rarissime carte cadeau avec une enveloppe et un motif \u00e9rotique. Une pi\u00e8ce de collection !<br \/>\n<BR>Carte pliante dans une enveloppe<br \/>\n<BR>Taille 130 x 180 mm<br \/>\n<BR>Dessin\u00e9e en couleur<br \/>\n<BR>Texte int\u00e9rieur &#8220;An extra BIG HUG for you !&#8221;<br \/>\n<BR>Andi-Lambert<\/P><\/p>\n","protected":false},"featured_media":24245,"comment_status":"open","ping_status":"closed","template":"","meta":[],"product_brand":[],"product_cat":[718],"product_tag":[],"class_list":{"0":"post-24256","1":"product","2":"type-product","3":"status-publish","4":"has-post-thumbnail","6":"product_cat-cartes","7":"product_shipping_class-lettre","9":"first","10":"instock","11":"taxable","12":"shipping-taxable","13":"purchasable","14":"product-type-simple"},"_links":{"self":[{"href":"https:\/\/www.hml-fetish.de\/shop\/fr\/wp-json\/wp\/v2\/product\/24256","targetHints":{"allow":["GET"]}}],"collection":[{"href":"https:\/\/www.hml-fetish.de\/shop\/fr\/wp-json\/wp\/v2\/product"}],"about":[{"href":"https:\/\/www.hml-fetish.de\/shop\/fr\/wp-json\/wp\/v2\/types\/product"}],"replies":[{"embeddable":true,"href":"https:\/\/www.hml-fetish.de\/shop\/fr\/wp-json\/wp\/v2\/comments?post=24256"}],"version-history":[{"count":0,"href":"https:\/\/www.hml-fetish.de\/shop\/fr\/wp-json\/wp\/v2\/product\/24256\/revisions"}],"wp:featuredmedia":[{"embeddable":true,"href":"https:\/\/www.hml-fetish.de\/shop\/fr\/wp-json\/wp\/v2\/media\/24245"}],"wp:attachment":[{"href":"https:\/\/www.hml-fetish.de\/shop\/fr\/wp-json\/wp\/v2\/media?parent=24256"}],"wp:term":[{"taxonomy":"product_brand","embeddable":true,"href":"https:\/\/www.hml-fetish.de\/shop\/fr\/wp-json\/wp\/v2\/product_brand?post=24256"},{"taxonomy":"product_cat","embeddable":true,"href":"https:\/\/www.hml-fetish.de\/shop\/fr\/wp-json\/wp\/v2\/product_cat?post=24256"},{"taxonomy":"product_tag","embeddable":true,"href":"https:\/\/www.hml-fetish.de\/shop\/fr\/wp-json\/wp\/v2\/product_tag?post=24256"}],"curies":[{"name":"wp","href":"https:\/\/api.w.org\/{rel}","templated":true}]}}