{"id":24157,"date":"2022-01-23T22:48:22","date_gmt":"2022-01-23T21:48:22","guid":{"rendered":"https:\/\/www.hml-fetish.de\/shop\/ceinture-gratuite-avec-pantalons-cuir\/"},"modified":"2022-01-23T22:48:22","modified_gmt":"2022-01-23T21:48:22","slug":"ceinture-gratuite-avec-pantalons-cuir","status":"publish","type":"product","link":"https:\/\/www.hml-fetish.de\/shop\/fr\/ceinture-gratuite-avec-pantalons-cuir\/","title":{"rendered":"Ceinture gratuite avec pantalons cuir"},"content":{"rendered":"<p><P>Deux couches de nappa solide et souple aux bords cousus et aux oeillets renforc\u00e9s avec des rivets. Travaill\u00e9 enti\u00e8rement \u00e0 main voil\u00e0 une ceinture qui te fera plaisir longtemps. Aussi r\u00e9sistant que les ceintures d&#8217;une seule couche mais bien plus souple et moins sensible \u00e0 l&#8217;humidit\u00e9. 40 mm de large et noir elle est disponible dans les tailles S \u00e0 XL.<\/P><br \/>\n<P><B>Cette ceinture en cuir n&#8217;est disponible qu&#8217;ensemble avec un de nos pantalons longs en cuir command\u00e9 au m\u00eame moment. L&#8217;offre est limit\u00e9e dans le temps. En aucun cas, cette ceinture ne peut \u00eatre command\u00e9e seule!<\/B><br \/>\n<BR><img decoding=\"async\" src=\"\/GIF\/sizefr_belt.gif\" alt=\"tableau des tailles\" title=\"tableau des tailles\" border=\"0\" height=\"196\" width=\"135\"><\/P><\/p>\n","protected":false},"excerpt":{"rendered":"<h4>Ceinture gratuite avec pantalons cuir<\/h4>\n<p><P><B>Cette ceinture n&#8217;est disponible qu&#8217;ensemble avec un de nos pantalons longs en cuir command\u00e9 au m\u00eame moment. L&#8217;offre est limit\u00e9e dans le temps. En aucun cas, cette ceinture ne peut \u00eatre command\u00e9e seule!<\/B><\/P><\/p>\n","protected":false},"featured_media":24015,"comment_status":"open","ping_status":"closed","template":"","meta":[],"product_brand":[],"product_cat":[737],"product_tag":[],"class_list":{"0":"post-24157","1":"product","2":"type-product","3":"status-publish","4":"has-post-thumbnail","6":"product_cat-offert-pour-toute-commande","7":"product_shipping_class-colis-fr","9":"first","10":"instock","11":"sale","12":"taxable","13":"shipping-taxable","14":"purchasable","15":"product-type-variable"},"_links":{"self":[{"href":"https:\/\/www.hml-fetish.de\/shop\/fr\/wp-json\/wp\/v2\/product\/24157","targetHints":{"allow":["GET"]}}],"collection":[{"href":"https:\/\/www.hml-fetish.de\/shop\/fr\/wp-json\/wp\/v2\/product"}],"about":[{"href":"https:\/\/www.hml-fetish.de\/shop\/fr\/wp-json\/wp\/v2\/types\/product"}],"replies":[{"embeddable":true,"href":"https:\/\/www.hml-fetish.de\/shop\/fr\/wp-json\/wp\/v2\/comments?post=24157"}],"version-history":[{"count":0,"href":"https:\/\/www.hml-fetish.de\/shop\/fr\/wp-json\/wp\/v2\/product\/24157\/revisions"}],"wp:featuredmedia":[{"embeddable":true,"href":"https:\/\/www.hml-fetish.de\/shop\/fr\/wp-json\/wp\/v2\/media\/24015"}],"wp:attachment":[{"href":"https:\/\/www.hml-fetish.de\/shop\/fr\/wp-json\/wp\/v2\/media?parent=24157"}],"wp:term":[{"taxonomy":"product_brand","embeddable":true,"href":"https:\/\/www.hml-fetish.de\/shop\/fr\/wp-json\/wp\/v2\/product_brand?post=24157"},{"taxonomy":"product_cat","embeddable":true,"href":"https:\/\/www.hml-fetish.de\/shop\/fr\/wp-json\/wp\/v2\/product_cat?post=24157"},{"taxonomy":"product_tag","embeddable":true,"href":"https:\/\/www.hml-fetish.de\/shop\/fr\/wp-json\/wp\/v2\/product_tag?post=24157"}],"curies":[{"name":"wp","href":"https:\/\/api.w.org\/{rel}","templated":true}]}}