{"id":24128,"date":"2022-01-23T22:48:23","date_gmt":"2022-01-23T21:48:23","guid":{"rendered":"https:\/\/www.hml-fetish.de\/shop\/ceinture-a-oeillet-en-cuir\/"},"modified":"2026-02-12T14:08:57","modified_gmt":"2026-02-12T13:08:57","slug":"ceinture-a-oeillet-en-cuir","status":"publish","type":"product","link":"https:\/\/www.hml-fetish.de\/shop\/fr\/ceinture-a-oeillet-en-cuir\/","title":{"rendered":"Ceinture \u00e0 \u0153illet en cuir"},"content":{"rendered":"<p><P>C&#8217;est ainsi que nous travaillons le cuir ! Deux couches coll\u00e9es, des surpiq\u00fbres tout autour et des trous renforc\u00e9s par des \u0153illets sans nickel : voil\u00e0 ce qui fait une ceinture que tu pourras porter longtemps. Elle est au moins aussi r\u00e9sistante que les ceintures monocouches de m\u00eame \u00e9paisseur, mais elle est beaucoup plus souple et moins sensible \u00e0 l&#8217;humidit\u00e9 et aux contraintes s\u00e9v\u00e8res. Apr\u00e8s 20 ans, le personnel porte toujours la premi\u00e8re ceinture, car elle est tout simplement incassable.<\/P><br \/>\n<P>Cette ceinture solide et r\u00e9sistante est dot\u00e9e d&#8217;une boucle \u00e0 rouleau \u00e0 deux ardillons et d&#8217;\u0153illets sur toute la longueur, ce qui permet \u00e9galement de l&#8217;utiliser comme entrave. En passant des cordons de cuir dans les \u0153illets, tu peux y attacher tout ce que tu veux. Cette ceinture \u00e0 deux couches est disponible en sept tailles : S, M, L, XL, XXL, XXXL et 4XL. Elle a une largeur de 40 ou 50 mm et est bien s\u00fbr noire. Voil\u00e0 \u00e0 quoi doit ressembler le \u00ab made in Germany \u00bb d&#8217;aujourd&#8217;hui !<br \/>\n<BR><img decoding=\"async\" src=\"\/GIF\/sizefr_belt.gif\" alt=\"tableau des tailles\" title=\"tableau des tailles\" border=\"0\" height=\"196\" width=\"135\"><\/P><\/p>\n","protected":false},"excerpt":{"rendered":"<h4>Ceinture \u00e0 \u0153illet en cuir<\/h4>\n<p><P>C&#8217;est ainsi que nous travaillons le cuir ! Deux couches coll\u00e9es, des surpiq\u00fbres tout autour et des trous renforc\u00e9s par des \u0153illets sans nickel : voil\u00e0 ce qui fait une ceinture que tu pourras porter longtemps. Elle est au moins aussi r\u00e9sistante que les ceintures monocouches de m\u00eame \u00e9paisseur, mais elle est beaucoup plus souple et moins sensible \u00e0 l&#8217;humidit\u00e9 et aux contraintes s\u00e9v\u00e8res. Apr\u00e8s 20 ans, le personnel porte toujours la premi\u00e8re ceinture, car elle est tout simplement incassable.<\/P><\/p>\n","protected":false},"featured_media":24074,"comment_status":"open","ping_status":"closed","template":"","meta":[],"product_brand":[],"product_cat":[601,732,690],"product_tag":[4400],"class_list":{"0":"post-24128","1":"product","2":"type-product","3":"status-publish","4":"has-post-thumbnail","6":"product_cat-ceintures-straps-fr","7":"product_cat-best-seller","8":"product_cat-bondage-fr","9":"product_tag-hml-fetish-original-fr","10":"product_shipping_class-colis-fr","12":"first","13":"instock","14":"taxable","15":"shipping-taxable","16":"purchasable","17":"product-type-variable"},"_links":{"self":[{"href":"https:\/\/www.hml-fetish.de\/shop\/fr\/wp-json\/wp\/v2\/product\/24128","targetHints":{"allow":["GET"]}}],"collection":[{"href":"https:\/\/www.hml-fetish.de\/shop\/fr\/wp-json\/wp\/v2\/product"}],"about":[{"href":"https:\/\/www.hml-fetish.de\/shop\/fr\/wp-json\/wp\/v2\/types\/product"}],"replies":[{"embeddable":true,"href":"https:\/\/www.hml-fetish.de\/shop\/fr\/wp-json\/wp\/v2\/comments?post=24128"}],"version-history":[{"count":0,"href":"https:\/\/www.hml-fetish.de\/shop\/fr\/wp-json\/wp\/v2\/product\/24128\/revisions"}],"wp:featuredmedia":[{"embeddable":true,"href":"https:\/\/www.hml-fetish.de\/shop\/fr\/wp-json\/wp\/v2\/media\/24074"}],"wp:attachment":[{"href":"https:\/\/www.hml-fetish.de\/shop\/fr\/wp-json\/wp\/v2\/media?parent=24128"}],"wp:term":[{"taxonomy":"product_brand","embeddable":true,"href":"https:\/\/www.hml-fetish.de\/shop\/fr\/wp-json\/wp\/v2\/product_brand?post=24128"},{"taxonomy":"product_cat","embeddable":true,"href":"https:\/\/www.hml-fetish.de\/shop\/fr\/wp-json\/wp\/v2\/product_cat?post=24128"},{"taxonomy":"product_tag","embeddable":true,"href":"https:\/\/www.hml-fetish.de\/shop\/fr\/wp-json\/wp\/v2\/product_tag?post=24128"}],"curies":[{"name":"wp","href":"https:\/\/api.w.org\/{rel}","templated":true}]}}