{"id":24056,"date":"2022-01-23T22:48:22","date_gmt":"2022-01-23T21:48:22","guid":{"rendered":"https:\/\/www.hml-fetish.de\/shop\/ceinture-en-cuir-en-double-epaisseur\/"},"modified":"2022-01-23T22:48:22","modified_gmt":"2022-01-23T21:48:22","slug":"ceinture-en-cuir-en-double-epaisseur","status":"publish","type":"product","link":"https:\/\/www.hml-fetish.de\/shop\/fr\/ceinture-en-cuir-en-double-epaisseur\/","title":{"rendered":"Ceinture en cuir en double \u00e9paisseur"},"content":{"rendered":"<p><P>C&#8217;est ainsi que nous travaillons le cuir ! Deux couches coll\u00e9es, des surpiq\u00fbres tout autour, des trous renforc\u00e9s par des \u0153illets sans nickel &#8211; cela donne une ceinture dont tu profiteras longtemps. Elle est au moins aussi r\u00e9sistante que les ceintures monocouches de m\u00eame \u00e9paisseur, mais beaucoup plus souple et moins sensible \u00e0 l&#8217;humidit\u00e9 et aux contraintes s\u00e9v\u00e8res. Apr\u00e8s 20 ans, le personnel porte toujours la premi\u00e8re ceinture, car elle est tout simplement incassable.<\/P><br \/>\n<P>La ceinture a une largeur de 40 mm ou 50 mm au choix, elle est noire et existe dans les longueurs de S \u00e0 4XL. Nous livrons cette ceinture avec une boucle \u00e0 rouleau \u00e0 deux ardillons pour une largeur de 50 mm et avec une boucle \u00e0 rouleau \u00e0 un ardillon pour une largeur de 40 mm. Voil\u00e0 \u00e0 quoi doit ressembler aujourd&#8217;hui le &#8220;made in Germany&#8221; !<br \/>\n<BR><img decoding=\"async\" src=\"\/GIF\/sizefr_belt.gif\" alt=\"tableau des tailles\" title=\"tableau des tailles\" border=\"0\" height=\"196\" width=\"135\"><\/P><\/p>\n","protected":false},"excerpt":{"rendered":"<h4>Ceinture en cuir en double \u00e9paisseur<\/h4>\n<p><P>Voil\u00e0 du cuir comme nous le travaillons! Deux couches, solidement coll\u00e9es, piqu\u00e9es autour et les trous reforc\u00e9s aux \u0153illets non nickel\u00e9s. Il en r\u00e9sulte une ceinture qui tu fera plaisir pendant tr\u00e8s longtemps. Aussi solide qu&#8217;une ceinture en cuir simple mains bien plus souple et tol\u00e9rante \u00e0 l&#8217;humidit\u00e9.<\/P><\/p>\n","protected":false},"featured_media":24000,"comment_status":"open","ping_status":"closed","template":"","meta":[],"product_brand":[],"product_cat":[732,601],"product_tag":[4400],"class_list":{"0":"post-24056","1":"product","2":"type-product","3":"status-publish","4":"has-post-thumbnail","6":"product_cat-best-seller","7":"product_cat-ceintures-straps-fr","8":"product_tag-hml-fetish-original-fr","9":"product_shipping_class-colis-fr","11":"first","12":"instock","13":"taxable","14":"shipping-taxable","15":"purchasable","16":"product-type-variable"},"_links":{"self":[{"href":"https:\/\/www.hml-fetish.de\/shop\/fr\/wp-json\/wp\/v2\/product\/24056","targetHints":{"allow":["GET"]}}],"collection":[{"href":"https:\/\/www.hml-fetish.de\/shop\/fr\/wp-json\/wp\/v2\/product"}],"about":[{"href":"https:\/\/www.hml-fetish.de\/shop\/fr\/wp-json\/wp\/v2\/types\/product"}],"replies":[{"embeddable":true,"href":"https:\/\/www.hml-fetish.de\/shop\/fr\/wp-json\/wp\/v2\/comments?post=24056"}],"version-history":[{"count":0,"href":"https:\/\/www.hml-fetish.de\/shop\/fr\/wp-json\/wp\/v2\/product\/24056\/revisions"}],"wp:featuredmedia":[{"embeddable":true,"href":"https:\/\/www.hml-fetish.de\/shop\/fr\/wp-json\/wp\/v2\/media\/24000"}],"wp:attachment":[{"href":"https:\/\/www.hml-fetish.de\/shop\/fr\/wp-json\/wp\/v2\/media?parent=24056"}],"wp:term":[{"taxonomy":"product_brand","embeddable":true,"href":"https:\/\/www.hml-fetish.de\/shop\/fr\/wp-json\/wp\/v2\/product_brand?post=24056"},{"taxonomy":"product_cat","embeddable":true,"href":"https:\/\/www.hml-fetish.de\/shop\/fr\/wp-json\/wp\/v2\/product_cat?post=24056"},{"taxonomy":"product_tag","embeddable":true,"href":"https:\/\/www.hml-fetish.de\/shop\/fr\/wp-json\/wp\/v2\/product_tag?post=24056"}],"curies":[{"name":"wp","href":"https:\/\/api.w.org\/{rel}","templated":true}]}}