{"id":23934,"date":"2022-01-23T22:48:24","date_gmt":"2022-01-23T21:48:24","guid":{"rendered":"https:\/\/www.hml-fetish.de\/shop\/ceinture-en-cuir-55-mm\/"},"modified":"2023-07-09T11:02:32","modified_gmt":"2023-07-09T09:02:32","slug":"ceinture-en-cuir-55-mm","status":"publish","type":"product","link":"https:\/\/www.hml-fetish.de\/shop\/fr\/ceinture-en-cuir-55-mm\/","title":{"rendered":"Ceinture en cuir 55 mm"},"content":{"rendered":"<p><P>Il s&#8217;agit d&#8217;une de nos ceintures en cuir haut de gamme &#8211; ici dans une version ultra large. Avec une boucle \u00e0 rouleau \u00e0 deux ardillons, exactement comme une ceinture Sam Brown am\u00e9ricaine (c&#8217;est ce que portent les flics !), elle est visuellement tr\u00e8s impressionnante. Gr\u00e2ce \u00e0 sa finition particuli\u00e8re &#8211; trois couches de cuir sup\u00e9rieur de b\u0153uf nappa soigneusement coll\u00e9es, cousues, surpiqu\u00e9es de mani\u00e8re d\u00e9corative et bient\u00f4t 4 mm d&#8217;\u00e9paisseur &#8211; elle est presque indestructible et dure toute une vie. Une ceinture de ce type de fabrication co\u00fbte normalement trois chiffres.<\/P><br \/>\n<P>Nous livrons cette ceinture en deux variantes de couleur : avec une boucle nickel\u00e9e de couleur argent\u00e9e ou avec une boucle dor\u00e9e en laiton.<br \/>\n<BR><img decoding=\"async\" src=\"\/GIF\/sizefr_belt.gif\" alt=\"tableau des tailles\" title=\"tableau des tailles\" border=\"0\" height=\"196\" width=\"135\"><\/P><\/p>\n","protected":false},"excerpt":{"rendered":"<h4>Ceinture en cuir 55 mm<\/h4>\n<p><P>Il s&#8217;agit d&#8217;une de nos ceintures en cuir haut de gamme &#8211; ici dans une version ultra large. Avec une boucle \u00e0 rouleau \u00e0 deux ardillons, exactement comme une ceinture Sam Brown am\u00e9ricaine (c&#8217;est ce que portent les flics !), elle est visuellement tr\u00e8s impressionnante. Gr\u00e2ce \u00e0 sa finition particuli\u00e8re &#8211; trois couches de cuir sup\u00e9rieur de b\u0153uf nappa soigneusement coll\u00e9es, cousues, surpiqu\u00e9es de mani\u00e8re d\u00e9corative et bient\u00f4t 4 mm d&#8217;\u00e9paisseur &#8211; elle est presque indestructible et dure toute une vie. Une ceinture de ce type de fabrication co\u00fbte normalement trois chiffres.<\/P><\/p>\n","protected":false},"featured_media":23894,"comment_status":"open","ping_status":"closed","template":"","meta":[],"product_brand":[],"product_cat":[601,646],"product_tag":[4384,4400],"class_list":{"0":"post-23934","1":"product","2":"type-product","3":"status-publish","4":"has-post-thumbnail","6":"product_cat-ceintures-straps-fr","7":"product_cat-ceintures-straps","8":"product_tag-best-seller-police-fr","9":"product_tag-hml-fetish-original-fr","10":"product_shipping_class-colis-fr","12":"first","13":"instock","14":"taxable","15":"shipping-taxable","16":"purchasable","17":"product-type-variable"},"_links":{"self":[{"href":"https:\/\/www.hml-fetish.de\/shop\/fr\/wp-json\/wp\/v2\/product\/23934","targetHints":{"allow":["GET"]}}],"collection":[{"href":"https:\/\/www.hml-fetish.de\/shop\/fr\/wp-json\/wp\/v2\/product"}],"about":[{"href":"https:\/\/www.hml-fetish.de\/shop\/fr\/wp-json\/wp\/v2\/types\/product"}],"replies":[{"embeddable":true,"href":"https:\/\/www.hml-fetish.de\/shop\/fr\/wp-json\/wp\/v2\/comments?post=23934"}],"version-history":[{"count":0,"href":"https:\/\/www.hml-fetish.de\/shop\/fr\/wp-json\/wp\/v2\/product\/23934\/revisions"}],"wp:featuredmedia":[{"embeddable":true,"href":"https:\/\/www.hml-fetish.de\/shop\/fr\/wp-json\/wp\/v2\/media\/23894"}],"wp:attachment":[{"href":"https:\/\/www.hml-fetish.de\/shop\/fr\/wp-json\/wp\/v2\/media?parent=23934"}],"wp:term":[{"taxonomy":"product_brand","embeddable":true,"href":"https:\/\/www.hml-fetish.de\/shop\/fr\/wp-json\/wp\/v2\/product_brand?post=23934"},{"taxonomy":"product_cat","embeddable":true,"href":"https:\/\/www.hml-fetish.de\/shop\/fr\/wp-json\/wp\/v2\/product_cat?post=23934"},{"taxonomy":"product_tag","embeddable":true,"href":"https:\/\/www.hml-fetish.de\/shop\/fr\/wp-json\/wp\/v2\/product_tag?post=23934"}],"curies":[{"name":"wp","href":"https:\/\/api.w.org\/{rel}","templated":true}]}}