{"id":23876,"date":"2022-01-23T22:48:24","date_gmt":"2022-01-23T21:48:24","guid":{"rendered":"https:\/\/www.hml-fetish.de\/shop\/ceinture-en-latex\/"},"modified":"2022-01-23T22:48:24","modified_gmt":"2022-01-23T21:48:24","slug":"ceinture-en-latex","status":"publish","type":"product","link":"https:\/\/www.hml-fetish.de\/shop\/fr\/ceinture-en-latex\/","title":{"rendered":"Ceinture en latex"},"content":{"rendered":"<p><P>Une ceinture travaill\u00e9e en latex lourd de 2,5 mm d&#8217;\u00e9paisseur. Sa triplure en textile fin la rend particuli\u00e8rement solide. Boucle lourde en couleur argent et oeuillets renforc\u00e9s. Elle est disponible en 40 mm et 50 mm de largeur et en diff\u00e9rentes tailles.<br \/>\n<BR><img decoding=\"async\" src=\"\/GIF\/sizefr_belt2.gif\" alt=\"tableau des tailles\" title=\"tableau des tailles\" border=\"0\" height=\"196\" width=\"135\"><\/P><\/p>\n","protected":false},"excerpt":{"rendered":"<h4>Ceinture en latex<\/h4>\n<p><P>Une ceinture travaill\u00e9e en latex lourd de 2,5 mm d&#8217;\u00e9paisseur. Sa triplure en textile fin la rend particuli\u00e8rement solide. Boucle lourde en couleur argent et oeuillets renforc\u00e9s.<\/P><\/p>\n","protected":false},"featured_media":23822,"comment_status":"open","ping_status":"closed","template":"","meta":[],"product_brand":[],"product_cat":[624,601,752],"product_tag":[],"class_list":{"0":"post-23876","1":"product","2":"type-product","3":"status-publish","4":"has-post-thumbnail","6":"product_cat-accessoires-en-latex","7":"product_cat-ceintures-straps-fr","8":"product_cat-fin-de-serie","9":"product_shipping_class-colis-fr","11":"first","12":"instock","13":"taxable","14":"shipping-taxable","15":"purchasable","16":"product-type-variable"},"_links":{"self":[{"href":"https:\/\/www.hml-fetish.de\/shop\/fr\/wp-json\/wp\/v2\/product\/23876","targetHints":{"allow":["GET"]}}],"collection":[{"href":"https:\/\/www.hml-fetish.de\/shop\/fr\/wp-json\/wp\/v2\/product"}],"about":[{"href":"https:\/\/www.hml-fetish.de\/shop\/fr\/wp-json\/wp\/v2\/types\/product"}],"replies":[{"embeddable":true,"href":"https:\/\/www.hml-fetish.de\/shop\/fr\/wp-json\/wp\/v2\/comments?post=23876"}],"version-history":[{"count":0,"href":"https:\/\/www.hml-fetish.de\/shop\/fr\/wp-json\/wp\/v2\/product\/23876\/revisions"}],"wp:featuredmedia":[{"embeddable":true,"href":"https:\/\/www.hml-fetish.de\/shop\/fr\/wp-json\/wp\/v2\/media\/23822"}],"wp:attachment":[{"href":"https:\/\/www.hml-fetish.de\/shop\/fr\/wp-json\/wp\/v2\/media?parent=23876"}],"wp:term":[{"taxonomy":"product_brand","embeddable":true,"href":"https:\/\/www.hml-fetish.de\/shop\/fr\/wp-json\/wp\/v2\/product_brand?post=23876"},{"taxonomy":"product_cat","embeddable":true,"href":"https:\/\/www.hml-fetish.de\/shop\/fr\/wp-json\/wp\/v2\/product_cat?post=23876"},{"taxonomy":"product_tag","embeddable":true,"href":"https:\/\/www.hml-fetish.de\/shop\/fr\/wp-json\/wp\/v2\/product_tag?post=23876"}],"curies":[{"name":"wp","href":"https:\/\/api.w.org\/{rel}","templated":true}]}}