{"id":23805,"date":"2022-01-23T22:48:24","date_gmt":"2022-01-23T21:48:24","guid":{"rendered":"https:\/\/www.hml-fetish.de\/shop\/gel-de-contact-pour-electrodes-250-ml\/"},"modified":"2022-01-23T22:48:24","modified_gmt":"2022-01-23T21:48:24","slug":"gel-de-contact-pour-electrodes-250-ml","status":"publish","type":"product","link":"https:\/\/www.hml-fetish.de\/shop\/fr\/gel-de-contact-pour-electrodes-250-ml\/","title":{"rendered":"Gel de contact pour \u00e9lectrodes 250 ml"},"content":{"rendered":"<p><P>Un gel de contact universel pour \u00e9lectrodes qui cr\u00e9e une connexion conductrice entre l&#8217;\u00e9lectrode et ta peau. La transmission du courant de l&#8217;appareil de stimulation fonctionne ainsi de mani\u00e8re plus pr\u00e9visible et plus facile qu&#8217;avec une peau s\u00e8che. Le gel est tr\u00e8s doux et ne provoque aucune irritation de la peau. En outre, il est particuli\u00e8rement \u00e9conomique. Le flacon-distributeur de 250 ml suffit pour de tr\u00e8s nombreux jeux.<\/P><\/p>\n","protected":false},"excerpt":{"rendered":"<h4>Gel de contact pour \u00e9lectrodes 250 ml<\/h4>\n<p><P>Un gel de contact universel pour \u00e9lectrodes qui cr\u00e9e une connexion conductrice entre l&#8217;\u00e9lectrode et ta peau. La transmission du courant de l&#8217;appareil de stimulation fonctionne ainsi de mani\u00e8re plus pr\u00e9visible et plus facile qu&#8217;avec une peau s\u00e8che. Le gel est tr\u00e8s doux et ne provoque aucune irritation de la peau. En outre, il est particuli\u00e8rement \u00e9conomique. Le flacon-distributeur de 250 ml suffit pour de tr\u00e8s nombreux jeux.<\/P><\/p>\n","protected":false},"featured_media":23798,"comment_status":"open","ping_status":"closed","template":"","meta":[],"product_brand":[],"product_cat":[704],"product_tag":[],"class_list":{"0":"post-23805","1":"product","2":"type-product","3":"status-publish","4":"has-post-thumbnail","6":"product_cat-electro-fr","7":"product_shipping_class-colis-fr","9":"first","10":"instock","11":"taxable","12":"shipping-taxable","13":"purchasable","14":"product-type-simple"},"_links":{"self":[{"href":"https:\/\/www.hml-fetish.de\/shop\/fr\/wp-json\/wp\/v2\/product\/23805","targetHints":{"allow":["GET"]}}],"collection":[{"href":"https:\/\/www.hml-fetish.de\/shop\/fr\/wp-json\/wp\/v2\/product"}],"about":[{"href":"https:\/\/www.hml-fetish.de\/shop\/fr\/wp-json\/wp\/v2\/types\/product"}],"replies":[{"embeddable":true,"href":"https:\/\/www.hml-fetish.de\/shop\/fr\/wp-json\/wp\/v2\/comments?post=23805"}],"version-history":[{"count":0,"href":"https:\/\/www.hml-fetish.de\/shop\/fr\/wp-json\/wp\/v2\/product\/23805\/revisions"}],"wp:featuredmedia":[{"embeddable":true,"href":"https:\/\/www.hml-fetish.de\/shop\/fr\/wp-json\/wp\/v2\/media\/23798"}],"wp:attachment":[{"href":"https:\/\/www.hml-fetish.de\/shop\/fr\/wp-json\/wp\/v2\/media?parent=23805"}],"wp:term":[{"taxonomy":"product_brand","embeddable":true,"href":"https:\/\/www.hml-fetish.de\/shop\/fr\/wp-json\/wp\/v2\/product_brand?post=23805"},{"taxonomy":"product_cat","embeddable":true,"href":"https:\/\/www.hml-fetish.de\/shop\/fr\/wp-json\/wp\/v2\/product_cat?post=23805"},{"taxonomy":"product_tag","embeddable":true,"href":"https:\/\/www.hml-fetish.de\/shop\/fr\/wp-json\/wp\/v2\/product_tag?post=23805"}],"curies":[{"name":"wp","href":"https:\/\/api.w.org\/{rel}","templated":true}]}}