{"id":23792,"date":"2022-01-23T22:48:43","date_gmt":"2022-01-23T21:48:43","guid":{"rendered":"https:\/\/www.hml-fetish.de\/shop\/id-glide\/"},"modified":"2026-04-20T12:46:57","modified_gmt":"2026-04-20T10:46:57","slug":"id-glide","status":"publish","type":"product","link":"https:\/\/www.hml-fetish.de\/shop\/fr\/id-glide\/","title":{"rendered":"ID glide"},"content":{"rendered":"<p><P>\u00c0 base d&#8217;eau et un produit de marque bon march\u00e9, sans parfum, lisse comme de la soie, sans couleur ni odeur et tr\u00e8s bien tol\u00e9r\u00e9 par la peau. Les lubrifiants \u00e0 base d&#8217;eau s&#8217;accordent bien avec les pr\u00e9servatifs en latex. Il faut toutefois les regraisser de temps en temps, car ils peuvent s\u00e9cher. Nous proposons deux tailles d&#8217;emballage de l&#8217;ID glide : un flacon doseur de 130 ml pour 11,90 &#038;euro ; (91,50 &euro;\/litre) et un flacon doseur de 500 ml pour 34,90 &#038;euro ; (69,80 &#038;euro\/litre).<\/P><\/p>\n","protected":false},"excerpt":{"rendered":"<h4>ID glide<\/h4>\n<p><P>\u00c0 base d&#8217;eau et un produit de marque bon march\u00e9, sans parfum, lisse comme de la soie, sans couleur ni odeur et tr\u00e8s bien tol\u00e9r\u00e9 par la peau. Les lubrifiants \u00e0 base d&#8217;eau s&#8217;accordent bien avec les pr\u00e9servatifs en latex. Il faut toutefois les regraisser de temps en temps, car ils peuvent s\u00e9cher.<\/P><\/p>\n","protected":false},"featured_media":23777,"comment_status":"open","ping_status":"closed","template":"","meta":[],"product_brand":[],"product_cat":[702],"product_tag":[],"class_list":{"0":"post-23792","1":"product","2":"type-product","3":"status-publish","4":"has-post-thumbnail","6":"product_cat-preservatifs-gels","7":"product_shipping_class-colis-fr","9":"first","10":"instock","11":"taxable","12":"shipping-taxable","13":"purchasable","14":"product-type-variable"},"_links":{"self":[{"href":"https:\/\/www.hml-fetish.de\/shop\/fr\/wp-json\/wp\/v2\/product\/23792","targetHints":{"allow":["GET"]}}],"collection":[{"href":"https:\/\/www.hml-fetish.de\/shop\/fr\/wp-json\/wp\/v2\/product"}],"about":[{"href":"https:\/\/www.hml-fetish.de\/shop\/fr\/wp-json\/wp\/v2\/types\/product"}],"replies":[{"embeddable":true,"href":"https:\/\/www.hml-fetish.de\/shop\/fr\/wp-json\/wp\/v2\/comments?post=23792"}],"version-history":[{"count":1,"href":"https:\/\/www.hml-fetish.de\/shop\/fr\/wp-json\/wp\/v2\/product\/23792\/revisions"}],"predecessor-version":[{"id":39847,"href":"https:\/\/www.hml-fetish.de\/shop\/fr\/wp-json\/wp\/v2\/product\/23792\/revisions\/39847"}],"wp:featuredmedia":[{"embeddable":true,"href":"https:\/\/www.hml-fetish.de\/shop\/fr\/wp-json\/wp\/v2\/media\/23777"}],"wp:attachment":[{"href":"https:\/\/www.hml-fetish.de\/shop\/fr\/wp-json\/wp\/v2\/media?parent=23792"}],"wp:term":[{"taxonomy":"product_brand","embeddable":true,"href":"https:\/\/www.hml-fetish.de\/shop\/fr\/wp-json\/wp\/v2\/product_brand?post=23792"},{"taxonomy":"product_cat","embeddable":true,"href":"https:\/\/www.hml-fetish.de\/shop\/fr\/wp-json\/wp\/v2\/product_cat?post=23792"},{"taxonomy":"product_tag","embeddable":true,"href":"https:\/\/www.hml-fetish.de\/shop\/fr\/wp-json\/wp\/v2\/product_tag?post=23792"}],"curies":[{"name":"wp","href":"https:\/\/api.w.org\/{rel}","templated":true}]}}