{"id":23770,"date":"2022-01-23T22:48:44","date_gmt":"2022-01-23T21:48:44","guid":{"rendered":"https:\/\/www.hml-fetish.de\/shop\/eros-bodyglide-fr\/"},"modified":"2024-11-26T18:43:40","modified_gmt":"2024-11-26T17:43:40","slug":"eros-bodyglide-fr","status":"publish","type":"product","link":"https:\/\/www.hml-fetish.de\/shop\/fr\/eros-bodyglide-fr\/","title":{"rendered":"eros bodyglide"},"content":{"rendered":"<p><P>Tr\u00e8s \u00e9conomique et ne s\u00e8che pas, car \u00e0 base de silicone. Probablement le lubrifiant le plus connu depuis des ann\u00e9es. Eros est doux pour la peau, bien tol\u00e9r\u00e9 par les muqueuses, hypoallerg\u00e9nique, sans odeur ni go\u00fbt et ne contient ni colorants ni conservateurs. Chez nous, particuli\u00e8rement avantageux et disponible en plusieurs tailles d&#8217;emballage:<\/P><br \/>\n<P>En flacon de 30 ml pour la route et \u00e0 6,90 &euro; (23 &euro;\/100 ml) et le flacon de 100 ml \u00e0 14,90 &euro;, en outre 250 ml \u00e0 29,90 &euro; (11,96 &euro;\/100 ml) et 1 litre \u00e0 99,90 &euro;. Comme tous les lubrifiants \u00e0 base de silicone, eros est \u00e9galement une excellente huile de massage. Appliqu\u00e9e en petite quantit\u00e9 et polie, elle fait \u00e9galement briller ton caoutchouc. Et pas seulement celui de ton pr\u00e9servatif.<\/P><\/p>\n","protected":false},"excerpt":{"rendered":"<h4>eros bodyglide<\/h4>\n<p><P>Tr\u00e8s \u00e9conomique et ne s\u00e8che pas, car \u00e0 base de silicone. Probablement le lubrifiant le plus connu depuis des ann\u00e9es. Eros est doux pour la peau, bien tol\u00e9r\u00e9 par les muqueuses, hypoallerg\u00e9nique, sans odeur ni go\u00fbt et ne contient ni colorants ni conservateurs. Chez nous, particuli\u00e8rement avantageux et disponible en plusieurs tailles d&#8217;emballage:<\/P><\/p>\n","protected":false},"featured_media":23752,"comment_status":"open","ping_status":"closed","template":"","meta":[],"product_brand":[],"product_cat":[732,702,625],"product_tag":[],"class_list":{"0":"post-23770","1":"product","2":"type-product","3":"status-publish","4":"has-post-thumbnail","6":"product_cat-best-seller","7":"product_cat-preservatifs-gels","8":"product_cat-soins-de-latex","9":"product_shipping_class-colis-fr","11":"first","12":"instock","13":"taxable","14":"shipping-taxable","15":"purchasable","16":"product-type-variable"},"_links":{"self":[{"href":"https:\/\/www.hml-fetish.de\/shop\/fr\/wp-json\/wp\/v2\/product\/23770","targetHints":{"allow":["GET"]}}],"collection":[{"href":"https:\/\/www.hml-fetish.de\/shop\/fr\/wp-json\/wp\/v2\/product"}],"about":[{"href":"https:\/\/www.hml-fetish.de\/shop\/fr\/wp-json\/wp\/v2\/types\/product"}],"replies":[{"embeddable":true,"href":"https:\/\/www.hml-fetish.de\/shop\/fr\/wp-json\/wp\/v2\/comments?post=23770"}],"version-history":[{"count":0,"href":"https:\/\/www.hml-fetish.de\/shop\/fr\/wp-json\/wp\/v2\/product\/23770\/revisions"}],"wp:featuredmedia":[{"embeddable":true,"href":"https:\/\/www.hml-fetish.de\/shop\/fr\/wp-json\/wp\/v2\/media\/23752"}],"wp:attachment":[{"href":"https:\/\/www.hml-fetish.de\/shop\/fr\/wp-json\/wp\/v2\/media?parent=23770"}],"wp:term":[{"taxonomy":"product_brand","embeddable":true,"href":"https:\/\/www.hml-fetish.de\/shop\/fr\/wp-json\/wp\/v2\/product_brand?post=23770"},{"taxonomy":"product_cat","embeddable":true,"href":"https:\/\/www.hml-fetish.de\/shop\/fr\/wp-json\/wp\/v2\/product_cat?post=23770"},{"taxonomy":"product_tag","embeddable":true,"href":"https:\/\/www.hml-fetish.de\/shop\/fr\/wp-json\/wp\/v2\/product_tag?post=23770"}],"curies":[{"name":"wp","href":"https:\/\/api.w.org\/{rel}","templated":true}]}}