{"id":23748,"date":"2022-01-23T22:48:44","date_gmt":"2022-01-23T21:48:44","guid":{"rendered":"https:\/\/www.hml-fetish.de\/shop\/j-lube-fr\/"},"modified":"2022-01-23T22:48:44","modified_gmt":"2022-01-23T21:48:44","slug":"j-lube-fr","status":"publish","type":"product","link":"https:\/\/www.hml-fetish.de\/shop\/fr\/j-lube-fr\/","title":{"rendered":"J-Lube"},"content":{"rendered":"<p><P>Ce produit est le grand classique des lubrifiants en poudre. Se dilue \u00e0 l&#8217;eau avant l&#8217;usage pour la quantit\u00e9 souhait\u00e9e. Alternativement il s&#8217;applique \u00e0 sec directement sur les mains avant de les mouiller un peu pour une lubrification \u00e9conomique et de longue dur\u00e9e. Tous r\u00e9sidus s&#8217;enl\u00e8vent facilement \u00e0 l&#8217;eau avec un peu de sel. Bo\u00eete de 284 g (100g: EUR 11,58).<\/P><\/p>\n","protected":false},"excerpt":{"rendered":"<h4>J-Lube<\/h4>\n<p><P>Ce produit est le grand classique des lubrifiants en poudre. Se dilue \u00e0 l&#8217;eau avant l&#8217;usage pour la quantit\u00e9 souhait\u00e9e. Alternativement il s&#8217;applique \u00e0 sec directement sur les mains avant de les mouiller un peu pour une lubrification \u00e9conomique et de longue dur\u00e9e.<\/P><\/p>\n","protected":false},"featured_media":23737,"comment_status":"open","ping_status":"closed","template":"","meta":[],"product_brand":[],"product_cat":[702,619],"product_tag":[],"class_list":{"0":"post-23748","1":"product","2":"type-product","3":"status-publish","4":"has-post-thumbnail","6":"product_cat-preservatifs-gels","7":"product_cat-gants-en-latex","8":"product_shipping_class-colis-fr","10":"first","11":"instock","12":"taxable","13":"shipping-taxable","14":"purchasable","15":"product-type-simple"},"_links":{"self":[{"href":"https:\/\/www.hml-fetish.de\/shop\/fr\/wp-json\/wp\/v2\/product\/23748","targetHints":{"allow":["GET"]}}],"collection":[{"href":"https:\/\/www.hml-fetish.de\/shop\/fr\/wp-json\/wp\/v2\/product"}],"about":[{"href":"https:\/\/www.hml-fetish.de\/shop\/fr\/wp-json\/wp\/v2\/types\/product"}],"replies":[{"embeddable":true,"href":"https:\/\/www.hml-fetish.de\/shop\/fr\/wp-json\/wp\/v2\/comments?post=23748"}],"version-history":[{"count":0,"href":"https:\/\/www.hml-fetish.de\/shop\/fr\/wp-json\/wp\/v2\/product\/23748\/revisions"}],"wp:featuredmedia":[{"embeddable":true,"href":"https:\/\/www.hml-fetish.de\/shop\/fr\/wp-json\/wp\/v2\/media\/23737"}],"wp:attachment":[{"href":"https:\/\/www.hml-fetish.de\/shop\/fr\/wp-json\/wp\/v2\/media?parent=23748"}],"wp:term":[{"taxonomy":"product_brand","embeddable":true,"href":"https:\/\/www.hml-fetish.de\/shop\/fr\/wp-json\/wp\/v2\/product_brand?post=23748"},{"taxonomy":"product_cat","embeddable":true,"href":"https:\/\/www.hml-fetish.de\/shop\/fr\/wp-json\/wp\/v2\/product_cat?post=23748"},{"taxonomy":"product_tag","embeddable":true,"href":"https:\/\/www.hml-fetish.de\/shop\/fr\/wp-json\/wp\/v2\/product_tag?post=23748"}],"curies":[{"name":"wp","href":"https:\/\/api.w.org\/{rel}","templated":true}]}}