{"id":23730,"date":"2022-01-23T22:48:44","date_gmt":"2022-01-23T21:48:44","guid":{"rendered":"https:\/\/www.hml-fetish.de\/shop\/eros-aqua-fr\/"},"modified":"2024-12-11T16:07:49","modified_gmt":"2024-12-11T15:07:49","slug":"eros-aqua-fr","status":"publish","type":"product","link":"https:\/\/www.hml-fetish.de\/shop\/fr\/eros-aqua-fr\/","title":{"rendered":"Eros Aqua"},"content":{"rendered":"<p><P>Eros Essentials &#8211; un gel lubrifiant \u00e0 base d&#8217;eau de qualit\u00e9 m\u00e9dicale. Compatible avec le latex, test\u00e9 dermatologiquement et tr\u00e8s bon march\u00e9 : 200 ml pour 11,90 &euro; (correspond \u00e0 59,50 &euro; le litre) dans un tube doseur pratique. D\u00e9sormais \u00e9galement disponible en bouteille d&#8217;un litre, adapt\u00e9e aux familles, pour seulement 49,90 &euro;.<\/P><\/p>\n","protected":false},"excerpt":{"rendered":"<h4>Eros Aqua<\/h4>\n<p><P>Eros Essentials &#8211; un gel lubrifiant \u00e0 base d&#8217;eau de qualit\u00e9 m\u00e9dicale. Compatible avec le latex, test\u00e9 dermatologiquement et tr\u00e8s bon march\u00e9 : 200 ml pour 11,90 &euro; (correspond \u00e0 59,50 &euro; le litre) dans un tube doseur pratique. D\u00e9sormais \u00e9galement disponible en bouteille d&#8217;un litre, adapt\u00e9e aux familles, pour seulement 49,90 &euro;.<\/P><\/p>\n","protected":false},"featured_media":23711,"comment_status":"open","ping_status":"closed","template":"","meta":[],"product_brand":[],"product_cat":[732,702],"product_tag":[],"class_list":{"0":"post-23730","1":"product","2":"type-product","3":"status-publish","4":"has-post-thumbnail","6":"product_cat-best-seller","7":"product_cat-preservatifs-gels","8":"product_shipping_class-colis-fr","10":"first","11":"instock","12":"taxable","13":"shipping-taxable","14":"purchasable","15":"product-type-variable"},"_links":{"self":[{"href":"https:\/\/www.hml-fetish.de\/shop\/fr\/wp-json\/wp\/v2\/product\/23730","targetHints":{"allow":["GET"]}}],"collection":[{"href":"https:\/\/www.hml-fetish.de\/shop\/fr\/wp-json\/wp\/v2\/product"}],"about":[{"href":"https:\/\/www.hml-fetish.de\/shop\/fr\/wp-json\/wp\/v2\/types\/product"}],"replies":[{"embeddable":true,"href":"https:\/\/www.hml-fetish.de\/shop\/fr\/wp-json\/wp\/v2\/comments?post=23730"}],"version-history":[{"count":0,"href":"https:\/\/www.hml-fetish.de\/shop\/fr\/wp-json\/wp\/v2\/product\/23730\/revisions"}],"wp:featuredmedia":[{"embeddable":true,"href":"https:\/\/www.hml-fetish.de\/shop\/fr\/wp-json\/wp\/v2\/media\/23711"}],"wp:attachment":[{"href":"https:\/\/www.hml-fetish.de\/shop\/fr\/wp-json\/wp\/v2\/media?parent=23730"}],"wp:term":[{"taxonomy":"product_brand","embeddable":true,"href":"https:\/\/www.hml-fetish.de\/shop\/fr\/wp-json\/wp\/v2\/product_brand?post=23730"},{"taxonomy":"product_cat","embeddable":true,"href":"https:\/\/www.hml-fetish.de\/shop\/fr\/wp-json\/wp\/v2\/product_cat?post=23730"},{"taxonomy":"product_tag","embeddable":true,"href":"https:\/\/www.hml-fetish.de\/shop\/fr\/wp-json\/wp\/v2\/product_tag?post=23730"}],"curies":[{"name":"wp","href":"https:\/\/api.w.org\/{rel}","templated":true}]}}