{"id":23684,"date":"2022-01-23T22:48:46","date_gmt":"2022-01-23T21:48:46","guid":{"rendered":"https:\/\/www.hml-fetish.de\/shop\/fuck-bodyglide-epais\/"},"modified":"2022-01-23T22:48:46","modified_gmt":"2022-01-23T21:48:46","slug":"fuck-bodyglide-epais","status":"publish","type":"product","link":"https:\/\/www.hml-fetish.de\/shop\/fr\/fuck-bodyglide-epais\/","title":{"rendered":"fuck Bodyglide epais"},"content":{"rendered":"<p><P>Sur base de silicone, claire comme l&#8217;eau fra\u00eeche et tr\u00e8s \u00e9conome. Disponible <B>exclusivement chez HML Fetish<\/B> en cette version plus \u00e9paisse, fuck ne dess\u00e8che pas pendant l&#8217;action et ne laisse pas de traces ou cro\u00fbtes apr\u00e8s l&#8217;utilisation. Sans prfum, colorants ou conservateurs fuck est doux \u00e0 ta peau et enti\u00e8rement  <B>atoxique<\/B>!<\/P><br \/>\n<P>Gr\u00e2ce \u00e1 sa formule plus \u00e9paisse, fuck ne coule pas d\u00e8s l&#8217;application et se pr\u00eate \u00e0 l&#8217;utilisation avec des godes (caoutchouc ou vinyl) et au fist. Un must pour le SSR avanc\u00e9. Disponible en flacon de 250 ml pour 24,90 &euro; (soit 9,96 &euro;\/100 ml).<\/P><br \/>\n<P>D\u00e9s maintenant! Mini 100 ml pour 12,90 &euro;! Comme tous les lubrifiants \u00e0 base de silicone, le fuck Bodyglide est \u00e9galement une excellente huile de massage. Appliqu\u00e9 en petite quantit\u00e9 et poli, il rend \u00e9galement votre caoutchouc beau et brillant. Pas seulement celui de ton pr\u00e9servatif.<\/P><\/p>\n","protected":false},"excerpt":{"rendered":"<h4>fuck Bodyglide epais<\/h4>\n<p><P>Sur base de silicone, claire comme l&#8217;eau fra\u00eeche et tr\u00e8s \u00e9conome. Disponible <B>exclusivement chez HML Fetish<\/B> en cette version plus \u00e9paisse, fuck ne dess\u00e8che pas pendant l&#8217;action et ne laisse pas de traces ou cro\u00fbtes apr\u00e8s l&#8217;utilisation. Sans prfum, colorants ou conservateurs fuck est doux \u00e0 ta peau et enti\u00e8rement  <B>atoxique<\/B>!<\/P><\/p>\n","protected":false},"featured_media":23672,"comment_status":"open","ping_status":"closed","template":"","meta":[],"product_brand":[],"product_cat":[732,702,625],"product_tag":[],"class_list":{"0":"post-23684","1":"product","2":"type-product","3":"status-publish","4":"has-post-thumbnail","6":"product_cat-best-seller","7":"product_cat-preservatifs-gels","8":"product_cat-soins-de-latex","9":"product_shipping_class-colis-fr","11":"first","12":"instock","13":"taxable","14":"shipping-taxable","15":"purchasable","16":"product-type-variable"},"_links":{"self":[{"href":"https:\/\/www.hml-fetish.de\/shop\/fr\/wp-json\/wp\/v2\/product\/23684","targetHints":{"allow":["GET"]}}],"collection":[{"href":"https:\/\/www.hml-fetish.de\/shop\/fr\/wp-json\/wp\/v2\/product"}],"about":[{"href":"https:\/\/www.hml-fetish.de\/shop\/fr\/wp-json\/wp\/v2\/types\/product"}],"replies":[{"embeddable":true,"href":"https:\/\/www.hml-fetish.de\/shop\/fr\/wp-json\/wp\/v2\/comments?post=23684"}],"version-history":[{"count":0,"href":"https:\/\/www.hml-fetish.de\/shop\/fr\/wp-json\/wp\/v2\/product\/23684\/revisions"}],"wp:featuredmedia":[{"embeddable":true,"href":"https:\/\/www.hml-fetish.de\/shop\/fr\/wp-json\/wp\/v2\/media\/23672"}],"wp:attachment":[{"href":"https:\/\/www.hml-fetish.de\/shop\/fr\/wp-json\/wp\/v2\/media?parent=23684"}],"wp:term":[{"taxonomy":"product_brand","embeddable":true,"href":"https:\/\/www.hml-fetish.de\/shop\/fr\/wp-json\/wp\/v2\/product_brand?post=23684"},{"taxonomy":"product_cat","embeddable":true,"href":"https:\/\/www.hml-fetish.de\/shop\/fr\/wp-json\/wp\/v2\/product_cat?post=23684"},{"taxonomy":"product_tag","embeddable":true,"href":"https:\/\/www.hml-fetish.de\/shop\/fr\/wp-json\/wp\/v2\/product_tag?post=23684"}],"curies":[{"name":"wp","href":"https:\/\/api.w.org\/{rel}","templated":true}]}}