{"id":23634,"date":"2022-01-23T22:48:46","date_gmt":"2022-01-23T21:48:46","guid":{"rendered":"https:\/\/www.hml-fetish.de\/shop\/latex-struempfe\/"},"modified":"2022-01-23T22:48:46","modified_gmt":"2022-01-23T21:48:46","slug":"latex-struempfe","status":"publish","type":"product","link":"https:\/\/www.hml-fetish.de\/shop\/fr\/latex-struempfe\/","title":{"rendered":"Bas en latex"},"content":{"rendered":"<p><P>Latex noir de 0,35 mm d&#8217;\u00e9paisseur. Ces chaussettes en caoutchouc sont, avec les gants assortis, le compl\u00e9ment id\u00e9al d&#8217;une combinaison int\u00e9grale. Rubber total. Alternative : des bas hauts jusqu&#8217;\u00e0 la cuisse &#8211; \u00e0 assortir par exemple \u00e0 un Tom Suit pour compl\u00e9ter la tenue. Qui ne transpirerait pas en portant ces bas en caoutchouc ?<br \/>\n<BR>Nous proposons les tailles suivantes :<br \/>\n<BR>S &#8211; taille 40 \/ 7 UK \/ 7,5 US<br \/>\n<BR>M &#8211; taille 40-42 \/ 8 UK \/ 8,5 US<br \/>\n<BR>L &#8211; taille 42-44 \/ 9 UK \/ 9,5 US<br \/>\n<BR>XL &#8211; taille 44-46 \/ 10,5 UK \/ 11US<\/P><\/p>\n","protected":false},"excerpt":{"rendered":"<h4>Bas en latex<\/h4>\n<p><P>Latex noir de 0,35 mm d&#8217;\u00e9paisseur. Ces chaussettes en caoutchouc sont, avec les gants assortis, le compl\u00e9ment id\u00e9al d&#8217;une combinaison int\u00e9grale. Rubber total. Alternative : des bas hauts jusqu&#8217;\u00e0 la cuisse &#8211; \u00e0 assortir par exemple \u00e0 un Tom Suit pour compl\u00e9ter la tenue.<\/P><\/p>\n","protected":false},"featured_media":23599,"comment_status":"open","ping_status":"closed","template":"","meta":[],"product_brand":[],"product_cat":[624,662],"product_tag":[],"class_list":{"0":"post-23634","1":"product","2":"type-product","3":"status-publish","4":"has-post-thumbnail","6":"product_cat-accessoires-en-latex","7":"product_cat-chaussettes","8":"product_shipping_class-lettre","10":"first","11":"instock","12":"sale","13":"taxable","14":"shipping-taxable","15":"purchasable","16":"product-type-variable"},"_links":{"self":[{"href":"https:\/\/www.hml-fetish.de\/shop\/fr\/wp-json\/wp\/v2\/product\/23634","targetHints":{"allow":["GET"]}}],"collection":[{"href":"https:\/\/www.hml-fetish.de\/shop\/fr\/wp-json\/wp\/v2\/product"}],"about":[{"href":"https:\/\/www.hml-fetish.de\/shop\/fr\/wp-json\/wp\/v2\/types\/product"}],"replies":[{"embeddable":true,"href":"https:\/\/www.hml-fetish.de\/shop\/fr\/wp-json\/wp\/v2\/comments?post=23634"}],"version-history":[{"count":0,"href":"https:\/\/www.hml-fetish.de\/shop\/fr\/wp-json\/wp\/v2\/product\/23634\/revisions"}],"wp:featuredmedia":[{"embeddable":true,"href":"https:\/\/www.hml-fetish.de\/shop\/fr\/wp-json\/wp\/v2\/media\/23599"}],"wp:attachment":[{"href":"https:\/\/www.hml-fetish.de\/shop\/fr\/wp-json\/wp\/v2\/media?parent=23634"}],"wp:term":[{"taxonomy":"product_brand","embeddable":true,"href":"https:\/\/www.hml-fetish.de\/shop\/fr\/wp-json\/wp\/v2\/product_brand?post=23634"},{"taxonomy":"product_cat","embeddable":true,"href":"https:\/\/www.hml-fetish.de\/shop\/fr\/wp-json\/wp\/v2\/product_cat?post=23634"},{"taxonomy":"product_tag","embeddable":true,"href":"https:\/\/www.hml-fetish.de\/shop\/fr\/wp-json\/wp\/v2\/product_tag?post=23634"}],"curies":[{"name":"wp","href":"https:\/\/api.w.org\/{rel}","templated":true}]}}