{"id":23591,"date":"2022-01-23T22:48:47","date_gmt":"2022-01-23T21:48:47","guid":{"rendered":"https:\/\/www.hml-fetish.de\/shop\/boucle-de-ceinture\/"},"modified":"2022-01-23T22:48:47","modified_gmt":"2022-01-23T21:48:47","slug":"boucle-de-ceinture","status":"publish","type":"product","link":"https:\/\/www.hml-fetish.de\/shop\/fr\/boucle-de-ceinture\/","title":{"rendered":"Boucle de ceinture"},"content":{"rendered":"<p><P>Pour la ceinture Garrison de 38 mm de large <a href=\"https:\/\/www.hml-fetish.de\/shop\/fr\/ceinture-garrison\/\" target=\"_blank\" title=\"ceinture Garrison\" rel=\"noopener\">Garrison<\/a> et pour la ceinture Sam Brown d&#8217;environ 55 mm de large <a href=\"https:\/\/www.hml-fetish.de\/shop\/fr\/ceinture-sam-browne\/\" target=\"_blank\" title=\"ceinture Sam Brown\" rel=\"noopener\">Sam-Brown<\/a> voici les boucles interchangeables correspondantes. Pour la ceinture Garrison, il suffit de d\u00e9boutonner l&#8217;ancienne boucle, d&#8217;ins\u00e9rer la nouvelle et de refermer les boutons-pression. Pour la ceinture Sam Brown, aucune fixation n&#8217;est n\u00e9cessaire, car les boucles sont simplement accroch\u00e9es \u00e0 la ceinture.<\/P><br \/>\n<P>Nous avons ces boucles en version nickel\u00e9e (argent\u00e9e) et en version laitonn\u00e9e (dor\u00e9e). Il s&#8217;agit de mat\u00e9riel de haute qualit\u00e9 que nous importons d&#8217;un fournisseur de la police aux Etats-Unis. La boucle plus large s&#8217;adapte \u00e9galement \u00e0 notre <a href=\"https:\/\/www.hml-fetish.de\/shop\/fr\/ceinture-en-cuir-55-mm\/\" target=\"_blank\" title=\"ceinture en cuir de 55 mm\" rel=\"noopener\">ceinture en cuir de 55 mm<\/a>!<\/P> !<\/p>\n","protected":false},"excerpt":{"rendered":"<h4>Boucle de ceinture<\/h4>\n<p><P>Pour la ceinture Garrison de 38 mm de large Garrison et pour la ceinture Sam Brown d&#8217;environ 55 mm de large Sam-Brown voici les boucles interchangeables correspondantes. Pour la ceinture Garrison, il suffit de d\u00e9boutonner l&#8217;ancienne boucle, d&#8217;ins\u00e9rer la nouvelle et de refermer les boutons-pression. Pour la ceinture Sam Brown, aucune fixation n&#8217;est n\u00e9cessaire, car les boucles sont simplement accroch\u00e9es \u00e0 la ceinture.<\/P><\/p>\n","protected":false},"featured_media":23568,"comment_status":"open","ping_status":"closed","template":"","meta":[],"product_brand":[],"product_cat":[601,646],"product_tag":[4384],"class_list":{"0":"post-23591","1":"product","2":"type-product","3":"status-publish","4":"has-post-thumbnail","6":"product_cat-ceintures-straps-fr","7":"product_cat-ceintures-straps","8":"product_tag-best-seller-police-fr","9":"product_shipping_class-lettre","11":"first","12":"instock","13":"taxable","14":"shipping-taxable","15":"purchasable","16":"product-type-variable"},"_links":{"self":[{"href":"https:\/\/www.hml-fetish.de\/shop\/fr\/wp-json\/wp\/v2\/product\/23591","targetHints":{"allow":["GET"]}}],"collection":[{"href":"https:\/\/www.hml-fetish.de\/shop\/fr\/wp-json\/wp\/v2\/product"}],"about":[{"href":"https:\/\/www.hml-fetish.de\/shop\/fr\/wp-json\/wp\/v2\/types\/product"}],"replies":[{"embeddable":true,"href":"https:\/\/www.hml-fetish.de\/shop\/fr\/wp-json\/wp\/v2\/comments?post=23591"}],"version-history":[{"count":0,"href":"https:\/\/www.hml-fetish.de\/shop\/fr\/wp-json\/wp\/v2\/product\/23591\/revisions"}],"wp:featuredmedia":[{"embeddable":true,"href":"https:\/\/www.hml-fetish.de\/shop\/fr\/wp-json\/wp\/v2\/media\/23568"}],"wp:attachment":[{"href":"https:\/\/www.hml-fetish.de\/shop\/fr\/wp-json\/wp\/v2\/media?parent=23591"}],"wp:term":[{"taxonomy":"product_brand","embeddable":true,"href":"https:\/\/www.hml-fetish.de\/shop\/fr\/wp-json\/wp\/v2\/product_brand?post=23591"},{"taxonomy":"product_cat","embeddable":true,"href":"https:\/\/www.hml-fetish.de\/shop\/fr\/wp-json\/wp\/v2\/product_cat?post=23591"},{"taxonomy":"product_tag","embeddable":true,"href":"https:\/\/www.hml-fetish.de\/shop\/fr\/wp-json\/wp\/v2\/product_tag?post=23591"}],"curies":[{"name":"wp","href":"https:\/\/api.w.org\/{rel}","templated":true}]}}