{"id":23561,"date":"2022-01-23T22:48:47","date_gmt":"2022-01-23T21:48:47","guid":{"rendered":"https:\/\/www.hml-fetish.de\/shop\/harnais-integral-3-cm-avec-boucles\/"},"modified":"2025-01-15T14:31:30","modified_gmt":"2025-01-15T13:31:30","slug":"harnais-integral-3-cm-avec-boucles","status":"publish","type":"product","link":"https:\/\/www.hml-fetish.de\/shop\/fr\/harnais-integral-3-cm-avec-boucles\/","title":{"rendered":"Harnais int\u00e9gral 3 cm avec boucles"},"content":{"rendered":"<p><P>Un harnais pour tout le corps compos\u00e9 de sangles en cuir de b\u0153uf nappa de 3 cm de large. Les sangles ont une \u00e9paisseur d&#8217;environ 2,6 mm. Avec le cuir que nous avons choisi et notre mode de fabrication, elles sont souples et peuvent supporter des jeux un peu humides.<\/P><br \/>\n<P>Dans cette version, les sangles sont r\u00e9glables avec des boucles. Le harnais est con\u00e7u de mani\u00e8re \u00e0 ce que tu puisses ne porter que la partie sup\u00e9rieure (la partie inf\u00e9rieure fait d&#8217;ailleurs un string tr\u00e8s sexy). Les deux sont accompagn\u00e9s d&#8217;un cockring en inox de 50 mm de diam\u00e8tre int\u00e9rieur, ou de toute autre taille que tu nous indiqueras dans le champ de commentaire lors de la validation de ta commande. Les rivets et les boutons-pression (contact avec la peau !) sont en mat\u00e9riau inoxydable et sans nickel.<br \/>\n<BR><img decoding=\"async\" src=\"\/GIF\/sizefr_unisex_up.gif\" alt=\"tableau des tailles\" title=\"tableau des tailles\" border=\"0\" height=\"194\" width=\"114\"><\/P><br \/>\n<P><B>S\u00e9curit\u00e9 du produit:<\/B><BR>.<br \/>\nIndication d&#8217;allergie : Mat\u00e9riau cuir de vachette, les parties m\u00e9talliques en contact avec la peau sont exemptes de rouille et de nickel<BR>.<br \/>\nPersonne responsable<BR><br \/>\nHML, propri\u00e9taire Dr. Detlef Moller<BR><br \/>\nNeukirchstra\u00dfe 18<BR><br \/>\n28215 Br\u00eame<BR><br \/>\nAllemagne<BR><br \/>\ninfo@hml-fetish.de<\/P><\/p>\n","protected":false},"excerpt":{"rendered":"<h4>Harnais int\u00e9gral 3 cm avec boucles<\/h4>\n<p><P>Un harnais pour tout le corps compos\u00e9 de sangles en cuir de b\u0153uf nappa de 3 cm de large. Les sangles ont une \u00e9paisseur d&#8217;environ 2,6 mm. Avec le cuir que nous avons choisi et notre mode de fabrication, elles sont souples et peuvent supporter des jeux un peu humides.<\/P><\/p>\n","protected":false},"featured_media":23542,"comment_status":"open","ping_status":"closed","template":"","meta":[],"product_brand":[],"product_cat":[732,597],"product_tag":[4400],"class_list":{"0":"post-23561","1":"product","2":"type-product","3":"status-publish","4":"has-post-thumbnail","6":"product_cat-best-seller","7":"product_cat-harnais","8":"product_tag-hml-fetish-original-fr","9":"product_shipping_class-colis-fr","11":"first","12":"instock","13":"taxable","14":"shipping-taxable","15":"purchasable","16":"product-type-variable"},"_links":{"self":[{"href":"https:\/\/www.hml-fetish.de\/shop\/fr\/wp-json\/wp\/v2\/product\/23561","targetHints":{"allow":["GET"]}}],"collection":[{"href":"https:\/\/www.hml-fetish.de\/shop\/fr\/wp-json\/wp\/v2\/product"}],"about":[{"href":"https:\/\/www.hml-fetish.de\/shop\/fr\/wp-json\/wp\/v2\/types\/product"}],"replies":[{"embeddable":true,"href":"https:\/\/www.hml-fetish.de\/shop\/fr\/wp-json\/wp\/v2\/comments?post=23561"}],"version-history":[{"count":0,"href":"https:\/\/www.hml-fetish.de\/shop\/fr\/wp-json\/wp\/v2\/product\/23561\/revisions"}],"wp:featuredmedia":[{"embeddable":true,"href":"https:\/\/www.hml-fetish.de\/shop\/fr\/wp-json\/wp\/v2\/media\/23542"}],"wp:attachment":[{"href":"https:\/\/www.hml-fetish.de\/shop\/fr\/wp-json\/wp\/v2\/media?parent=23561"}],"wp:term":[{"taxonomy":"product_brand","embeddable":true,"href":"https:\/\/www.hml-fetish.de\/shop\/fr\/wp-json\/wp\/v2\/product_brand?post=23561"},{"taxonomy":"product_cat","embeddable":true,"href":"https:\/\/www.hml-fetish.de\/shop\/fr\/wp-json\/wp\/v2\/product_cat?post=23561"},{"taxonomy":"product_tag","embeddable":true,"href":"https:\/\/www.hml-fetish.de\/shop\/fr\/wp-json\/wp\/v2\/product_tag?post=23561"}],"curies":[{"name":"wp","href":"https:\/\/api.w.org\/{rel}","templated":true}]}}