{"id":23535,"date":"2022-01-23T22:48:47","date_gmt":"2022-01-23T21:48:47","guid":{"rendered":"https:\/\/www.hml-fetish.de\/shop\/harnais-de-bondage\/"},"modified":"2025-09-10T13:28:42","modified_gmt":"2025-09-10T11:28:42","slug":"harnais-de-bondage","status":"publish","type":"product","link":"https:\/\/www.hml-fetish.de\/shop\/fr\/harnais-de-bondage\/","title":{"rendered":"Harnais de bondage"},"content":{"rendered":"<p><P>Des lani\u00e8res de nappa en cuir de vache souple et robuste d&#8217;environ 40 mm de large, cousues tout autour, reli\u00e9es par des anneaux et des boucles en acier. Des boucles d&#8217;acier sont incorpor\u00e9es sur la poitrine, aux \u00e9paules et aux hanches. Cela donne six possibilit\u00e9s d&#8217;attacher des cha\u00eenes, des entraves ou d&#8217;autres accessoires int\u00e9ressants.<\/P><br \/>\n<P>L&#8217;anneau cockring de la sangle d&#8217;entrejambe centrale est en acier inoxydable (diam\u00e8tre int\u00e9rieur de 50 mm, sauf indication contraire de votre part). Il est interchangeable et peut \u00eatre utilis\u00e9 au choix avec une cage de chastet\u00e9. Ce harnais exclusif est disponible dans les tailles M, L et XL. Portez votre harnais de bondage soit avec trois, deux ou avec une des sangles d&#8217;entrejambe incluses. Vous pouvez aussi le porter s\u00e9par\u00e9ment comme harnais sup\u00e9rieur ou comme string exclusif. M\u00eame cela est \u00e9galement possible, car les sangles du milieu sont amovibles.<\/P><br \/>\n<P>Le harnais est con\u00e7u de telle mani\u00e8re que vous ne pouvez porter que la partie sup\u00e9rieure de ce harnais complet (la partie inf\u00e9rieure aussi, bien s\u00fbr). Aux deux appartient un cockring en acier inoxydable de 50 mm de diam\u00e8tre int\u00e9rieur, ou toute autre taille que vous souhaitez.<\/P><br \/>\n<P><img decoding=\"async\" src=\"\/GIF\/sizefr_unisex_down.gif\" alt=\"tableau des tailles\" title=\"tableau des tailles\" border=\"0\" height=\"194\" width=\"114\"><br \/>\n<BR><a HREF=\"http:\/\/www.toytorture.com\/hml-bondage-harness\/\" TARGET=\"neu\">Vous voulez savoir comment ce harnais exclusif fonctionne en action ? Vous trouverez ici un article int\u00e9ressant sur le sujet. Ce commentaire d\u00e9montre clairement la valeur ajout\u00e9e du &#8220;made in Germany&#8221;. Et maintenant, amusez-vous avec ce matos hot !<\/A><\/P><br \/>\n<P><B>S\u00e9curit\u00e9 du produit:<\/B><BR>.<br \/>\nIndication d&#8217;allergie : Mat\u00e9riau cuir de vachette, les parties m\u00e9talliques en contact avec la peau sont exemptes de rouille et de nickel<BR>.<br \/>\nPersonne responsable<BR><br \/>\nHML, propri\u00e9taire Dr. Detlef Moller<BR><br \/>\nNeukirchstra\u00dfe 18<BR><br \/>\n28215 Br\u00eame<BR><br \/>\nAllemagne<BR><br \/>\ninfo@hml-fetish.de<\/P><\/p>\n","protected":false},"excerpt":{"rendered":"<h4>Harnais de bondage<\/h4>\n<p><P>Des lani\u00e8res de nappa en cuir de vache souple et robuste d&#8217;environ 40 mm de large, cousues tout autour, reli\u00e9es par des anneaux et des boucles en acier. Des boucles d&#8217;acier sont incorpor\u00e9es sur la poitrine, aux \u00e9paules et aux hanches. Cela donne six possibilit\u00e9s d&#8217;attacher des cha\u00eenes, des entraves ou d&#8217;autres accessoires int\u00e9ressants.<\/P><\/p>\n","protected":false},"featured_media":38197,"comment_status":"open","ping_status":"closed","template":"","meta":[],"product_brand":[],"product_cat":[597,599,732,690],"product_tag":[4400],"class_list":{"0":"post-23535","1":"product","2":"type-product","3":"status-publish","4":"has-post-thumbnail","6":"product_cat-harnais","7":"product_cat-attaches-en-cuir","8":"product_cat-best-seller","9":"product_cat-bondage-fr","10":"product_tag-hml-fetish-original-fr","11":"product_shipping_class-colis-fr","13":"first","14":"instock","15":"taxable","16":"shipping-taxable","17":"purchasable","18":"product-type-variable"},"_links":{"self":[{"href":"https:\/\/www.hml-fetish.de\/shop\/fr\/wp-json\/wp\/v2\/product\/23535","targetHints":{"allow":["GET"]}}],"collection":[{"href":"https:\/\/www.hml-fetish.de\/shop\/fr\/wp-json\/wp\/v2\/product"}],"about":[{"href":"https:\/\/www.hml-fetish.de\/shop\/fr\/wp-json\/wp\/v2\/types\/product"}],"replies":[{"embeddable":true,"href":"https:\/\/www.hml-fetish.de\/shop\/fr\/wp-json\/wp\/v2\/comments?post=23535"}],"version-history":[{"count":0,"href":"https:\/\/www.hml-fetish.de\/shop\/fr\/wp-json\/wp\/v2\/product\/23535\/revisions"}],"wp:featuredmedia":[{"embeddable":true,"href":"https:\/\/www.hml-fetish.de\/shop\/fr\/wp-json\/wp\/v2\/media\/38197"}],"wp:attachment":[{"href":"https:\/\/www.hml-fetish.de\/shop\/fr\/wp-json\/wp\/v2\/media?parent=23535"}],"wp:term":[{"taxonomy":"product_brand","embeddable":true,"href":"https:\/\/www.hml-fetish.de\/shop\/fr\/wp-json\/wp\/v2\/product_brand?post=23535"},{"taxonomy":"product_cat","embeddable":true,"href":"https:\/\/www.hml-fetish.de\/shop\/fr\/wp-json\/wp\/v2\/product_cat?post=23535"},{"taxonomy":"product_tag","embeddable":true,"href":"https:\/\/www.hml-fetish.de\/shop\/fr\/wp-json\/wp\/v2\/product_tag?post=23535"}],"curies":[{"name":"wp","href":"https:\/\/api.w.org\/{rel}","templated":true}]}}