{"id":23486,"date":"2022-01-23T22:48:48","date_gmt":"2022-01-23T21:48:48","guid":{"rendered":"https:\/\/www.hml-fetish.de\/shop\/harnais-de-torse-avec-boucles\/"},"modified":"2025-01-15T14:13:27","modified_gmt":"2025-01-15T13:13:27","slug":"harnais-de-torse-avec-boucles","status":"publish","type":"product","link":"https:\/\/www.hml-fetish.de\/shop\/fr\/harnais-de-torse-avec-boucles\/","title":{"rendered":"Harnais de torse avec boucles"},"content":{"rendered":"<p><P>Harnais pour le haut du corps avec des sangles en cuir de 3 cm ou 4 cm de large au choix, en nappa de b\u0153uf. Les sangles ont une \u00e9paisseur d&#8217;environ 2,6 mm et sont particuli\u00e8rement durables gr\u00e2ce au mat\u00e9riau choisi et \u00e0 notre technique de traitement. Sur la poitrine et dans le dos, elles sont reli\u00e9es par des anneaux en acier. Les boucles et les anneaux sont nickel\u00e9s brillants, les boutons-pression et les rivets (contact avec la peau !) sont exempts de rouille et de nickel.<\/P><br \/>\n<P>Cette version est ajustable sur la poitrine et sur les c\u00f4t\u00e9s \u00e0 l&#8217;aide de boucles. L&#8217;\u00e9clat du m\u00e9tal des lourdes boucles lui donne un aspect particuli\u00e8rement &#8220;killer&#8221;.<br \/>\n<BR><img decoding=\"async\" src=\"\/GIF\/sizefr_unisex_up.gif\" alt=\"tableau des tailles\" title=\"tableau des tailles\" border=\"0\" height=\"194\" width=\"114\"><\/P><br \/>\n<P><B>S\u00e9curit\u00e9 du produit:<\/B><BR>.<br \/>\nIndication d&#8217;allergie : Mat\u00e9riau cuir de vachette, les parties m\u00e9talliques en contact avec la peau sont exemptes de rouille et de nickel<BR>.<br \/>\nPersonne responsable<BR><br \/>\nHML, propri\u00e9taire Dr. Detlef Moller<BR><br \/>\nNeukirchstra\u00dfe 18<BR><br \/>\n28215 Br\u00eame<BR><br \/>\nAllemagne<BR><br \/>\ninfo@hml-fetish.de<\/P><\/p>\n","protected":false},"excerpt":{"rendered":"<h4>Harnais de torse avec boucles<\/h4>\n<p><P>Harnais pour le haut du corps avec des sangles en cuir de 3 cm ou 4 cm de large au choix, en nappa de b\u0153uf. Les sangles ont une \u00e9paisseur d&#8217;environ 2,6 mm et sont particuli\u00e8rement durables gr\u00e2ce au mat\u00e9riau choisi et \u00e0 notre technique de traitement. Sur la poitrine et dans le dos, elles sont reli\u00e9es par des anneaux en acier. Les boucles et les anneaux sont nickel\u00e9s brillants, les boutons-pression et les rivets (contact avec la peau !) sont exempts de rouille et de nickel.<\/P><\/p>\n","protected":false},"featured_media":23430,"comment_status":"open","ping_status":"closed","template":"","meta":[],"product_brand":[],"product_cat":[599,732,597],"product_tag":[4400],"class_list":{"0":"post-23486","1":"product","2":"type-product","3":"status-publish","4":"has-post-thumbnail","6":"product_cat-attaches-en-cuir","7":"product_cat-best-seller","8":"product_cat-harnais","9":"product_tag-hml-fetish-original-fr","10":"product_shipping_class-colis-fr","12":"first","13":"instock","14":"taxable","15":"shipping-taxable","16":"purchasable","17":"product-type-variable"},"_links":{"self":[{"href":"https:\/\/www.hml-fetish.de\/shop\/fr\/wp-json\/wp\/v2\/product\/23486","targetHints":{"allow":["GET"]}}],"collection":[{"href":"https:\/\/www.hml-fetish.de\/shop\/fr\/wp-json\/wp\/v2\/product"}],"about":[{"href":"https:\/\/www.hml-fetish.de\/shop\/fr\/wp-json\/wp\/v2\/types\/product"}],"replies":[{"embeddable":true,"href":"https:\/\/www.hml-fetish.de\/shop\/fr\/wp-json\/wp\/v2\/comments?post=23486"}],"version-history":[{"count":0,"href":"https:\/\/www.hml-fetish.de\/shop\/fr\/wp-json\/wp\/v2\/product\/23486\/revisions"}],"wp:featuredmedia":[{"embeddable":true,"href":"https:\/\/www.hml-fetish.de\/shop\/fr\/wp-json\/wp\/v2\/media\/23430"}],"wp:attachment":[{"href":"https:\/\/www.hml-fetish.de\/shop\/fr\/wp-json\/wp\/v2\/media?parent=23486"}],"wp:term":[{"taxonomy":"product_brand","embeddable":true,"href":"https:\/\/www.hml-fetish.de\/shop\/fr\/wp-json\/wp\/v2\/product_brand?post=23486"},{"taxonomy":"product_cat","embeddable":true,"href":"https:\/\/www.hml-fetish.de\/shop\/fr\/wp-json\/wp\/v2\/product_cat?post=23486"},{"taxonomy":"product_tag","embeddable":true,"href":"https:\/\/www.hml-fetish.de\/shop\/fr\/wp-json\/wp\/v2\/product_tag?post=23486"}],"curies":[{"name":"wp","href":"https:\/\/api.w.org\/{rel}","templated":true}]}}