{"id":23391,"date":"2022-01-23T22:48:49","date_gmt":"2022-01-23T21:48:49","guid":{"rendered":"https:\/\/www.hml-fetish.de\/shop\/harnais-de-torse-avec-boutons-pressions\/"},"modified":"2025-01-15T13:53:45","modified_gmt":"2025-01-15T12:53:45","slug":"harnais-de-torse-avec-boutons-pressions","status":"publish","type":"product","link":"https:\/\/www.hml-fetish.de\/shop\/fr\/harnais-de-torse-avec-boutons-pressions\/","title":{"rendered":"Harnais de torse avec boutons-pressions"},"content":{"rendered":"<p><P>Un harnais pour le haut du corps avec des sangles en cuir de 3 cm ou 4 cm de large en nappa de b\u0153uf. Les sangles ont une \u00e9paisseur d&#8217;environ 2,6 mm et sont particuli\u00e8rement durables gr\u00e2ce au mat\u00e9riau choisi et \u00e0 notre technique de traitement. Sur la poitrine et dans le dos, elles sont reli\u00e9es par de lourds anneaux en acier inox.<\/P><br \/>\n<P>Les boutons-pression sont tr\u00e8s brillants et sans nickel. Les tailles sont r\u00e9glables sur une large plage. Gr\u00e2ce \u00e0 sa sobri\u00e9t\u00e9, ce harnais exclusif est tr\u00e8s discret.<br \/>\n<BR><img decoding=\"async\" src=\"\/GIF\/sizefr_unisex_up.gif\" alt=\"tableau des tailles\" title=\"tableau des tailles\" border=\"0\" height=\"194\" width=\"114\"><\/P><br \/>\n<P>S\u00e9curit\u00e9 du produit :<BR><br \/>\nIndication d&#8217;allergie : mat\u00e9riau en cuir de vachette. Les parties m\u00e9talliques en contact avec la peau sont exemptes de rouille et de nickel.<BR><br \/>\nPersonne responsable :<BR><br \/>\nHML, propri\u00e9taire Dr. Detlef Moller<BR><br \/>\nHML, propri\u00e9taire Dr. Detlef Moller<BR><br \/>\n28215 Br\u00eame, Allemagne<BR><br \/>\ninfo@hml-fetish.de<\/P><\/p>\n","protected":false},"excerpt":{"rendered":"<h4>Harnais de torse avec boutons-pressions<\/h4>\n<p><P>Un harnais pour le haut du corps avec des sangles en cuir de 3 cm ou 4 cm de large en nappa de b\u0153uf. Les sangles ont une \u00e9paisseur d&#8217;environ 2,6 mm et sont particuli\u00e8rement durables gr\u00e2ce au mat\u00e9riau choisi et \u00e0 notre technique de traitement. Sur la poitrine et dans le dos, elles sont reli\u00e9es par de lourds anneaux en acier inox.<\/P><\/p>\n","protected":false},"featured_media":23341,"comment_status":"open","ping_status":"closed","template":"","meta":[],"product_brand":[],"product_cat":[597,658],"product_tag":[4400],"class_list":{"0":"post-23391","1":"product","2":"type-product","3":"status-publish","4":"has-post-thumbnail","6":"product_cat-harnais","7":"product_cat-t-shirts-debardeurs","8":"product_tag-hml-fetish-original-fr","9":"product_shipping_class-colis-fr","11":"first","12":"instock","13":"taxable","14":"shipping-taxable","15":"purchasable","16":"product-type-variable"},"_links":{"self":[{"href":"https:\/\/www.hml-fetish.de\/shop\/fr\/wp-json\/wp\/v2\/product\/23391","targetHints":{"allow":["GET"]}}],"collection":[{"href":"https:\/\/www.hml-fetish.de\/shop\/fr\/wp-json\/wp\/v2\/product"}],"about":[{"href":"https:\/\/www.hml-fetish.de\/shop\/fr\/wp-json\/wp\/v2\/types\/product"}],"replies":[{"embeddable":true,"href":"https:\/\/www.hml-fetish.de\/shop\/fr\/wp-json\/wp\/v2\/comments?post=23391"}],"version-history":[{"count":0,"href":"https:\/\/www.hml-fetish.de\/shop\/fr\/wp-json\/wp\/v2\/product\/23391\/revisions"}],"wp:featuredmedia":[{"embeddable":true,"href":"https:\/\/www.hml-fetish.de\/shop\/fr\/wp-json\/wp\/v2\/media\/23341"}],"wp:attachment":[{"href":"https:\/\/www.hml-fetish.de\/shop\/fr\/wp-json\/wp\/v2\/media?parent=23391"}],"wp:term":[{"taxonomy":"product_brand","embeddable":true,"href":"https:\/\/www.hml-fetish.de\/shop\/fr\/wp-json\/wp\/v2\/product_brand?post=23391"},{"taxonomy":"product_cat","embeddable":true,"href":"https:\/\/www.hml-fetish.de\/shop\/fr\/wp-json\/wp\/v2\/product_cat?post=23391"},{"taxonomy":"product_tag","embeddable":true,"href":"https:\/\/www.hml-fetish.de\/shop\/fr\/wp-json\/wp\/v2\/product_tag?post=23391"}],"curies":[{"name":"wp","href":"https:\/\/api.w.org\/{rel}","templated":true}]}}