{"id":23329,"date":"2022-01-23T22:48:49","date_gmt":"2022-01-23T21:48:49","guid":{"rendered":"https:\/\/www.hml-fetish.de\/shop\/harnais-integral-avec-boutons-pressions\/"},"modified":"2025-01-15T14:00:18","modified_gmt":"2025-01-15T13:00:18","slug":"harnais-integral-avec-boutons-pressions","status":"publish","type":"product","link":"https:\/\/www.hml-fetish.de\/shop\/fr\/harnais-integral-avec-boutons-pressions\/","title":{"rendered":"Harnais int\u00e9gral avec boutons-pressions"},"content":{"rendered":"<p><P>Un harnais pour tout le corps, compos\u00e9 de sangles en cuir de b\u0153uf nappa de 3 cm ou 4 cm de large. Les sangles ont une \u00e9paisseur d&#8217;environ 2,6 mm. Avec le cuir que nous avons choisi pour elles et gr\u00e2ce \u00e0 notre mode de fabrication, elles sont souples et peuvent tout \u00e0 fait supporter des jeux un peu plus humides.<\/P><br \/>\n<P>Cette version fonctionne enti\u00e8rement avec des boutons-pression et est r\u00e9glable. La version avec des sangles de 3 cm de large se ferme avec une rang\u00e9e de boutons-pression, la version plus large avec deux rang\u00e9es. Elle est con\u00e7ue de mani\u00e8re \u00e0 ce que tu puisses porter uniquement la partie sup\u00e9rieure de ce harnais complet (la partie inf\u00e9rieure aussi, bien s\u00fbr). Les deux harnais sont accompagn\u00e9s d&#8217;un anneau en acier inoxydable de 50 mm de diam\u00e8tre int\u00e9rieur, ou de toute autre taille que tu nous indiqueras dans le champ de commentaire lors de la validation de ta commande.<br \/>\n<BR><img decoding=\"async\" src=\"\/GIF\/sizefr_unisex_up.gif\" alt=\"tableau des tailles\" title=\"tableau des tailles\" border=\"0\" height=\"194\" width=\"114\"><\/P><br \/>\n<P><B>S\u00e9curit\u00e9 du produit:<\/B><BR>.<br \/>\nIndication d&#8217;allergie : Mat\u00e9riau cuir de vachette, les parties m\u00e9talliques en contact avec la peau sont exemptes de rouille et de nickel<BR>.<br \/>\nPersonne responsable<BR><br \/>\nHML, propri\u00e9taire Dr. Detlef Moller<BR><br \/>\nNeukirchstra\u00dfe 18<BR><br \/>\n28215 Br\u00eame<BR><br \/>\nAllemagne<BR><br \/>\ninfo@hml-fetish.de<\/P><\/p>\n","protected":false},"excerpt":{"rendered":"<h4>Harnais int\u00e9gral avec boutons-pressions<\/h4>\n<p><P>Un harnais pour tout le corps, compos\u00e9 de sangles en cuir de b\u0153uf nappa de 3 cm ou 4 cm de large. Les sangles ont une \u00e9paisseur d&#8217;environ 2,6 mm. Avec le cuir que nous avons choisi pour elles et gr\u00e2ce \u00e0 notre mode de fabrication, elles sont souples et peuvent tout \u00e0 fait supporter des jeux un peu plus humides.<\/P><\/p>\n","protected":false},"featured_media":23282,"comment_status":"open","ping_status":"closed","template":"","meta":[],"product_brand":[],"product_cat":[732,597],"product_tag":[4400],"class_list":{"0":"post-23329","1":"product","2":"type-product","3":"status-publish","4":"has-post-thumbnail","6":"product_cat-best-seller","7":"product_cat-harnais","8":"product_tag-hml-fetish-original-fr","9":"product_shipping_class-colis-fr","11":"first","12":"instock","13":"taxable","14":"shipping-taxable","15":"purchasable","16":"product-type-variable"},"_links":{"self":[{"href":"https:\/\/www.hml-fetish.de\/shop\/fr\/wp-json\/wp\/v2\/product\/23329","targetHints":{"allow":["GET"]}}],"collection":[{"href":"https:\/\/www.hml-fetish.de\/shop\/fr\/wp-json\/wp\/v2\/product"}],"about":[{"href":"https:\/\/www.hml-fetish.de\/shop\/fr\/wp-json\/wp\/v2\/types\/product"}],"replies":[{"embeddable":true,"href":"https:\/\/www.hml-fetish.de\/shop\/fr\/wp-json\/wp\/v2\/comments?post=23329"}],"version-history":[{"count":0,"href":"https:\/\/www.hml-fetish.de\/shop\/fr\/wp-json\/wp\/v2\/product\/23329\/revisions"}],"wp:featuredmedia":[{"embeddable":true,"href":"https:\/\/www.hml-fetish.de\/shop\/fr\/wp-json\/wp\/v2\/media\/23282"}],"wp:attachment":[{"href":"https:\/\/www.hml-fetish.de\/shop\/fr\/wp-json\/wp\/v2\/media?parent=23329"}],"wp:term":[{"taxonomy":"product_brand","embeddable":true,"href":"https:\/\/www.hml-fetish.de\/shop\/fr\/wp-json\/wp\/v2\/product_brand?post=23329"},{"taxonomy":"product_cat","embeddable":true,"href":"https:\/\/www.hml-fetish.de\/shop\/fr\/wp-json\/wp\/v2\/product_cat?post=23329"},{"taxonomy":"product_tag","embeddable":true,"href":"https:\/\/www.hml-fetish.de\/shop\/fr\/wp-json\/wp\/v2\/product_tag?post=23329"}],"curies":[{"name":"wp","href":"https:\/\/api.w.org\/{rel}","templated":true}]}}